{"id":6970,"date":"2024-12-30T03:54:44","date_gmt":"2024-12-30T03:54:44","guid":{"rendered":"http:\/\/invadex.test\/?page_id=6970"},"modified":"2025-12-09T09:08:16","modified_gmt":"2025-12-09T09:08:16","slug":"hakkimizda","status":"publish","type":"page","link":"https:\/\/treusports.com\/tr\/hakkimizda\/","title":{"rendered":"Hakk\u0131m\u0131zda"},"content":{"rendered":"\t\t<div data-elementor-type=\"wp-page\" data-elementor-id=\"6970\" class=\"elementor elementor-6970\">\n\t\t\t\t        <section class=\"elementor-section elementor-top-section elementor-element elementor-element-676bfe7 elementor-section-boxed elementor-section-height-default elementor-section-height-default pxl-row-scroll-none pxl-zoom-point-false pxl-section-overflow-visible pxl-section-fix-none pxl-bg-color-none pxl-section-overlay-none\" data-id=\"676bfe7\" data-element_type=\"section\">\n\n                \n                <div class=\"elementor-container elementor-column-gap-extended \">\n                <div class=\"elementor-column elementor-col-100 elementor-top-column elementor-element elementor-element-ab0c704 pxl-column-none pxl-column-overflow-hidden-no\" data-id=\"ab0c704\" data-element_type=\"column\">\r\n        <div class=\"elementor-widget-wrap elementor-element-populated\">\r\n                     \r\n                <section class=\"elementor-section elementor-inner-section elementor-element elementor-element-825bcc8 elementor-section-full_width elementor-section-height-default elementor-section-height-default pxl-row-scroll-none pxl-zoom-point-false pxl-section-overflow-visible pxl-section-fix-none pxl-full-content-with-space-none pxl-bg-color-none pxl-section-overlay-none\" data-id=\"825bcc8\" data-element_type=\"section\">\n\n                \n                <div class=\"elementor-container elementor-column-gap-default \">\n                <div class=\"elementor-column elementor-col-50 elementor-inner-column elementor-element elementor-element-9c1c0de pxl-column-none pxl-column-overflow-hidden-no\" data-id=\"9c1c0de\" data-element_type=\"column\">\r\n        <div class=\"elementor-widget-wrap elementor-element-populated\">\r\n                     \r\n        \t\t<div class=\"elementor-element elementor-element-2827893 elementor-widget elementor-widget-pxl_heading\" data-id=\"2827893\" data-element_type=\"widget\" data-widget_type=\"pxl_heading.default\">\n\t\t\t\t<div class=\"elementor-widget-container\">\n\t\t\t\t\t\n<div id=\"pxl-pxl_heading-2827893-9874\" class=\"pxl-heading px-sub-title-box-style \">\n\t<div class=\"pxl-heading--inner\">\n\t\t\t\t\t<div class=\"pxl-item--subtitle px-sub-title-box \" data-wow-delay=\"ms\">\n\t\t\t\t<span class=\"pxl-item--subtext\">\n\t\t\t\t\t\t\t\t\t\t\t\t\t\t\t\t\t\t\t\t<span class=\" \">TREU SPORTS ORGANIZATION COMPANY<\/span>\n\t\t\t\t<\/span>\n\t\t\t<\/div>\n\t\t\n\t\t<h3 class=\"pxl-item--title style-default highlight-default pxl-split-text split-in-fade\" data-wow-delay=\"300ms\">\n\n\t\t\t<span class=\"pxl-heading--text \">\n\n\t\t\t\t\t\t\t\t\t\nBiz Kimiz?\t\n\t\t\t\t\t\n\n\t\t\t<\/span>\n\t\t<\/h3>\n\t\t\n\t<\/div>\n<\/div>\t\t\t\t<\/div>\n\t\t\t\t<\/div>\n\t\t\t\t<div class=\"elementor-element elementor-element-ebc27c4 elementor-widget elementor-widget-pxl_text_editor\" data-id=\"ebc27c4\" data-element_type=\"widget\" data-widget_type=\"pxl_text_editor.default\">\n\t\t\t\t<div class=\"elementor-widget-container\">\n\t\t\t\t\t<div class=\"pxl-text-editor highlight-gradient\">\n\t<div class=\"pxl-item--inner  \" data-wow-delay=\"ms\">\n\t\t<p>15 y\u0131l\u0131 a\u015fk\u0131n s\u00fcredir, profesyonel ve amat\u00f6r futbol kul\u00fcplerine y\u00f6nelik ulusal ve uluslararas\u0131 d\u00fczeyde spor organizasyonlar\u0131 d\u00fczenleyen \u00f6nc\u00fc bir yap\u0131y\u0131z. Kuruldu\u011fumuz g\u00fcnden bu yana, sahadaki rekabetin \u00f6tesine ge\u00e7erek kul\u00fcplerin ve organizasyonlar\u0131n markala\u015fma, uluslararas\u0131la\u015fma ve s\u00fcrd\u00fcr\u00fclebilir ba\u015far\u0131 yolculuklar\u0131nda \u00e7\u00f6z\u00fcm orta\u011f\u0131 oluyoruz.<\/p>\t\t\n\t<\/div>\n<\/div>\t\t\t\t<\/div>\n\t\t\t\t<\/div>\n\t\t            <\/div>\r\n        <\/div>\r\n                <div class=\"elementor-column elementor-col-50 elementor-inner-column elementor-element elementor-element-f8cb88d pxl-column-none pxl-column-overflow-hidden-no\" data-id=\"f8cb88d\" data-element_type=\"column\">\r\n        <div class=\"elementor-widget-wrap elementor-element-populated\">\r\n                     \r\n        \t\t<div class=\"elementor-element elementor-element-8febfb0 elementor-widget elementor-widget-pxl_heading\" data-id=\"8febfb0\" data-element_type=\"widget\" data-widget_type=\"pxl_heading.default\">\n\t\t\t\t<div class=\"elementor-widget-container\">\n\t\t\t\t\t\n<div id=\"pxl-pxl_heading-8febfb0-4308\" class=\"pxl-heading px-sub-title-box-style \">\n\t<div class=\"pxl-heading--inner\">\n\t\t\n\t\t<h6 class=\"pxl-item--title style-default highlight-default pxl-split-text split-in-fade\" data-wow-delay=\"300ms\">\n\n\t\t\t<span class=\"pxl-heading--text \">\n\n\t\t\t\t\t\t\t\t\tNe Sunuyoruz?\t\n\t\t\t\t\t\n\n\t\t\t<\/span>\n\t\t<\/h6>\n\t\t\n\t<\/div>\n<\/div>\t\t\t\t<\/div>\n\t\t\t\t<\/div>\n\t\t\t\t<div class=\"elementor-element elementor-element-0a99d3a elementor-widget elementor-widget-pxl_list\" data-id=\"0a99d3a\" data-element_type=\"widget\" data-widget_type=\"pxl_list.default\">\n\t\t\t\t<div class=\"elementor-widget-container\">\n\t\t\t\t\t    <div class=\"pxl-list pxl-list1 pxl-list-column \" data-wow-delay=\"ms\">\r\n                    <div class=\"pxl--item list-icon\">\r\n                <div class=\"pxl-item--meta\">\r\n                                                                <div class=\"pxl-item--icon pxl-icon--box \">\r\n                            <i aria-hidden=\"true\" class=\"far fa-check\"><\/i>                        <\/div>\r\n                                                        <\/div>\r\n                                    <div class=\"pxl-item--content\">\r\n                        <label class=\"pxl-empty\"><\/label>\r\n                        Avrupa standartlar\u0131nda kamplar, turnuvalar ve lig organizasyonlar\u0131\n\n                    <\/div>\r\n                            <\/div>\r\n                    <div class=\"pxl--item list-icon\">\r\n                <div class=\"pxl-item--meta\">\r\n                                                                <div class=\"pxl-item--icon pxl-icon--box \">\r\n                            <i aria-hidden=\"true\" class=\"far fa-check\"><\/i>                        <\/div>\r\n                                                        <\/div>\r\n                                    <div class=\"pxl-item--content\">\r\n                        <label class=\"pxl-empty\"><\/label>\r\n                        Profesyonel altyap\u0131: Tesisler, Hakem, saha, yay\u0131n, skor sistemi ve dijital takip                    <\/div>\r\n                            <\/div>\r\n                    <div class=\"pxl--item list-icon\">\r\n                <div class=\"pxl-item--meta\">\r\n                                                                <div class=\"pxl-item--icon pxl-icon--box \">\r\n                            <i aria-hidden=\"true\" class=\"far fa-check\"><\/i>                        <\/div>\r\n                                                        <\/div>\r\n                                    <div class=\"pxl-item--content\">\r\n                        <label class=\"pxl-empty\"><\/label>\r\n                        Uluslararas\u0131 i\u015f birlikleri ve en modern hizmetlere eri\u015fim                    <\/div>\r\n                            <\/div>\r\n                    <div class=\"pxl--item list-icon\">\r\n                <div class=\"pxl-item--meta\">\r\n                                                                <div class=\"pxl-item--icon pxl-icon--box \">\r\n                            <i aria-hidden=\"true\" class=\"far fa-check\"><\/i>                        <\/div>\r\n                                                        <\/div>\r\n                                    <div class=\"pxl-item--content\">\r\n                        <label class=\"pxl-empty\"><\/label>\r\n                        Kul\u00fcpler i\u00e7in marka g\u00f6r\u00fcn\u00fcrl\u00fc\u011f\u00fc ve sponsorluk destekleri                    <\/div>\r\n                            <\/div>\r\n                    <div class=\"pxl--item list-icon\">\r\n                <div class=\"pxl-item--meta\">\r\n                                                                <div class=\"pxl-item--icon pxl-icon--box \">\r\n                            <i aria-hidden=\"true\" class=\"far fa-check\"><\/i>                        <\/div>\r\n                                                        <\/div>\r\n                                    <div class=\"pxl-item--content\">\r\n                        <label class=\"pxl-empty\"><\/label>\r\n                        Tak\u0131m i\u00e7i deneyimi g\u00fc\u00e7lendiren modern spor ortamlar\u0131                    <\/div>\r\n                            <\/div>\r\n            <\/div>\r\n\t\t\t\t<\/div>\n\t\t\t\t<\/div>\n\t\t\t\t<div class=\"elementor-element elementor-element-0a318d1 elementor-widget-divider--view-line elementor-widget elementor-widget-divider\" data-id=\"0a318d1\" data-element_type=\"widget\" data-widget_type=\"divider.default\">\n\t\t\t\t<div class=\"elementor-widget-container\">\n\t\t\t\t\t\t\t<div class=\"elementor-divider\">\n\t\t\t<span class=\"elementor-divider-separator\">\n\t\t\t\t\t\t<\/span>\n\t\t<\/div>\n\t\t\t\t\t\t<\/div>\n\t\t\t\t<\/div>\n\t\t\t\t<div class=\"elementor-element elementor-element-ab69081 elementor-widget__width-auto elementor-align-center elementor-widget-mobile__width-inherit elementor-widget elementor-widget-pxl_button\" data-id=\"ab69081\" data-element_type=\"widget\" data-widget_type=\"pxl_button.default\">\n\t\t\t\t<div class=\"elementor-widget-container\">\n\t\t\t\t\t<div id=\"pxl-pxl_button-ab69081-1616\" class=\"pxl-button pxl-atc-link wow PXLfadeInUp\" data-wow-delay=\"60ms\">\r\n    <a href=\"\/talep-formu\" class=\"btn pxl-icon-active btn-block-inline btn-text-nina btn-default pxl-icon--left\">\r\n                \r\n                    <span class=\"pxl--btn-text\" data-text=\"Talebinizi iletin\">\r\n                <span>T<\/span><span>a<\/span><span>l<\/span><span>e<\/span><span>b<\/span><span>i<\/span><span>n<\/span><span>i<\/span><span>z<\/span><span>i<\/span><span class=\"spacer\">&nbsp;<\/span><span>i<\/span><span>l<\/span><span>e<\/span><span>t<\/span><span>i<\/span><span>n<\/span>            <\/span>\r\n            <\/a>\r\n<\/div>\t\t\t\t<\/div>\n\t\t\t\t<\/div>\n\t\t\t\t<div class=\"elementor-element elementor-element-78a188b elementor-widget__width-auto elementor-widget-mobile__width-inherit elementor-widget elementor-widget-pxl_link\" data-id=\"78a188b\" data-element_type=\"widget\" data-widget_type=\"pxl_link.default\">\n\t\t\t\t<div class=\"elementor-widget-container\">\n\t\t\t\t\t<div class=\"pxl-link-wrap\">\n    <h3 class=\"pxl-widget-title pxl-empty\"><\/h3>\n            <ul id=\"pxl-link-pxl_link-78a188b-8214\" class=\"pxl-link pxl-link-l1 style-default type-vertical\">\n                            <li class=\"pxl-item--link  wow fadeInUp\">\n                    <a class=\"\" href=\"tel:+491723052800\">\n                                                    <span class=\"pxl-link--icon bg-normal\">\n                                <i aria-hidden=\"true\" class=\"flaticon flaticon-incoming-call\"><\/i>                            <\/span>\n                                                                        <span class=\"pxl-link--text\" >7\/24 Destek: +491723052800<\/span>\n                    <\/a>\n                <\/li>\n                    <\/ul>\n    <\/div>\t\t\t\t<\/div>\n\t\t\t\t<\/div>\n\t\t            <\/div>\r\n        <\/div>\r\n        \t\t\t<\/div>\n\t\t<\/section>\n\t\t        <section class=\"elementor-section elementor-inner-section elementor-element elementor-element-dee8564 elementor-section-full_width elementor-section-height-default elementor-section-height-default pxl-row-scroll-none pxl-zoom-point-false pxl-section-overflow-visible pxl-section-fix-none pxl-full-content-with-space-none pxl-bg-color-none pxl-section-overlay-none\" data-id=\"dee8564\" data-element_type=\"section\">\n\n                \n                <div class=\"elementor-container elementor-column-gap-extended \">\n                <div class=\"elementor-column elementor-col-50 elementor-inner-column elementor-element elementor-element-cd84733 pxl-column-none pxl-column-overflow-hidden-no\" data-id=\"cd84733\" data-element_type=\"column\">\r\n        <div class=\"elementor-widget-wrap\">\r\n                     \r\n                    <\/div>\r\n        <\/div>\r\n                <div class=\"elementor-column elementor-col-50 elementor-inner-column elementor-element elementor-element-0c5d935 pxl-column-none pxl-column-overflow-hidden-no\" data-id=\"0c5d935\" data-element_type=\"column\">\r\n        <div class=\"elementor-widget-wrap elementor-element-populated\">\r\n                     \r\n        \t\t<div class=\"elementor-element elementor-element-e097901 video-clip-path-2 elementor-hidden-mobile elementor-hidden-tablet elementor-hidden-mobile_extra elementor-widget elementor-widget-spacer\" data-id=\"e097901\" data-element_type=\"widget\" data-widget_type=\"spacer.default\">\n\t\t\t\t<div class=\"elementor-widget-container\">\n\t\t\t\t\t\t\t<div class=\"elementor-spacer\">\n\t\t\t<div class=\"elementor-spacer-inner\"><\/div>\n\t\t<\/div>\n\t\t\t\t\t\t<\/div>\n\t\t\t\t<\/div>\n\t\t            <\/div>\r\n        <\/div>\r\n        \t\t\t<\/div>\n\t\t<\/section>\n\t\t        <section class=\"elementor-section elementor-inner-section elementor-element elementor-element-64831d5 elementor-section-full_width elementor-section-height-default elementor-section-height-default pxl-row-scroll-none pxl-zoom-point-false pxl-section-overflow-visible pxl-section-fix-none pxl-full-content-with-space-none pxl-bg-color-none pxl-section-overlay-none\" data-id=\"64831d5\" data-element_type=\"section\">\n\n                \n                <div class=\"elementor-container elementor-column-gap-extended \">\n                <div class=\"elementor-column elementor-col-100 elementor-inner-column elementor-element elementor-element-695a7d5 pxl-column-none pxl-column-overflow-hidden-no\" data-id=\"695a7d5\" data-element_type=\"column\">\r\n        <div class=\"elementor-widget-wrap elementor-element-populated\">\r\n                     \r\n        \t\t<div class=\"elementor-element elementor-element-721e6f3 elementor-widget elementor-widget-pxl_video_player\" data-id=\"721e6f3\" data-element_type=\"widget\" data-widget_type=\"pxl_video_player.default\">\n\t\t\t\t<div class=\"elementor-widget-container\">\n\t\t\t\t\t<div class=\"pxl-video-player pxl-video-player1 pxl-video-style1 \" data-wow-delay=\"ms\">\r\n    <div class=\"pxl-video--inner\">\r\n                    <div class=\"pxl-video--holder\">\r\n                                    <div class=\"pxl-video--imagebg\">\r\n                        <div class=\"bg-image\" style=\"background-image: url(https:\/\/treusports.com\/wp-content\/uploads\/2025\/06\/tournament-treu.jpg);\"><\/div>\r\n                    <\/div>\r\n                            <\/div>\r\n                                    <\/div>\r\n<\/div>\t\t\t\t<\/div>\n\t\t\t\t<\/div>\n\t\t            <\/div>\r\n        <\/div>\r\n        \t\t\t<\/div>\n\t\t<\/section>\n\t\t            <\/div>\r\n        <\/div>\r\n        \t\t\t<\/div>\n\t\t<\/section>\n\t\t        <section class=\"elementor-section elementor-top-section elementor-element elementor-element-c59d7ec elementor-section-stretched elementor-section-boxed elementor-section-height-default elementor-section-height-default pxl-row-scroll-none pxl-zoom-point-false pxl-section-overflow-visible pxl-section-fix-none pxl-bg-color-none pxl-section-overlay-none\" data-id=\"c59d7ec\" data-element_type=\"section\" data-settings=\"{&quot;stretch_section&quot;:&quot;section-stretched&quot;}\">\n\n                \n                <div class=\"elementor-container elementor-column-gap-extended \">\n                <div class=\"elementor-column elementor-col-100 elementor-top-column elementor-element elementor-element-5ad490f pxl-column-none pxl-column-overflow-hidden-no\" data-id=\"5ad490f\" data-element_type=\"column\">\r\n        <div class=\"elementor-widget-wrap elementor-element-populated\">\r\n                     \r\n                <section class=\"elementor-section elementor-inner-section elementor-element elementor-element-f015d59 elementor-section-boxed elementor-section-height-default elementor-section-height-default pxl-row-scroll-none pxl-zoom-point-false pxl-section-overflow-visible pxl-section-fix-none pxl-bg-color-none pxl-section-overlay-none\" data-id=\"f015d59\" data-element_type=\"section\" data-settings=\"{&quot;background_background&quot;:&quot;gradient&quot;}\">\n\n                \n                <div class=\"elementor-container elementor-column-gap-default \">\n                <div class=\"elementor-column elementor-col-50 elementor-inner-column elementor-element elementor-element-1417df1 pxl-column-none pxl-column-overflow-hidden-no\" data-id=\"1417df1\" data-element_type=\"column\">\r\n        <div class=\"elementor-widget-wrap elementor-element-populated\">\r\n                     \r\n        \t\t<div class=\"elementor-element elementor-element-ef1d6f6 elementor-widget elementor-widget-pxl_heading\" data-id=\"ef1d6f6\" data-element_type=\"widget\" data-widget_type=\"pxl_heading.default\">\n\t\t\t\t<div class=\"elementor-widget-container\">\n\t\t\t\t\t\n<div id=\"pxl-pxl_heading-ef1d6f6-5028\" class=\"pxl-heading px-sub-title-box-style \">\n\t<div class=\"pxl-heading--inner\">\n\t\t\t\t\t<div class=\"pxl-item--subtitle px-sub-title-box \" data-wow-delay=\"ms\">\n\t\t\t\t<span class=\"pxl-item--subtext\">\n\t\t\t\t\t\t\t\t\t\t\t\t\t\t\t\t\t\t\t\t<span class=\" \">TREU SPORTS ORGANIZATION COMPANY<\/span>\n\t\t\t\t<\/span>\n\t\t\t<\/div>\n\t\t\n\t\t<h3 class=\"pxl-item--title style-default highlight-default pxl-split-text split-in-fade\" data-wow-delay=\"300ms\">\n\n\t\t\t<span class=\"pxl-heading--text \">\n\n\t\t\t\t\t\t\t\t\tDe\u011ferlerimiz\n\t\n\t\t\t\t\t\n\n\t\t\t<\/span>\n\t\t<\/h3>\n\t\t\n\t<\/div>\n<\/div>\t\t\t\t<\/div>\n\t\t\t\t<\/div>\n\t\t            <\/div>\r\n        <\/div>\r\n                <div class=\"elementor-column elementor-col-50 elementor-inner-column elementor-element elementor-element-ea7ad3c pxl-column-none pxl-column-overflow-hidden-no\" data-id=\"ea7ad3c\" data-element_type=\"column\">\r\n        <div class=\"elementor-widget-wrap elementor-element-populated\">\r\n                     \r\n        \t\t<div class=\"elementor-element elementor-element-9a97fe4 elementor-widget elementor-widget-pxl_accordion\" data-id=\"9a97fe4\" data-element_type=\"widget\" data-widget_type=\"pxl_accordion.default\">\n\t\t\t\t<div class=\"elementor-widget-container\">\n\t\t\t\t\t    <div class=\"pxl-accordion pxl-accordion1 style-2 \" data-wow-delay=\"ms\">\r\n                    <div class=\"pxl--item\">\r\n                <div class=\"active\">\r\n                    <h5 class=\"pxl-accordion--title\" data-target=\"#pxl_accordion-9a97fe4-6719-af05df3\">\r\n                        <div class=\"pxl-title--number pxl-empty\"><\/div>\r\n                                                <span class=\"pxl-title--text\">Misyonumuz<\/span>\r\n                                            <span class=\"pxl-icon--action\"><span class=\"pxl-icon--plus\"><span><\/span><\/span><\/span>                    <\/h5>\r\n                    <div id=\"pxl_accordion-9a97fe4-6719-af05df3\" class=\"pxl-accordion--content\" style=\"display: block;\">Kul\u00fcplerin ve sporcular\u0131n organizasyonel ve sportif geli\u015fimini destekleyerek sporun profesyonelce y\u00f6netildi\u011fi, rekabetin kaliteli oldu\u011fu, herkes i\u00e7in eri\u015filebilir bir spor a\u011f\u0131 kurmak.<br \/>\n<br \/>\n<\/div>\r\n                <\/div>\r\n            <\/div>\r\n                    <div class=\"pxl--item\">\r\n                <div class=\"\">\r\n                    <h5 class=\"pxl-accordion--title\" data-target=\"#pxl_accordion-9a97fe4-6719-feec45b\">\r\n                        <div class=\"pxl-title--number pxl-empty\"><\/div>\r\n                                                <span class=\"pxl-title--text\">Vizyonumuz<\/span>\r\n                                            <span class=\"pxl-icon--action\"><span class=\"pxl-icon--plus\"><span><\/span><\/span><\/span>                    <\/h5>\r\n                    <div id=\"pxl_accordion-9a97fe4-6719-feec45b\" class=\"pxl-accordion--content\" >D\u00fcnya \u00e7ap\u0131nda tan\u0131nan, g\u00fcvenilen ve tercih edilen bir spor organizasyon markas\u0131 olmak.<br \/>\n<br \/>\n<\/div>\r\n                <\/div>\r\n            <\/div>\r\n                    <div class=\"pxl--item\">\r\n                <div class=\"\">\r\n                    <h5 class=\"pxl-accordion--title\" data-target=\"#pxl_accordion-9a97fe4-6719-b135227\">\r\n                        <div class=\"pxl-title--number pxl-empty\"><\/div>\r\n                                                <span class=\"pxl-title--text\">Kul\u00fcb\u00fcn\u00fcz\u00fc bir ad\u0131m ileri ta\u015f\u0131y\u0131n!<\/span>\r\n                                            <span class=\"pxl-icon--action\"><span class=\"pxl-icon--plus\"><span><\/span><\/span><\/span>                    <\/h5>\r\n                    <div id=\"pxl_accordion-9a97fe4-6719-b135227\" class=\"pxl-accordion--content\" >Profesyonellerin aras\u0131na kat\u0131l\u0131n, tak\u0131m\u0131n\u0131za uluslararas\u0131 g\u00f6r\u00fcn\u00fcrl\u00fck kazand\u0131r\u0131n ve fark yaratan organizasyonlarla gelece\u011fe emin ad\u0131mlarla ilerleyin.<br \/>\n<br \/>\n<\/div>\r\n                <\/div>\r\n            <\/div>\r\n            <\/div>\r\n\t\t\t\t<\/div>\n\t\t\t\t<\/div>\n\t\t            <\/div>\r\n        <\/div>\r\n        \t\t\t<\/div>\n\t\t<\/section>\n\t\t            <\/div>\r\n        <\/div>\r\n        \t\t\t<\/div>\n\t\t<\/section>\n\t\t\t\t<\/div>\n\t\t","protected":false},"excerpt":{"rendered":"<p>TREU SPORTS ORGANIZATION COMPANY Biz Kimiz? 15 y\u0131l\u0131 a\u015fk\u0131n s\u00fcredir, profesyonel ve amat\u00f6r futbol kul\u00fcplerine y\u00f6nelik ulusal ve uluslararas\u0131 d\u00fczeyde spor organizasyonlar\u0131 d\u00fczenleyen \u00f6nc\u00fc bir yap\u0131y\u0131z. Kuruldu\u011fumuz g\u00fcnden bu yana, sahadaki rekabetin \u00f6tesine ge\u00e7erek kul\u00fcplerin ve organizasyonlar\u0131n markala\u015fma, uluslararas\u0131la\u015fma ve s\u00fcrd\u00fcr\u00fclebilir ba\u015far\u0131 yolculuklar\u0131nda \u00e7\u00f6z\u00fcm orta\u011f\u0131 oluyoruz. Ne Sunuyoruz? Avrupa standartlar\u0131nda kamplar, turnuvalar ve lig organizasyonlar\u0131 [&hellip;]<\/p>\n","protected":false},"author":1,"featured_media":0,"parent":0,"menu_order":0,"comment_status":"closed","ping_status":"closed","template":"","meta":{"_eb_attr":"","footnotes":""},"class_list":["post-6970","page","type-page","status-publish","hentry"],"_links":{"self":[{"href":"https:\/\/treusports.com\/tr\/wp-json\/wp\/v2\/pages\/6970","targetHints":{"allow":["GET"]}}],"collection":[{"href":"https:\/\/treusports.com\/tr\/wp-json\/wp\/v2\/pages"}],"about":[{"href":"https:\/\/treusports.com\/tr\/wp-json\/wp\/v2\/types\/page"}],"author":[{"embeddable":true,"href":"https:\/\/treusports.com\/tr\/wp-json\/wp\/v2\/users\/1"}],"replies":[{"embeddable":true,"href":"https:\/\/treusports.com\/tr\/wp-json\/wp\/v2\/comments?post=6970"}],"version-history":[{"count":21,"href":"https:\/\/treusports.com\/tr\/wp-json\/wp\/v2\/pages\/6970\/revisions"}],"predecessor-version":[{"id":24053,"href":"https:\/\/treusports.com\/tr\/wp-json\/wp\/v2\/pages\/6970\/revisions\/24053"}],"wp:attachment":[{"href":"https:\/\/treusports.com\/tr\/wp-json\/wp\/v2\/media?parent=6970"}],"curies":[{"name":"wp","href":"https:\/\/api.w.org\/{rel}","templated":true}]}}