{"id":5117,"date":"2024-12-17T07:13:03","date_gmt":"2024-12-17T07:13:03","guid":{"rendered":"http:\/\/invadex.test\/?page_id=5117"},"modified":"2025-06-08T23:46:20","modified_gmt":"2025-06-08T23:46:20","slug":"partnerimiz-olun","status":"publish","type":"page","link":"https:\/\/treusports.com\/tr\/partnerimiz-olun\/","title":{"rendered":"Partnerimiz Olun"},"content":{"rendered":"\t\t<div data-elementor-type=\"wp-page\" data-elementor-id=\"5117\" class=\"elementor elementor-5117\">\n\t\t\t\t        <section class=\"elementor-section elementor-top-section elementor-element elementor-element-a828efd elementor-section-full_width elementor-section-stretched kurumsal elementor-section-height-default elementor-section-height-default pxl-row-scroll-none pxl-zoom-point-false pxl-section-overflow-visible pxl-section-fix-none pxl-full-content-with-space-none pxl-bg-color-none pxl-section-overlay-none\" data-id=\"a828efd\" data-element_type=\"section\" id=\"kurumsal\" data-settings=\"{&quot;stretch_section&quot;:&quot;section-stretched&quot;}\">\n\n                \n                <div class=\"elementor-container elementor-column-gap-extended \">\n                <div class=\"elementor-column elementor-col-100 elementor-top-column elementor-element elementor-element-4454c54 pxl-column-none pxl-column-overflow-hidden-no\" data-id=\"4454c54\" data-element_type=\"column\" data-settings=\"{&quot;background_background&quot;:&quot;classic&quot;}\">\r\n        <div class=\"elementor-widget-wrap elementor-element-populated\">\r\n                     \r\n        \t\t<div class=\"elementor-element elementor-element-5565d43 elementor-widget__width-auto elementor-absolute elementor-hidden-tablet_extra elementor-hidden-tablet elementor-hidden-mobile_extra elementor-hidden-mobile elementor-widget elementor-widget-pxl_block_blur\" data-id=\"5565d43\" data-element_type=\"widget\" data-settings=\"{&quot;_position&quot;:&quot;absolute&quot;}\" data-widget_type=\"pxl_block_blur.default\">\n\t\t\t\t<div class=\"elementor-widget-container\">\n\t\t\t\t\t<div class=\"pxl-block-blur\">\n    <div class=\"wrap-block\">\n        <span class=\"block wow fadeInScale\"><\/span>\n        <span class=\"block wow fadeInScale\"><\/span>\n        <span class=\"block wow fadeInScale\"><\/span>\n        <span class=\"block wow fadeInScale\"><\/span>\n        <span class=\"block wow fadeInScale\"><\/span>\n        <span class=\"block wow fadeInScale\"><\/span>\n    <\/div>\n<\/div>\t\t\t\t<\/div>\n\t\t\t\t<\/div>\n\t\t        <section class=\"elementor-section elementor-inner-section elementor-element elementor-element-bbaecda elementor-section-full_width pxl-row-scroll-fixed elementor-section-height-default elementor-section-height-default pxl-zoom-point-false pxl-section-overflow-visible pxl-section-fix-none pxl-full-content-with-space-none pxl-bg-color-none pxl-section-overlay-none\" data-id=\"bbaecda\" data-element_type=\"section\">\n\n                \n                <div class=\"elementor-container elementor-column-gap-default \">\n                <div class=\"elementor-column elementor-col-50 elementor-inner-column elementor-element elementor-element-e7d5d5d pxl-column-sticky pxl-column-overflow-hidden-no\" data-id=\"e7d5d5d\" data-element_type=\"column\">\r\n        <div class=\"elementor-widget-wrap elementor-element-populated\">\r\n                     \r\n        \t\t<div class=\"elementor-element elementor-element-6a04e27 elementor-widget elementor-widget-pxl_heading\" data-id=\"6a04e27\" data-element_type=\"widget\" data-widget_type=\"pxl_heading.default\">\n\t\t\t\t<div class=\"elementor-widget-container\">\n\t\t\t\t\t\n<div id=\"pxl-pxl_heading-6a04e27-2523\" class=\"pxl-heading px-sub-title-box-style \">\n\t<div class=\"pxl-heading--inner\">\n\t\t\t\t\t<div class=\"pxl-item--subtitle px-sub-title-box \" data-wow-delay=\"ms\">\n\t\t\t\t<span class=\"pxl-item--subtext\">\n\t\t\t\t\t\t\t\t\t\t\t\t\t\t\t\t\t\t\t\t<span class=\" \">Parterimiz Olun<\/span>\n\t\t\t\t<\/span>\n\t\t\t<\/div>\n\t\t\n\t\t<h3 class=\"pxl-item--title style-default highlight-default pxl-split-text split-in-fade\" data-wow-delay=\"300ms\">\n\n\t\t\t<span class=\"pxl-heading--text \">\n\n\t\t\t\t\t\t\t\t\tKurumsal\t\n\t\t\t\t\t\n\n\t\t\t<\/span>\n\t\t<\/h3>\n\t\t\n\t<\/div>\n<\/div>\t\t\t\t<\/div>\n\t\t\t\t<\/div>\n\t\t            <\/div>\r\n        <\/div>\r\n                <div class=\"elementor-column elementor-col-50 elementor-inner-column elementor-element elementor-element-ac1ddc9 pxl-column-none pxl-column-overflow-hidden-no\" data-id=\"ac1ddc9\" data-element_type=\"column\">\r\n        <div class=\"elementor-widget-wrap elementor-element-populated\">\r\n                     \r\n        \t\t<div class=\"elementor-element elementor-element-1925fad pxl-post-layout-service-2 elementor-widget elementor-widget-pxl_post_grid\" data-id=\"1925fad\" data-element_type=\"widget\" data-widget_type=\"pxl_post_grid.default\">\n\t\t\t\t<div class=\"elementor-widget-container\">\n\t\t\t\t\t\n<div id=\"pxl_post_grid-1925fad-1224\" class=\"pxl-grid pxl-service-grid pxl-service-grid-layout2 pxl-service-style1\" data-start-page=\"1\" data-max-pages=\"1\" data-total=\"8\" data-perpage=\"8\" data-next-link=\"\">\n    \n    <div class=\"pxl-grid-inner pxl-grid-masonry row\" data-gutter=\"15\">\n                    <div class=\"pxl-grid-item col-xl-6 col-lg-6 col-md-6 col-sm-12 col-12 kurumsal\">\r\n                <div class=\"pxl-post--inner wow fadeInUp\" data-wow-duration=\"1.2s\">\r\n                                                                <div class=\"pxl-post--icon pxl-fl-middle\">\r\n                            <img decoding=\"async\" width=\"48\" height=\"48\" src=\"https:\/\/treusports.com\/wp-content\/uploads\/2025\/01\/spor-kulubu2.svg\" class=\"attachment-full\" alt=\"\" \/>                        <\/div>\r\n                                        <a class=\"pxl-post--link\" href=\"https:\/\/treusports.com\/tr\/partnerlik\/spor-kulupleri\/\"><\/a>\r\n                    <div class=\"pxl-post--holder\">\r\n                        <h3 class=\"pxl-post--title\">\r\n                            <a href=\"https:\/\/treusports.com\/tr\/partnerlik\/spor-kulupleri\/\">Spor Kul\u00fcpleri<\/a>\r\n                        <\/h3>\r\n                                                                            <a href=\"https:\/\/treusports.com\/tr\/partnerlik\/spor-kulupleri\/\">\r\n                                <div class=\"pxl-post--readmore\">\r\n                                    <span>\r\n                                        Read more\r\n                                    <\/span>\r\n                                    <i class=\"flaticon-long-arrow-right rtl-reverse\"><\/i>\r\n                                <\/div>\r\n                            <\/a>\r\n                                            <\/div>\r\n                <\/div>\r\n            <\/div>\r\n                    <div class=\"pxl-grid-item col-xl-6 col-lg-6 col-md-6 col-sm-12 col-12 kurumsal\">\r\n                <div class=\"pxl-post--inner wow fadeInUp\" data-wow-duration=\"1.2s\">\r\n                                            <div class=\"pxl-post--icon pxl-fl-middle\">\r\n                            <i class=\"fal fa-hotel\"><\/i>\r\n                        <\/div>\r\n                                                            <a class=\"pxl-post--link\" href=\"https:\/\/treusports.com\/tr\/partnerlik\/oteller\/\"><\/a>\r\n                    <div class=\"pxl-post--holder\">\r\n                        <h3 class=\"pxl-post--title\">\r\n                            <a href=\"https:\/\/treusports.com\/tr\/partnerlik\/oteller\/\">Oteller<\/a>\r\n                        <\/h3>\r\n                                                                            <a href=\"https:\/\/treusports.com\/tr\/partnerlik\/oteller\/\">\r\n                                <div class=\"pxl-post--readmore\">\r\n                                    <span>\r\n                                        Read more\r\n                                    <\/span>\r\n                                    <i class=\"flaticon-long-arrow-right rtl-reverse\"><\/i>\r\n                                <\/div>\r\n                            <\/a>\r\n                                            <\/div>\r\n                <\/div>\r\n            <\/div>\r\n                    <div class=\"pxl-grid-item col-xl-6 col-lg-6 col-md-6 col-sm-12 col-12 kurumsal\">\r\n                <div class=\"pxl-post--inner wow fadeInUp\" data-wow-duration=\"1.2s\">\r\n                                                                <div class=\"pxl-post--icon pxl-fl-middle\">\r\n                            <img decoding=\"async\" width=\"48\" height=\"48\" src=\"https:\/\/treusports.com\/wp-content\/uploads\/2025\/01\/stadyum3.svg\" class=\"attachment-full\" alt=\"\" \/>                        <\/div>\r\n                                        <a class=\"pxl-post--link\" href=\"https:\/\/treusports.com\/tr\/partnerlik\/spor-tesisleri\/\"><\/a>\r\n                    <div class=\"pxl-post--holder\">\r\n                        <h3 class=\"pxl-post--title\">\r\n                            <a href=\"https:\/\/treusports.com\/tr\/partnerlik\/spor-tesisleri\/\">Spor Tesisleri<\/a>\r\n                        <\/h3>\r\n                                                                            <a href=\"https:\/\/treusports.com\/tr\/partnerlik\/spor-tesisleri\/\">\r\n                                <div class=\"pxl-post--readmore\">\r\n                                    <span>\r\n                                        Read more\r\n                                    <\/span>\r\n                                    <i class=\"flaticon-long-arrow-right rtl-reverse\"><\/i>\r\n                                <\/div>\r\n                            <\/a>\r\n                                            <\/div>\r\n                <\/div>\r\n            <\/div>\r\n                    <div class=\"pxl-grid-item col-xl-6 col-lg-6 col-md-6 col-sm-12 col-12 kurumsal\">\r\n                <div class=\"pxl-post--inner wow fadeInUp\" data-wow-duration=\"1.2s\">\r\n                                            <div class=\"pxl-post--icon pxl-fl-middle\">\r\n                            <i class=\"far fa-plane-departure\"><\/i>\r\n                        <\/div>\r\n                                                            <a class=\"pxl-post--link\" href=\"https:\/\/treusports.com\/tr\/partnerlik\/seyahat-acenteleri\/\"><\/a>\r\n                    <div class=\"pxl-post--holder\">\r\n                        <h3 class=\"pxl-post--title\">\r\n                            <a href=\"https:\/\/treusports.com\/tr\/partnerlik\/seyahat-acenteleri\/\">Seyahat Acenteleri<\/a>\r\n                        <\/h3>\r\n                                                                            <a href=\"https:\/\/treusports.com\/tr\/partnerlik\/seyahat-acenteleri\/\">\r\n                                <div class=\"pxl-post--readmore\">\r\n                                    <span>\r\n                                        Read more\r\n                                    <\/span>\r\n                                    <i class=\"flaticon-long-arrow-right rtl-reverse\"><\/i>\r\n                                <\/div>\r\n                            <\/a>\r\n                                            <\/div>\r\n                <\/div>\r\n            <\/div>\r\n                    <div class=\"pxl-grid-item col-xl-6 col-lg-6 col-md-6 col-sm-12 col-12 kurumsal\">\r\n                <div class=\"pxl-post--inner wow fadeInUp\" data-wow-duration=\"1.2s\">\r\n                                                                <div class=\"pxl-post--icon pxl-fl-middle\">\r\n                            <img decoding=\"async\" width=\"48\" height=\"48\" src=\"https:\/\/treusports.com\/wp-content\/uploads\/2025\/01\/spor-acenteleri2.svg\" class=\"attachment-full\" alt=\"\" \/>                        <\/div>\r\n                                        <a class=\"pxl-post--link\" href=\"https:\/\/treusports.com\/tr\/partnerlik\/spor-acenteleri\/\"><\/a>\r\n                    <div class=\"pxl-post--holder\">\r\n                        <h3 class=\"pxl-post--title\">\r\n                            <a href=\"https:\/\/treusports.com\/tr\/partnerlik\/spor-acenteleri\/\">Spor Acenteleri<\/a>\r\n                        <\/h3>\r\n                                                                            <a href=\"https:\/\/treusports.com\/tr\/partnerlik\/spor-acenteleri\/\">\r\n                                <div class=\"pxl-post--readmore\">\r\n                                    <span>\r\n                                        Read more\r\n                                    <\/span>\r\n                                    <i class=\"flaticon-long-arrow-right rtl-reverse\"><\/i>\r\n                                <\/div>\r\n                            <\/a>\r\n                                            <\/div>\r\n                <\/div>\r\n            <\/div>\r\n                    <div class=\"pxl-grid-item col-xl-6 col-lg-6 col-md-6 col-sm-12 col-12 kurumsal\">\r\n                <div class=\"pxl-post--inner wow fadeInUp\" data-wow-duration=\"1.2s\">\r\n                                                                <div class=\"pxl-post--icon pxl-fl-middle\">\r\n                            <img loading=\"lazy\" decoding=\"async\" width=\"48\" height=\"48\" src=\"https:\/\/treusports.com\/wp-content\/uploads\/2025\/01\/spor-acenteleri-1.svg\" class=\"attachment-full\" alt=\"\" \/>                        <\/div>\r\n                                        <a class=\"pxl-post--link\" href=\"https:\/\/treusports.com\/tr\/partnerlik\/sponsorluk-firmalari\/\"><\/a>\r\n                    <div class=\"pxl-post--holder\">\r\n                        <h3 class=\"pxl-post--title\">\r\n                            <a href=\"https:\/\/treusports.com\/tr\/partnerlik\/sponsorluk-firmalari\/\">Sponsorluk Firmalar\u0131<\/a>\r\n                        <\/h3>\r\n                                                                            <a href=\"https:\/\/treusports.com\/tr\/partnerlik\/sponsorluk-firmalari\/\">\r\n                                <div class=\"pxl-post--readmore\">\r\n                                    <span>\r\n                                        Read more\r\n                                    <\/span>\r\n                                    <i class=\"flaticon-long-arrow-right rtl-reverse\"><\/i>\r\n                                <\/div>\r\n                            <\/a>\r\n                                            <\/div>\r\n                <\/div>\r\n            <\/div>\r\n                    <div class=\"pxl-grid-item col-xl-6 col-lg-6 col-md-6 col-sm-12 col-12 kurumsal\">\r\n                <div class=\"pxl-post--inner wow fadeInUp\" data-wow-duration=\"1.2s\">\r\n                                                                <div class=\"pxl-post--icon pxl-fl-middle\">\r\n                            <img loading=\"lazy\" decoding=\"async\" width=\"512\" height=\"512\" src=\"https:\/\/treusports.com\/wp-content\/uploads\/2025\/01\/medya-kuruluslari2.svg\" class=\"attachment-full\" alt=\"\" \/>                        <\/div>\r\n                                        <a class=\"pxl-post--link\" href=\"https:\/\/treusports.com\/tr\/partnerlik\/medya-kuruluslari\/\"><\/a>\r\n                    <div class=\"pxl-post--holder\">\r\n                        <h3 class=\"pxl-post--title\">\r\n                            <a href=\"https:\/\/treusports.com\/tr\/partnerlik\/medya-kuruluslari\/\">Medya Kurulu\u015flar\u0131<\/a>\r\n                        <\/h3>\r\n                                                                            <a href=\"https:\/\/treusports.com\/tr\/partnerlik\/medya-kuruluslari\/\">\r\n                                <div class=\"pxl-post--readmore\">\r\n                                    <span>\r\n                                        Read more\r\n                                    <\/span>\r\n                                    <i class=\"flaticon-long-arrow-right rtl-reverse\"><\/i>\r\n                                <\/div>\r\n                            <\/a>\r\n                                            <\/div>\r\n                <\/div>\r\n            <\/div>\r\n                    <div class=\"pxl-grid-item col-xl-6 col-lg-6 col-md-6 col-sm-12 col-12 kurumsal\">\r\n                <div class=\"pxl-post--inner wow fadeInUp\" data-wow-duration=\"1.2s\">\r\n                                                                <div class=\"pxl-post--icon pxl-fl-middle\">\r\n                            <img loading=\"lazy\" decoding=\"async\" width=\"48\" height=\"48\" src=\"https:\/\/treusports.com\/wp-content\/uploads\/2025\/01\/ekipman.svg\" class=\"attachment-full\" alt=\"\" \/>                        <\/div>\r\n                                        <a class=\"pxl-post--link\" href=\"https:\/\/treusports.com\/tr\/partnerlik\/spor-ekipman-firmasi\/\"><\/a>\r\n                    <div class=\"pxl-post--holder\">\r\n                        <h3 class=\"pxl-post--title\">\r\n                            <a href=\"https:\/\/treusports.com\/tr\/partnerlik\/spor-ekipman-firmasi\/\">Spor Ekipman Firmas\u0131<\/a>\r\n                        <\/h3>\r\n                                                                            <a href=\"https:\/\/treusports.com\/tr\/partnerlik\/spor-ekipman-firmasi\/\">\r\n                                <div class=\"pxl-post--readmore\">\r\n                                    <span>\r\n                                        Read more\r\n                                    <\/span>\r\n                                    <i class=\"flaticon-long-arrow-right rtl-reverse\"><\/i>\r\n                                <\/div>\r\n                            <\/a>\r\n                                            <\/div>\r\n                <\/div>\r\n            <\/div>\r\n                <div class=\"grid-sizer col-xl-6 col-lg-6 col-md-6 col-sm-12 col-12\"><\/div>\n    <\/div>\n        <\/div>\t\t\t\t<\/div>\n\t\t\t\t<\/div>\n\t\t            <\/div>\r\n        <\/div>\r\n        \t\t\t<\/div>\n\t\t<\/section>\n\t\t            <\/div>\r\n        <\/div>\r\n        \t\t\t<\/div>\n\t\t<\/section>\n\t\t<div class=\"elementor-element elementor-element-d41dc66 sahis e-flex e-con-boxed e-con e-parent \" data-id=\"d41dc66\" data-element_type=\"container\" id=\"sahis\">\t\t\t<div class=\"e-con-inner\">\r\n\t\t\t\t<div class=\"elementor-element elementor-element-4c2d2fa elementor-widget elementor-widget-pxl_heading\" data-id=\"4c2d2fa\" data-element_type=\"widget\" data-widget_type=\"pxl_heading.default\">\n\t\t\t\t<div class=\"elementor-widget-container\">\n\t\t\t\t\t\n<div id=\"pxl-pxl_heading-4c2d2fa-2194\" class=\"pxl-heading px-sub-title-box-style \">\n\t<div class=\"pxl-heading--inner\">\n\t\t\t\t\t<div class=\"pxl-item--subtitle px-sub-title-box \" data-wow-delay=\"ms\">\n\t\t\t\t<span class=\"pxl-item--subtext\">\n\t\t\t\t\t\t\t\t\t\t\t\t\t\t\t\t\t\t\t\t<span class=\" \">Parterimiz Olun<\/span>\n\t\t\t\t<\/span>\n\t\t\t<\/div>\n\t\t\n\t\t<h3 class=\"pxl-item--title style-default highlight-default pxl-split-text split-in-fade\" data-wow-delay=\"300ms\">\n\n\t\t\t<span class=\"pxl-heading--text \">\n\n\t\t\t\t\t\t\t\t\t\u015eah\u0131s\t\n\t\t\t\t\t\n\n\t\t\t<\/span>\n\t\t<\/h3>\n\t\t\n\t<\/div>\n<\/div>\t\t\t\t<\/div>\n\t\t\t\t<\/div>\n\t\t\t\t<div class=\"elementor-element elementor-element-40d2614 pxl-post-layout-service-2 elementor-widget elementor-widget-pxl_post_grid\" data-id=\"40d2614\" data-element_type=\"widget\" data-widget_type=\"pxl_post_grid.default\">\n\t\t\t\t<div class=\"elementor-widget-container\">\n\t\t\t\t\t\n<div id=\"pxl_post_grid-40d2614-8193\" class=\"pxl-grid pxl-service-grid pxl-service-grid-layout2 pxl-service-style1\" data-start-page=\"1\" data-max-pages=\"1\" data-total=\"3\" data-perpage=\"8\" data-next-link=\"\">\n    \n    <div class=\"pxl-grid-inner pxl-grid-masonry row\" data-gutter=\"15\">\n                    <div class=\"pxl-grid-item col-xl-4 col-lg-4 col-md-6 col-sm-12 col-12 sahis\">\r\n                <div class=\"pxl-post--inner wow fadeInUp\" data-wow-duration=\"1.2s\">\r\n                                                                <div class=\"pxl-post--icon pxl-fl-middle\">\r\n                            <img loading=\"lazy\" decoding=\"async\" width=\"48\" height=\"48\" src=\"https:\/\/treusports.com\/wp-content\/uploads\/2024\/11\/15-dribbling.svg\" class=\"attachment-full\" alt=\"\" \/>                        <\/div>\r\n                                        <a class=\"pxl-post--link\" href=\"https:\/\/treusports.com\/tr\/partnerlik\/eski-sporcular\/\"><\/a>\r\n                    <div class=\"pxl-post--holder\">\r\n                        <h3 class=\"pxl-post--title\">\r\n                            <a href=\"https:\/\/treusports.com\/tr\/partnerlik\/eski-sporcular\/\">Eski Sporcular<\/a>\r\n                        <\/h3>\r\n                                                                            <a href=\"https:\/\/treusports.com\/tr\/partnerlik\/eski-sporcular\/\">\r\n                                <div class=\"pxl-post--readmore\">\r\n                                    <span>\r\n                                        Read more\r\n                                    <\/span>\r\n                                    <i class=\"flaticon-long-arrow-right rtl-reverse\"><\/i>\r\n                                <\/div>\r\n                            <\/a>\r\n                                            <\/div>\r\n                <\/div>\r\n            <\/div>\r\n                    <div class=\"pxl-grid-item col-xl-4 col-lg-4 col-md-6 col-sm-12 col-12 sahis\">\r\n                <div class=\"pxl-post--inner wow fadeInUp\" data-wow-duration=\"1.2s\">\r\n                                                                <div class=\"pxl-post--icon pxl-fl-middle\">\r\n                            <img loading=\"lazy\" decoding=\"async\" width=\"64\" height=\"64\" src=\"https:\/\/treusports.com\/wp-content\/uploads\/2024\/11\/soccer-field-football-pitch-playing-field-sports-ground-soccer-ground.svg\" class=\"attachment-full\" alt=\"\" \/>                        <\/div>\r\n                                        <a class=\"pxl-post--link\" href=\"https:\/\/treusports.com\/tr\/partnerlik\/antrenorler\/\"><\/a>\r\n                    <div class=\"pxl-post--holder\">\r\n                        <h3 class=\"pxl-post--title\">\r\n                            <a href=\"https:\/\/treusports.com\/tr\/partnerlik\/antrenorler\/\">Antren\u00f6rler<\/a>\r\n                        <\/h3>\r\n                                                                            <a href=\"https:\/\/treusports.com\/tr\/partnerlik\/antrenorler\/\">\r\n                                <div class=\"pxl-post--readmore\">\r\n                                    <span>\r\n                                        Read more\r\n                                    <\/span>\r\n                                    <i class=\"flaticon-long-arrow-right rtl-reverse\"><\/i>\r\n                                <\/div>\r\n                            <\/a>\r\n                                            <\/div>\r\n                <\/div>\r\n            <\/div>\r\n                    <div class=\"pxl-grid-item col-xl-4 col-lg-4 col-md-6 col-sm-12 col-12 sahis\">\r\n                <div class=\"pxl-post--inner wow fadeInUp\" data-wow-duration=\"1.2s\">\r\n                                                                <div class=\"pxl-post--icon pxl-fl-middle\">\r\n                            <img loading=\"lazy\" decoding=\"async\" width=\"512\" height=\"512\" src=\"https:\/\/treusports.com\/wp-content\/uploads\/2024\/11\/016-strategy.svg\" class=\"attachment-full\" alt=\"\" \/>                        <\/div>\r\n                                        <a class=\"pxl-post--link\" href=\"https:\/\/treusports.com\/tr\/partnerlik\/spor-ogretmenleri\/\"><\/a>\r\n                    <div class=\"pxl-post--holder\">\r\n                        <h3 class=\"pxl-post--title\">\r\n                            <a href=\"https:\/\/treusports.com\/tr\/partnerlik\/spor-ogretmenleri\/\">Spor \u00d6\u011fretmenleri<\/a>\r\n                        <\/h3>\r\n                                                                            <a href=\"https:\/\/treusports.com\/tr\/partnerlik\/spor-ogretmenleri\/\">\r\n                                <div class=\"pxl-post--readmore\">\r\n                                    <span>\r\n                                        Read more\r\n                                    <\/span>\r\n                                    <i class=\"flaticon-long-arrow-right rtl-reverse\"><\/i>\r\n                                <\/div>\r\n                            <\/a>\r\n                                            <\/div>\r\n                <\/div>\r\n            <\/div>\r\n                <div class=\"grid-sizer col-xl-4 col-lg-4 col-md-6 col-sm-12 col-12\"><\/div>\n    <\/div>\n        <\/div>\t\t\t\t<\/div>\n\t\t\t\t<\/div>\n\t\t\t\t\t<\/div>\r\n\t\t\t\t<\/div>\r\n\t\t\t\t<\/div>\n\t\t","protected":false},"excerpt":{"rendered":"<p>Parterimiz Olun Kurumsal Spor Kul\u00fcpleri Read more Oteller Read more Spor Tesisleri Read more Seyahat Acenteleri Read more Spor Acenteleri Read more Sponsorluk Firmalar\u0131 Read more Medya Kurulu\u015flar\u0131 Read more Spor Ekipman Firmas\u0131 Read more Parterimiz Olun \u015eah\u0131s Eski Sporcular Read more Antren\u00f6rler Read more Spor \u00d6\u011fretmenleri Read more<\/p>\n","protected":false},"author":1,"featured_media":0,"parent":0,"menu_order":0,"comment_status":"closed","ping_status":"closed","template":"","meta":{"_eb_attr":"","footnotes":""},"class_list":["post-5117","page","type-page","status-publish","hentry"],"_links":{"self":[{"href":"https:\/\/treusports.com\/tr\/wp-json\/wp\/v2\/pages\/5117","targetHints":{"allow":["GET"]}}],"collection":[{"href":"https:\/\/treusports.com\/tr\/wp-json\/wp\/v2\/pages"}],"about":[{"href":"https:\/\/treusports.com\/tr\/wp-json\/wp\/v2\/types\/page"}],"author":[{"embeddable":true,"href":"https:\/\/treusports.com\/tr\/wp-json\/wp\/v2\/users\/1"}],"replies":[{"embeddable":true,"href":"https:\/\/treusports.com\/tr\/wp-json\/wp\/v2\/comments?post=5117"}],"version-history":[{"count":31,"href":"https:\/\/treusports.com\/tr\/wp-json\/wp\/v2\/pages\/5117\/revisions"}],"predecessor-version":[{"id":20362,"href":"https:\/\/treusports.com\/tr\/wp-json\/wp\/v2\/pages\/5117\/revisions\/20362"}],"wp:attachment":[{"href":"https:\/\/treusports.com\/tr\/wp-json\/wp\/v2\/media?parent=5117"}],"curies":[{"name":"wp","href":"https:\/\/api.w.org\/{rel}","templated":true}]}}