{"id":462,"date":"2024-11-22T01:18:08","date_gmt":"2024-11-22T01:18:08","guid":{"rendered":"http:\/\/invadex.test\/?page_id=462"},"modified":"2025-07-10T21:47:23","modified_gmt":"2025-07-10T21:47:23","slug":"home-2","status":"publish","type":"page","link":"https:\/\/treusports.com\/tr\/","title":{"rendered":"Anasayfa"},"content":{"rendered":"\t\t<div data-elementor-type=\"wp-page\" data-elementor-id=\"462\" class=\"elementor elementor-462\">\n\t\t\t\t        <section class=\"elementor-section elementor-top-section elementor-element elementor-element-38fa1f8 elementor-section-stretched elementor-section-full_width section-1-home-2 elementor-section-height-default elementor-section-height-default pxl-row-scroll-none pxl-zoom-point-false pxl-section-overflow-visible pxl-section-fix-none pxl-full-content-with-space-none pxl-bg-color-none pxl-section-overlay-none\" data-id=\"38fa1f8\" data-element_type=\"section\" data-settings=\"{&quot;stretch_section&quot;:&quot;section-stretched&quot;,&quot;background_background&quot;:&quot;classic&quot;}\">\n\n                \n                <div class=\"elementor-container elementor-column-gap-extended \">\n                <div class=\"elementor-column elementor-col-100 elementor-top-column elementor-element elementor-element-b7ed282 pxl-column-none pxl-column-overflow-hidden-no\" data-id=\"b7ed282\" data-element_type=\"column\">\r\n        <div class=\"elementor-widget-wrap elementor-element-populated\">\r\n                     \r\n        \t\t<div class=\"elementor-element elementor-element-ffeeaf8 elementor-widget__width-auto elementor-absolute elementor-widget elementor-widget-pxl_image\" data-id=\"ffeeaf8\" data-element_type=\"widget\" data-settings=\"{&quot;_position&quot;:&quot;absolute&quot;}\" data-widget_type=\"pxl_image.default\">\n\t\t\t\t<div class=\"elementor-widget-container\">\n\t\t\t\t\t<div id=\"pxl_image-ffeeaf8-6568\" class=\"pxl-image-single pxl-disable-parallax-sm   \" data-wow-delay=\"ms\"  >\r\n    <div class=\"pxl-item--inner\" data-wow-delay=\"120ms\">\r\n                \r\n                                <div class=\"pxl-item--image\" data-parallax-value=\"\">\r\n                                                    <img fetchpriority=\"high\" decoding=\"async\" width=\"503\" height=\"503\" src=\"https:\/\/treusports.com\/wp-content\/uploads\/2024\/12\/Obj-7.png\" class=\"no-lazyload attachment-full\" alt=\"\" \/>                                                                    <\/div>\r\n                                <\/div>\r\n<\/div>\t\t\t\t<\/div>\n\t\t\t\t<\/div>\n\t\t\t\t<div class=\"elementor-element elementor-element-933df65 elementor-widget__width-auto elementor-absolute elementor-hidden-laptop elementor-hidden-tablet_extra elementor-hidden-tablet elementor-hidden-mobile_extra elementor-hidden-mobile elementor-widget elementor-widget-pxl_image\" data-id=\"933df65\" data-element_type=\"widget\" data-settings=\"{&quot;_position&quot;:&quot;absolute&quot;}\" data-widget_type=\"pxl_image.default\">\n\t\t\t\t<div class=\"elementor-widget-container\">\n\t\t\t\t\t<div id=\"pxl_image-933df65-5529\" class=\"pxl-image-single pxl-disable-parallax-sm   \" data-wow-delay=\"ms\"  >\r\n    <div class=\"pxl-item--inner\" data-wow-delay=\"120ms\">\r\n                \r\n                                <div class=\"pxl-item--image\" data-parallax-value=\"\">\r\n                                                    <img decoding=\"async\" width=\"1015\" height=\"1118\" src=\"https:\/\/treusports.com\/wp-content\/uploads\/2024\/12\/ethereal-11-1.png\" class=\"no-lazyload attachment-full\" alt=\"\" \/>                                                                    <\/div>\r\n                                <\/div>\r\n<\/div>\t\t\t\t<\/div>\n\t\t\t\t<\/div>\n\t\t\t\t<div class=\"elementor-element elementor-element-0389b64 elementor-widget__width-auto solution-obj-3-home-2 elementor-absolute elementor-widget elementor-widget-pxl_image\" data-id=\"0389b64\" data-element_type=\"widget\" data-settings=\"{&quot;_position&quot;:&quot;absolute&quot;}\" data-widget_type=\"pxl_image.default\">\n\t\t\t\t<div class=\"elementor-widget-container\">\n\t\t\t\t\t<div id=\"pxl_image-0389b64-6414\" class=\"pxl-image-single   pxl-parallax-scroll \" data-wow-delay=\"ms\"  data-parallax='{\"x\":80}'>\r\n    <div class=\"pxl-item--inner\" data-wow-delay=\"120ms\">\r\n                \r\n                                <div class=\"pxl-item--image\" data-parallax-value=\"\">\r\n                                                    <img decoding=\"async\" width=\"1183\" height=\"363\" src=\"https:\/\/treusports.com\/wp-content\/uploads\/2024\/12\/Obj-6.png\" class=\"no-lazyload attachment-full\" alt=\"\" \/>                                                                    <\/div>\r\n                                <\/div>\r\n<\/div>\t\t\t\t<\/div>\n\t\t\t\t<\/div>\n\t\t        <section class=\"elementor-section elementor-inner-section elementor-element elementor-element-d456680 elementor-section-boxed elementor-section-height-default elementor-section-height-default pxl-row-scroll-none pxl-zoom-point-false pxl-section-overflow-visible pxl-section-fix-none pxl-bg-color-none pxl-section-overlay-none\" data-id=\"d456680\" data-element_type=\"section\">\n\n                \n                <div class=\"elementor-container elementor-column-gap-default \">\n                <div class=\"elementor-column elementor-col-50 elementor-inner-column elementor-element elementor-element-11461cf pxl-column-none pxl-column-overflow-hidden-no\" data-id=\"11461cf\" data-element_type=\"column\">\r\n        <div class=\"elementor-widget-wrap elementor-element-populated\">\r\n                     \r\n        \t\t<div class=\"elementor-element elementor-element-f3910fc elementor-widget elementor-widget-pxl_heading\" data-id=\"f3910fc\" data-element_type=\"widget\" data-widget_type=\"pxl_heading.default\">\n\t\t\t\t<div class=\"elementor-widget-container\">\n\t\t\t\t\t\n<div id=\"pxl-pxl_heading-f3910fc-3528\" class=\"pxl-heading px-sub-title-default-style \">\n\t<div class=\"pxl-heading--inner\">\n\t\t\t\t\t<div class=\"pxl-item--subtitle px-sub-title-default \" data-wow-delay=\"ms\">\n\t\t\t\t<span class=\"pxl-item--subtext\">\n\t\t\t\t\t\t\t\t\t\t\t\t\t\t\t\t\t\t\t\t<span class=\" \">TREU SPORTS ORGANIZATION COMPANY<\/span>\n\t\t\t\t<\/span>\n\t\t\t<\/div>\n\t\t\n\t\t<h3 class=\"pxl-item--title style-default highlight-default \" data-wow-delay=\"ms\">\n\n\t\t\t<span class=\"pxl-heading--text \">\n\n\t\t\t\t\t\t\t\t\tHO\u015eGELD\u0130N\u0130Z<br>\n\t\n\t\t\t\t\t\n\n\t\t\t<\/span>\n\t\t<\/h3>\n\t\t\n\t<\/div>\n<\/div>\t\t\t\t<\/div>\n\t\t\t\t<\/div>\n\t\t\t\t<div class=\"elementor-element elementor-element-6a4b49b elementor-widget elementor-widget-pxl_text_editor\" data-id=\"6a4b49b\" data-element_type=\"widget\" data-widget_type=\"pxl_text_editor.default\">\n\t\t\t\t<div class=\"elementor-widget-container\">\n\t\t\t\t\t<div class=\"pxl-text-editor highlight-gradient\">\n\t<div class=\"pxl-item--inner  \" data-wow-delay=\"ms\">\n\t\t<p>15 y\u0131l\u0131 a\u015fk\u0131n s\u00fcredir, profesyonel ve amat\u00f6r futbol kul\u00fcplerine y\u00f6nelik ulusal ve uluslararas\u0131 d\u00fczeyde spor organizasyonlar\u0131 d\u00fczenleyen \u00f6nc\u00fc bir yap\u0131y\u0131z. Kuruldu\u011fumuz g\u00fcnden bu yana, sahadaki rekabetin \u00f6tesine ge\u00e7erek kul\u00fcplerin ve organizasyonlar\u0131n markala\u015fma, uluslararas\u0131la\u015fma ve s\u00fcrd\u00fcr\u00fclebilir ba\u015far\u0131 yolculuklar\u0131nda \u00e7\u00f6z\u00fcm orta\u011f\u0131 oluyoruz.<\/p>\t\t\n\t<\/div>\n<\/div>\t\t\t\t<\/div>\n\t\t\t\t<\/div>\n\t\t\t\t<div class=\"elementor-element elementor-element-c28b04b elementor-widget__width-auto elementor-widget elementor-widget-pxl_button\" data-id=\"c28b04b\" data-element_type=\"widget\" data-widget_type=\"pxl_button.default\">\n\t\t\t\t<div class=\"elementor-widget-container\">\n\t\t\t\t\t<div id=\"pxl-pxl_button-c28b04b-1268\" class=\"pxl-button pxl-atc-link \" data-wow-delay=\"ms\">\r\n    <a href=\"https:\/\/treusports.com\/hakkimizda\/\" class=\"btn pxl-icon-active btn-block-inline  btn-icon-box pxl-icon--right\">\r\n                    <span class=\"pxl--btn-icon\">\r\n                <i aria-hidden=\"true\" class=\"flaticon flaticon-arrow-right\"><\/i>                                            <\/span>\r\n                \r\n                    <span class=\"pxl--btn-mask\">\r\n                <div class=\"pxl--btn-text-container\">\r\n                <span class=\"pxl--btn-text1 pxl--btn-text\">\r\n                    Biz Kimiz?                <\/span>\r\n                <span class=\"pxl--btn-text2 pxl--btn-text\">\r\n                    Biz Kimiz?                <\/span>\r\n                <\/div>\r\n            <\/span>\r\n            <\/a>\r\n<\/div>\t\t\t\t<\/div>\n\t\t\t\t<\/div>\n\t\t            <\/div>\r\n        <\/div>\r\n                <div class=\"elementor-column elementor-col-50 elementor-inner-column elementor-element elementor-element-8561bc2 pxl-column-none pxl-column-overflow-hidden-no\" data-id=\"8561bc2\" data-element_type=\"column\">\r\n        <div class=\"elementor-widget-wrap elementor-element-populated\">\r\n                     \r\n        \t\t<div class=\"elementor-element elementor-element-6241880 elementor-widget elementor-widget-pxl_banner_box\" data-id=\"6241880\" data-element_type=\"widget\" data-widget_type=\"pxl_banner_box.default\">\n\t\t\t\t<div class=\"elementor-widget-container\">\n\t\t\t\t\t<div class=\"pxl-banner pxl-banner1\">\r\n\t<div class=\"pxl-circle-box\">\r\n\t\t<div class=\"pxl-item--inner\">\r\n\t\t\t<svg viewBox=\"0 0 100 100\" class=\"pxl-item--circle-svg\">\r\n\t\t\t\t<path id=\"circlePath\" d=\"M 50,50 m -34,0 a 34,34 0 1,1 70,0 a 34,34 0 1,1 -70,0\" fill=\"none\"\/>\r\n\t\t\t\t<text class=\"pxl-item--text\">\r\n\t\t\t\t\t<textPath href=\"#circlePath\">TREU SPORTS ORGANIZATON MANAGEMENT - - TREU SPORTS ORGANIZATON MANAGEMENT - - <\/textPath>\r\n\t\t\t\t<\/text>\r\n\t\t\t<\/svg>\r\n\t\t\t\t\t<\/div>\r\n\t<\/div>\r\n\t<div class=\"pxl-banner-inner\">\r\n\t\t<div class=\"pxl-banner-top\">\r\n\t\t\t\t\t\t\t<div class=\"pxl-main--image\">\r\n\t\t\t\t\t<img loading=\"lazy\" decoding=\"async\" width=\"860\" height=\"707\" src=\"https:\/\/treusports.com\/wp-content\/uploads\/2025\/06\/home2.jpg\" class=\"attachment-full\" alt=\"\" srcset=\"https:\/\/treusports.com\/wp-content\/uploads\/2025\/06\/home2.jpg 860w, https:\/\/treusports.com\/wp-content\/uploads\/2025\/06\/home2-300x247.jpg 300w, https:\/\/treusports.com\/wp-content\/uploads\/2025\/06\/home2-768x631.jpg 768w, https:\/\/treusports.com\/wp-content\/uploads\/2025\/06\/home2-350x288.jpg 350w, https:\/\/treusports.com\/wp-content\/uploads\/2025\/06\/home2-370x304.jpg 370w, https:\/\/treusports.com\/wp-content\/uploads\/2025\/06\/home2-255x210.jpg 255w, https:\/\/treusports.com\/wp-content\/uploads\/2025\/06\/home2-285x234.jpg 285w\" sizes=\"(max-width: 860px) 100vw, 860px\" \/>\t\t\t\t\t\t\t\t\t\t\t<div class=\"pxl-secondary--image\">\r\n\t\t\t\t\t\t\t<img loading=\"lazy\" decoding=\"async\" width=\"766\" height=\"484\" src=\"https:\/\/treusports.com\/wp-content\/uploads\/2024\/12\/Texture.png\" class=\"attachment-full\" alt=\"\" srcset=\"https:\/\/treusports.com\/wp-content\/uploads\/2024\/12\/Texture.png 766w, https:\/\/treusports.com\/wp-content\/uploads\/2024\/12\/Texture-600x379.png 600w, https:\/\/treusports.com\/wp-content\/uploads\/2024\/12\/Texture-300x190.png 300w\" sizes=\"(max-width: 766px) 100vw, 766px\" \/>\t\t\t\t\t\t<\/div>\r\n\t\t\t\t\t\t\t\t\t<\/div>\r\n\t\t\t\t\t\t<div class=\"pxl-banner-bottom bg-img\" style=\"background-image: url('https:\/\/treusports.com\/wp-content\/uploads\/2024\/12\/bg.png');\">\r\n\t\t\t\t<div class=\"pxl-client-box\">\r\n\t\t\t\t\t<div class=\"pxl-client-list\">\r\n\t\t\t\t\t\t\t\t\t\t\t\t\t\t\t\t\t\t\t\t\t<div class=\"pxl-client--image\">\r\n\t\t\t\t\t\t\t\t\t<img loading=\"lazy\" decoding=\"async\" width=\"42\" height=\"52\" src=\"https:\/\/treusports.com\/wp-content\/uploads\/2024\/12\/Confident-Businessman-in-Blue-Plaid-Suit-1.png\" class=\"attachment-full\" alt=\"\" \/>\t\t\t\t\t\t\t\t<\/div>\r\n\t\t\t\t\t\t\t\t\t\t\t\t\t\t\t\t\t\t\t\t\t\t\t\t\t\t\t\t<div class=\"pxl-client--image\">\r\n\t\t\t\t\t\t\t\t\t<img loading=\"lazy\" decoding=\"async\" width=\"50\" height=\"52\" src=\"https:\/\/treusports.com\/wp-content\/uploads\/2024\/12\/Distinguished-Middle-Aged-Man-Portrait.png\" class=\"attachment-full\" alt=\"\" \/>\t\t\t\t\t\t\t\t<\/div>\r\n\t\t\t\t\t\t\t\t\t\t\t\t\t\t\t\t\t\t\t\t\t\t\t\t\t\t\t\t<div class=\"pxl-client--image\">\r\n\t\t\t\t\t\t\t\t\t<img loading=\"lazy\" decoding=\"async\" width=\"56\" height=\"54\" src=\"https:\/\/treusports.com\/wp-content\/uploads\/2024\/12\/young-person-intership-2-1.png\" class=\"attachment-full\" alt=\"\" \/>\t\t\t\t\t\t\t\t<\/div>\r\n\t\t\t\t\t\t\t\t\t\t\t\t\t\t\t\t\t\t\t<div class=\"pxl-client-plus\">\r\n\t\t\t\t\t\t\t+\r\n\t\t\t\t\t\t<\/div>\r\n\t\t\t\t\t<\/div>\r\n\t\t\t\t\t\t\t\t\t\t\t<div class=\"pxl-client--description\">50+ kul\u00fcp ve turnuva partnerli\u011fi<\/div>\r\n\t\t\t\t\t\t\t\t\t<\/div>\r\n\r\n\t\t\t\t\t\t\t\t\t<div class=\"pxl-counter\">\r\n\t\t\t\t\t\t<div class=\"pxl-counter--holder\">\r\n\t\t\t\t\t\t\t<div class=\"pxl-counter--bnumber\">\r\n\t\t\t\t\t\t\t\t<span class=\"pxl-counter--value effect-default\" data-duration=\"2000\" data-startnumber=\"1\" data-endnumber=\"17\" data-to-value=\"17\">1<\/span>\r\n\t\t\t\t\t\t\t\t\t\t\t\t\t\t\t\t\t<span class=\"pxl-counter--bsuffix\">+<\/span>\r\n\t\t\t\t\t\t\t\t\t\t\t\t\t\t\t<\/div>\r\n\t\t\t\t\t\t\t<div class=\"pxl-counter--btitle\">Y\u0131ll\u0131k <\/div>\r\n\t\t\t\t\t\t<\/div>\r\n\t\t\t\t\t\t<div class=\"pxl-counter--bdescription\">tecr\u00fcbe ile profesyonel hizmet<\/div>\r\n\t\t\t\t\t<\/div>\r\n\t\t\t\t\t\t\t<\/div>\r\n\t\t<\/div>\r\n\t<\/div>\r\n<\/div>\t\t\t\t<\/div>\n\t\t\t\t<\/div>\n\t\t            <\/div>\r\n        <\/div>\r\n        \t\t\t<\/div>\n\t\t<\/section>\n\t\t            <\/div>\r\n        <\/div>\r\n        \t\t\t<\/div>\n\t\t<\/section>\n\t\t        <section class=\"elementor-section elementor-top-section elementor-element elementor-element-40cafd9 elementor-section-stretched elementor-section-boxed elementor-section-height-default elementor-section-height-default pxl-row-scroll-none pxl-zoom-point-false pxl-section-overflow-visible pxl-section-fix-none pxl-bg-color-none pxl-section-overlay-none\" data-id=\"40cafd9\" data-element_type=\"section\" data-settings=\"{&quot;stretch_section&quot;:&quot;section-stretched&quot;}\">\n\n                \n                <div class=\"elementor-container elementor-column-gap-extended \">\n                <div class=\"elementor-column elementor-col-100 elementor-top-column elementor-element elementor-element-c07cb15 pxl-column-none pxl-column-overflow-hidden-no\" data-id=\"c07cb15\" data-element_type=\"column\">\r\n        <div class=\"elementor-widget-wrap\">\r\n                     \r\n                    <\/div>\r\n        <\/div>\r\n        \t\t\t<\/div>\n\t\t<\/section>\n\t\t\t\t<\/div>\n\t\t","protected":false},"excerpt":{"rendered":"<p>TREU SPORTS ORGANIZATION COMPANY HO\u015eGELD\u0130N\u0130Z 15 y\u0131l\u0131 a\u015fk\u0131n s\u00fcredir, profesyonel ve amat\u00f6r futbol kul\u00fcplerine y\u00f6nelik ulusal ve uluslararas\u0131 d\u00fczeyde spor organizasyonlar\u0131 d\u00fczenleyen \u00f6nc\u00fc bir yap\u0131y\u0131z. Kuruldu\u011fumuz g\u00fcnden bu yana, sahadaki rekabetin \u00f6tesine ge\u00e7erek kul\u00fcplerin ve organizasyonlar\u0131n markala\u015fma, uluslararas\u0131la\u015fma ve s\u00fcrd\u00fcr\u00fclebilir ba\u015far\u0131 yolculuklar\u0131nda \u00e7\u00f6z\u00fcm orta\u011f\u0131 oluyoruz. Biz Kimiz? Biz Kimiz? TREU SPORTS ORGANIZATON MANAGEMENT &#8211; &#8211; [&hellip;]<\/p>\n","protected":false},"author":1,"featured_media":0,"parent":0,"menu_order":0,"comment_status":"closed","ping_status":"closed","template":"","meta":{"_eb_attr":"","footnotes":""},"class_list":["post-462","page","type-page","status-publish","hentry"],"_links":{"self":[{"href":"https:\/\/treusports.com\/tr\/wp-json\/wp\/v2\/pages\/462","targetHints":{"allow":["GET"]}}],"collection":[{"href":"https:\/\/treusports.com\/tr\/wp-json\/wp\/v2\/pages"}],"about":[{"href":"https:\/\/treusports.com\/tr\/wp-json\/wp\/v2\/types\/page"}],"author":[{"embeddable":true,"href":"https:\/\/treusports.com\/tr\/wp-json\/wp\/v2\/users\/1"}],"replies":[{"embeddable":true,"href":"https:\/\/treusports.com\/tr\/wp-json\/wp\/v2\/comments?post=462"}],"version-history":[{"count":19,"href":"https:\/\/treusports.com\/tr\/wp-json\/wp\/v2\/pages\/462\/revisions"}],"predecessor-version":[{"id":22528,"href":"https:\/\/treusports.com\/tr\/wp-json\/wp\/v2\/pages\/462\/revisions\/22528"}],"wp:attachment":[{"href":"https:\/\/treusports.com\/tr\/wp-json\/wp\/v2\/media?parent=462"}],"curies":[{"name":"wp","href":"https:\/\/api.w.org\/{rel}","templated":true}]}}