{"id":20634,"date":"2025-06-12T00:56:16","date_gmt":"2025-06-12T00:56:16","guid":{"rendered":"https:\/\/treusports.com\/?page_id=20634"},"modified":"2025-07-12T14:07:03","modified_gmt":"2025-07-12T14:07:03","slug":"talep-formu","status":"publish","type":"page","link":"https:\/\/treusports.com\/tr\/talep-formu\/","title":{"rendered":"Talep Formu"},"content":{"rendered":"\t\t<div data-elementor-type=\"wp-page\" data-elementor-id=\"20634\" class=\"elementor elementor-20634\">\n\t\t\t\t        <section class=\"elementor-section elementor-top-section elementor-element elementor-element-6bfcf21 elementor-section-boxed elementor-section-height-default elementor-section-height-default pxl-row-scroll-none pxl-zoom-point-false pxl-section-overflow-visible pxl-section-fix-none pxl-bg-color-none pxl-section-overlay-none\" data-id=\"6bfcf21\" data-element_type=\"section\" data-settings=\"{&quot;background_background&quot;:&quot;classic&quot;}\">\n\n                \n                <div class=\"elementor-container elementor-column-gap-default \">\n                <div class=\"elementor-column elementor-col-100 elementor-top-column elementor-element elementor-element-a0d86f3 pxl-column-none pxl-column-overflow-hidden-no\" data-id=\"a0d86f3\" data-element_type=\"column\">\r\n        <div class=\"elementor-widget-wrap elementor-element-populated\">\r\n                     \r\n                <section class=\"elementor-section elementor-inner-section elementor-element elementor-element-a492b76 elementor-section-boxed elementor-section-height-default elementor-section-height-default pxl-row-scroll-none pxl-zoom-point-false pxl-section-overflow-visible pxl-section-fix-none pxl-bg-color-none pxl-section-overlay-none\" data-id=\"a492b76\" data-element_type=\"section\">\n\n                \n                <div class=\"elementor-container elementor-column-gap-default \">\n                <div class=\"elementor-column elementor-col-50 elementor-inner-column elementor-element elementor-element-1cc3ece contact-home-2 pxl-column-none pxl-column-overflow-hidden-no\" data-id=\"1cc3ece\" data-element_type=\"column\" data-settings=\"{&quot;background_background&quot;:&quot;classic&quot;}\">\r\n        <div class=\"elementor-widget-wrap elementor-element-populated\">\r\n                     \r\n        \t\t<div class=\"elementor-element elementor-element-cf47f3b elementor-widget__width-auto elementor-absolute elementor-widget elementor-widget-pxl_image\" data-id=\"cf47f3b\" data-element_type=\"widget\" data-settings=\"{&quot;_position&quot;:&quot;absolute&quot;}\" data-widget_type=\"pxl_image.default\">\n\t\t\t\t<div class=\"elementor-widget-container\">\n\t\t\t\t\t<div id=\"pxl_image-cf47f3b-3005\" class=\"pxl-image-single pxl-disable-parallax-sm   wow fadeInDown\" data-wow-delay=\"1000ms\"  >\r\n    <div class=\"pxl-item--inner\" data-wow-delay=\"120ms\">\r\n                \r\n                                <div class=\"pxl-item--image\" data-parallax-value=\"\">\r\n                                                    <img fetchpriority=\"high\" decoding=\"async\" width=\"500\" height=\"500\" src=\"https:\/\/treusports.com\/wp-content\/uploads\/2024\/12\/obj.png\" class=\"no-lazyload attachment-full\" alt=\"\" \/>                                                                    <\/div>\r\n                                <\/div>\r\n<\/div>\t\t\t\t<\/div>\n\t\t\t\t<\/div>\n\t\t\t\t<div class=\"elementor-element elementor-element-435351d elementor-widget__width-auto elementor-absolute elementor-widget elementor-widget-pxl_image\" data-id=\"435351d\" data-element_type=\"widget\" data-settings=\"{&quot;_position&quot;:&quot;absolute&quot;}\" data-widget_type=\"pxl_image.default\">\n\t\t\t\t<div class=\"elementor-widget-container\">\n\t\t\t\t\t<div id=\"pxl_image-435351d-6661\" class=\"pxl-image-single pxl-disable-parallax-sm   wow fadeInRight\" data-wow-delay=\"1500ms\"  >\r\n    <div class=\"pxl-item--inner\" data-wow-delay=\"120ms\">\r\n                \r\n                                <div class=\"pxl-item--image\" data-parallax-value=\"\">\r\n                                                    <img fetchpriority=\"high\" decoding=\"async\" width=\"500\" height=\"500\" src=\"https:\/\/treusports.com\/wp-content\/uploads\/2024\/12\/obj.png\" class=\"no-lazyload attachment-full\" alt=\"\" \/>                                                                    <\/div>\r\n                                <\/div>\r\n<\/div>\t\t\t\t<\/div>\n\t\t\t\t<\/div>\n\t\t\t\t<div class=\"elementor-element elementor-element-98e9d8a elementor-widget elementor-widget-pxl_heading\" data-id=\"98e9d8a\" data-element_type=\"widget\" data-widget_type=\"pxl_heading.default\">\n\t\t\t\t<div class=\"elementor-widget-container\">\n\t\t\t\t\t\n<div id=\"pxl-pxl_heading-98e9d8a-4149\" class=\"pxl-heading px-sub-title-box-style \">\n\t<div class=\"pxl-heading--inner\">\n\t\t\t\t\t<div class=\"pxl-item--subtitle px-sub-title-box \" data-wow-delay=\"ms\">\n\t\t\t\t<span class=\"pxl-item--subtext\">\n\t\t\t\t\t\t\t\t\t\t\t\t\t\t\t\t\t\t\t\t<span class=\" \">\u0130leti\u015fim Formu<\/span>\n\t\t\t\t<\/span>\n\t\t\t<\/div>\n\t\t\n\t\t<h3 class=\"pxl-item--title style-default highlight-default pxl-split-text split-in-fade\" data-wow-delay=\"300ms\">\n\n\t\t\t<span class=\"pxl-heading--text \">\n\n\t\t\t\t\t\t\t\t\tTalep Formu\t\n\t\t\t\t\t\n\n\t\t\t<\/span>\n\t\t<\/h3>\n\t\t\n\t<\/div>\n<\/div>\t\t\t\t<\/div>\n\t\t\t\t<\/div>\n\t\t\t\t<div class=\"elementor-element elementor-element-69a396c elementor-widget elementor-widget-pxl_contact_form\" data-id=\"69a396c\" data-element_type=\"widget\" data-widget_type=\"pxl_contact_form.default\">\n\t\t\t\t<div class=\"elementor-widget-container\">\n\t\t\t\t\t    <div class=\"pxl-contact-form pxl-contact-form1 btn-w-auto \" data-wow-delay=\"ms\">\r\n        \n<div class=\"wpcf7 no-js\" id=\"wpcf7-f23363-o1\" lang=\"tr-TR\" dir=\"ltr\" data-wpcf7-id=\"23363\">\n<div class=\"screen-reader-response\"><p role=\"status\" aria-live=\"polite\" aria-atomic=\"true\"><\/p> <ul><\/ul><\/div>\n<form action=\"\/tr\/wp-json\/wp\/v2\/pages\/20634#wpcf7-f23363-o1\" method=\"post\" class=\"wpcf7-form init\" aria-label=\"\u0130leti\u015fim Formu\" novalidate=\"novalidate\" data-status=\"init\">\n<fieldset class=\"hidden-fields-container\"><input type=\"hidden\" name=\"_wpcf7\" value=\"23363\" \/><input type=\"hidden\" name=\"_wpcf7_version\" value=\"6.1.2\" \/><input type=\"hidden\" name=\"_wpcf7_locale\" value=\"tr_TR\" \/><input type=\"hidden\" name=\"_wpcf7_unit_tag\" value=\"wpcf7-f23363-o1\" \/><input type=\"hidden\" name=\"_wpcf7_container_post\" value=\"0\" \/><input type=\"hidden\" name=\"_wpcf7_posted_data_hash\" value=\"\" \/>\n<\/fieldset>\n<div class=\"wpcf7-contact-home-2\">\n\t<div class=\"row\">\n\t\t<div class=\"col-lg-6 col-md-6 col-sm-12\">\n\t\t\t<div class=\"pxl--item\">\n\t\t\t\t<p><label>*Ad\u0131n\u0131z Soyad\u0131n\u0131z<\/label><span class=\"wpcf7-form-control-wrap\" data-name=\"your-name\"><input size=\"40\" maxlength=\"400\" class=\"wpcf7-form-control wpcf7-text wpcf7-validates-as-required\" aria-required=\"true\" aria-invalid=\"false\" value=\"\" type=\"text\" name=\"your-name\" \/><\/span>\n\t\t\t\t<\/p>\n\t\t\t<\/div>\n\t\t<\/div>\n\t\t<div class=\"col-lg-6 col-md-6 col-sm-12\">\n\t\t\t<div class=\"pxl--item\">\n\t\t\t\t<p><label>*Telefon<\/label><span class=\"wpcf7-form-control-wrap\" data-name=\"your-phone\"><input class=\"wpcf7-form-control wpcf7-number wpcf7-validates-as-required wpcf7-validates-as-number\" aria-required=\"true\" aria-invalid=\"false\" value=\"\" type=\"number\" name=\"your-phone\" \/><\/span>\n\t\t\t\t<\/p>\n\t\t\t<\/div>\n\t\t<\/div>\n\t<\/div>\n\t<div class=\"pxl--item\">\n\t\t<p><label>*E-mail<\/label><span class=\"wpcf7-form-control-wrap\" data-name=\"your-email\"><input size=\"40\" maxlength=\"400\" class=\"wpcf7-form-control wpcf7-email wpcf7-validates-as-required wpcf7-text wpcf7-validates-as-email\" aria-required=\"true\" aria-invalid=\"false\" value=\"\" type=\"email\" name=\"your-email\" \/><\/span>\n\t\t<\/p>\n\t<\/div>\n\t<div class=\"row\">\n\t\t<div class=\"col-lg-6 col-md-6 col-sm-12\">\n\t\t\t<div class=\"pxl--item\">\n\t\t\t\t<p><label>*Firma Ad\u0131\/Tak\u0131m Ad\u0131<\/label><span class=\"wpcf7-form-control-wrap\" data-name=\"your-company\"><input size=\"40\" maxlength=\"400\" class=\"wpcf7-form-control wpcf7-text wpcf7-validates-as-required\" aria-required=\"true\" aria-invalid=\"false\" value=\"\" type=\"text\" name=\"your-company\" \/><\/span>\n\t\t\t\t<\/p>\n\t\t\t<\/div>\n\t\t<\/div>\n\t\t<div class=\"col-lg-6 col-md-6 col-sm-12\">\n\t\t\t<div class=\"pxl--item\">\n\t\t\t\t<p><label>*Kurumsal Profiliniz<\/label><span class=\"wpcf7-form-control-wrap\" data-name=\"profil\"><select class=\"wpcf7-form-control wpcf7-select wpcf7-validates-as-required\" aria-required=\"true\" aria-invalid=\"false\" name=\"profil\"><option value=\"Spor Kul\u00fcb\u00fc\">Spor Kul\u00fcb\u00fc<\/option><option value=\"Kurumsal Firma\">Kurumsal Firma<\/option><option value=\"Spor Acentas\u0131\">Spor Acentas\u0131<\/option><option value=\"Seyahat Acentas\u0131\">Seyahat Acentas\u0131<\/option><option value=\"Antren\u00f6r \/ Eski Sporcu\">Antren\u00f6r \/ Eski Sporcu<\/option><option value=\"Bireysel Giri\u015fimci\">Bireysel Giri\u015fimci<\/option><\/select><\/span>\n\t\t\t\t<\/p>\n\t\t\t<\/div>\n\t\t<\/div>\n\t<\/div>\n\t<div class=\"pxl--item\">\n\t\t<p><label>*Hangi hizmetle ilgileniyorsunuz?<\/label><span class=\"wpcf7-form-control-wrap\" data-name=\"hizmet\"><span class=\"wpcf7-form-control wpcf7-checkbox wpcf7-validates-as-required\"><span class=\"wpcf7-list-item first\"><label><input type=\"checkbox\" name=\"hizmet[]\" value=\"Profesyonel Futbol Yaz Kamplar\u0131\" \/><span class=\"wpcf7-list-item-label\">Profesyonel Futbol Yaz Kamplar\u0131<\/span><\/label><\/span><span class=\"wpcf7-list-item\"><label><input type=\"checkbox\" name=\"hizmet[]\" value=\"K\u0131\u015f Devre Aras\u0131 Kamplar\u0131\" \/><span class=\"wpcf7-list-item-label\">K\u0131\u015f Devre Aras\u0131 Kamplar\u0131<\/span><\/label><\/span><span class=\"wpcf7-list-item\"><label><input type=\"checkbox\" name=\"hizmet[]\" value=\"Haz\u0131rl\u0131k Ma\u00e7 Organizasyonlar\u0131\" \/><span class=\"wpcf7-list-item-label\">Haz\u0131rl\u0131k Ma\u00e7 Organizasyonlar\u0131<\/span><\/label><\/span><span class=\"wpcf7-list-item\"><label><input type=\"checkbox\" name=\"hizmet[]\" value=\"Uluslararas\u0131 Turnuvalar\" \/><span class=\"wpcf7-list-item-label\">Uluslararas\u0131 Turnuvalar<\/span><\/label><\/span><span class=\"wpcf7-list-item\"><label><input type=\"checkbox\" name=\"hizmet[]\" value=\"Sponsorluk Hizmetleri\" \/><span class=\"wpcf7-list-item-label\">Sponsorluk Hizmetleri<\/span><\/label><\/span><span class=\"wpcf7-list-item\"><label><input type=\"checkbox\" name=\"hizmet[]\" value=\"Tesis \/ Otel \u0130\u015f Birlikleri\" \/><span class=\"wpcf7-list-item-label\">Tesis \/ Otel \u0130\u015f Birlikleri<\/span><\/label><\/span><span class=\"wpcf7-list-item last\"><label><input type=\"checkbox\" name=\"hizmet[]\" value=\"Medya \/ Yay\u0131n \u0130\u015f Birlikleri\" \/><span class=\"wpcf7-list-item-label\">Medya \/ Yay\u0131n \u0130\u015f Birlikleri<\/span><\/label><\/span><\/span><\/span>\n\t\t<\/p>\n\t<\/div>\n\t<div class=\"pxl--item\">\n\t\t<p><label>Organizasyonla \u0130lgili K\u0131sa Bilgi Veriniz<\/label><span class=\"wpcf7-form-control-wrap\" data-name=\"your-message\"><input size=\"40\" maxlength=\"400\" class=\"wpcf7-form-control wpcf7-text wpcf7-validates-as-required\" aria-required=\"true\" aria-invalid=\"false\" placeholder=\"Tarih aral\u0131\u011f\u0131, \u00fclke tercihi, tak\u0131m seviyesi (A tak\u0131m, gen\u00e7, altyap\u0131 vb.), \u00f6zel ihtiya\u00e7lar gibi detaylar\u0131 buraya yazabilirsiniz.\" value=\"\" type=\"text\" name=\"your-message\" \/><\/span>\n\t\t<\/p>\n\t<\/div>\n\t<div class=\"pxl--item\">\n\t\t<div class=\"pxl--item\">\n\t\t\t<p><label>Kamp B\u00f6lgesi Tercihiniz?<\/label><span class=\"wpcf7-form-control-wrap\" data-name=\"select-859\"><select class=\"wpcf7-form-control wpcf7-select\" aria-invalid=\"false\" name=\"select-859\"><option value=\"Yaz - ALMANYA\">Yaz - ALMANYA<\/option><option value=\"Yaz - TR \u0130STANBUL\">Yaz - TR \u0130STANBUL<\/option><option value=\"Yaz - TR KOCAEL\u0130\">Yaz - TR KOCAEL\u0130<\/option><option value=\"Yaz - TR ERC\u0130YES\">Yaz - TR ERC\u0130YES<\/option><option value=\"Yaz - HOLLANDA\">Yaz - HOLLANDA<\/option><option value=\"Yaz - AVUSTURYA\">Yaz - AVUSTURYA<\/option><option value=\"K\u0131\u015f - TR ANTALYA\">K\u0131\u015f - TR ANTALYA<\/option><option value=\"K\u0131\u015f - \u0130SPANYA\">K\u0131\u015f - \u0130SPANYA<\/option><option value=\"K\u0131\u015f - UAE\">K\u0131\u015f - UAE<\/option><\/select><\/span>\n\t\t\t<\/p>\n\t\t<\/div>\n\t\t<p><label>TR Antalya Kamp Oteli Tercihiniz?<\/label><span class=\"wpcf7-form-control-wrap\" data-name=\"oteller\"><select class=\"wpcf7-form-control wpcf7-select\" aria-invalid=\"false\" name=\"oteller\"><option value=\"Nirvana Cosmopolitan\">Nirvana Cosmopolitan<\/option><option value=\"Titanic Deluxe Golf\">Titanic Deluxe Golf<\/option><option value=\"Titanic Mardan Palace\">Titanic Mardan Palace<\/option><option value=\"Titanic Beach Lara\">Titanic Beach Lara<\/option><option value=\"Gloria Sports Arena\">Gloria Sports Arena<\/option><option value=\"Gloria Verde\">Gloria Verde<\/option><option value=\"Kempinski The Dome\">Kempinski The Dome<\/option><option value=\"Sirene Hotel\">Sirene Hotel<\/option><option value=\"Calista Luxury Resort\">Calista Luxury Resort<\/option><option value=\"Miracle Resort\">Miracle Resort<\/option><option value=\"Regnum Carya Golf &amp; Spa\">Regnum Carya Golf &amp; Spa<\/option><option value=\"Rixos Premium\">Rixos Premium<\/option><option value=\"Papillon Belvil\">Papillon Belvil<\/option><option value=\"Grand Park Lara\">Grand Park Lara<\/option><option value=\"Papillon Ayscha\">Papillon Ayscha<\/option><option value=\"Sural Hotel\">Sural Hotel<\/option><option value=\"Linda Resort\">Linda Resort<\/option><option value=\"Tui Blue Side\">Tui Blue Side<\/option><option value=\"The Sense De Luxe\">The Sense De Luxe<\/option><option value=\"The Xanthe Resort\">The Xanthe Resort<\/option><option value=\"Jacaranda Side\">Jacaranda Side<\/option><option value=\"Royal Seginus\">Royal Seginus<\/option><option value=\"Kremlin Palace\">Kremlin Palace<\/option><option value=\"Trendy Hotel\">Trendy Hotel<\/option><option value=\"Royal Holiday Palace\">Royal Holiday Palace<\/option><option value=\"IC Green Palace\">IC Green Palace<\/option><option value=\"Limak Lara Deluxe\">Limak Lara Deluxe<\/option><option value=\"Adalya Elite\">Adalya Elite<\/option><option value=\"Melas Lara\">Melas Lara<\/option><option value=\"Aska Lara\">Aska Lara<\/option><option value=\"Limak Arcadia Sport Resort\">Limak Arcadia Sport Resort<\/option><option value=\"Limak Atlantis Deluxe\">Limak Atlantis Deluxe<\/option><option value=\"Bellis Deluxe\">Bellis Deluxe<\/option><option value=\"Kaya Palazzo\">Kaya Palazzo<\/option><option value=\"Kaya Belek\">Kaya Belek<\/option><option value=\"Susesi Luxury Resort\">Susesi Luxury Resort<\/option><option value=\"IC Santai\">IC Santai<\/option><option value=\"Voyage Golf &amp; Spa\">Voyage Golf &amp; Spa<\/option><option value=\"Sueno Hotel\">Sueno Hotel<\/option><option value=\"Gloria Golf Resort\">Gloria Golf Resort<\/option><option value=\"Selectum Luxury Resort\">Selectum Luxury Resort<\/option><option value=\"Spice\">Spice<\/option><option value=\"Maxx Royal\">Maxx Royal<\/option><option value=\"Gold City\">Gold City<\/option><\/select><\/span>\n\t\t<\/p>\n\t<\/div>\n\t<p><button type=\"submit\" class=\"wpcf7-submit btn-submit-home-2 btn-icon-box\"><span>G\u00f6nder<\/span><span class=\"btn-submit--arrow\"><i class=\"flaticon-arrow-right\"><\/i><\/span><\/button>\n\t<\/p>\n<\/div><div class=\"wpcf7-response-output\" aria-hidden=\"true\"><\/div>\n<\/form>\n<\/div>\n    <\/div>\r\n\t\t\t\t<\/div>\n\t\t\t\t<\/div>\n\t\t            <\/div>\r\n        <\/div>\r\n                <div class=\"elementor-column elementor-col-50 elementor-inner-column elementor-element elementor-element-9b1426a col-img-contact-home2 elementor-hidden-mobile_extra elementor-hidden-mobile pxl-column-none pxl-column-overflow-hidden-no\" data-id=\"9b1426a\" data-element_type=\"column\">\r\n        <div class=\"elementor-widget-wrap elementor-element-populated\">\r\n                     \r\n        \t\t<div class=\"elementor-element elementor-element-bfeda33 elementor-widget elementor-widget-pxl_image\" data-id=\"bfeda33\" data-element_type=\"widget\" data-widget_type=\"pxl_image.default\">\n\t\t\t\t<div class=\"elementor-widget-container\">\n\t\t\t\t\t<div id=\"pxl_image-bfeda33-2262\" class=\"pxl-image-single pxl-disable-parallax-sm   \" data-wow-delay=\"ms\"  >\r\n    <div class=\"pxl-item--inner\" data-wow-delay=\"120ms\">\r\n                \r\n                                <div class=\"pxl-item--bg bg-image\" style=\"background-image: url(https:\/\/treusports.com\/wp-content\/uploads\/2025\/06\/tournament-treu.jpg);\">\r\n                                            <\/div>\r\n                                <\/div>\r\n<\/div>\t\t\t\t<\/div>\n\t\t\t\t<\/div>\n\t\t            <\/div>\r\n        <\/div>\r\n        \t\t\t<\/div>\n\t\t<\/section>\n\t\t            <\/div>\r\n        <\/div>\r\n        \t\t\t<\/div>\n\t\t<\/section>\n\t\t\t\t<\/div>\n\t\t","protected":false},"excerpt":{"rendered":"<p>\u0130leti\u015fim Formu Talep Formu *Ad\u0131n\u0131z Soyad\u0131n\u0131z *Telefon *E-mail *Firma Ad\u0131\/Tak\u0131m Ad\u0131 *Kurumsal ProfilinizSpor Kul\u00fcb\u00fcKurumsal FirmaSpor Acentas\u0131Seyahat Acentas\u0131Antren\u00f6r \/ Eski SporcuBireysel Giri\u015fimci *Hangi hizmetle ilgileniyorsunuz?Profesyonel Futbol Yaz Kamplar\u0131K\u0131\u015f Devre Aras\u0131 Kamplar\u0131Haz\u0131rl\u0131k Ma\u00e7 Organizasyonlar\u0131Uluslararas\u0131 TurnuvalarSponsorluk HizmetleriTesis \/ Otel \u0130\u015f BirlikleriMedya \/ Yay\u0131n \u0130\u015f Birlikleri Organizasyonla \u0130lgili K\u0131sa Bilgi Veriniz Kamp B\u00f6lgesi Tercihiniz?Yaz &#8211; ALMANYAYaz &#8211; TR \u0130STANBULYaz [&hellip;]<\/p>\n","protected":false},"author":1,"featured_media":0,"parent":0,"menu_order":0,"comment_status":"closed","ping_status":"closed","template":"","meta":{"_eb_attr":"","footnotes":""},"class_list":["post-20634","page","type-page","status-publish","hentry"],"_links":{"self":[{"href":"https:\/\/treusports.com\/tr\/wp-json\/wp\/v2\/pages\/20634","targetHints":{"allow":["GET"]}}],"collection":[{"href":"https:\/\/treusports.com\/tr\/wp-json\/wp\/v2\/pages"}],"about":[{"href":"https:\/\/treusports.com\/tr\/wp-json\/wp\/v2\/types\/page"}],"author":[{"embeddable":true,"href":"https:\/\/treusports.com\/tr\/wp-json\/wp\/v2\/users\/1"}],"replies":[{"embeddable":true,"href":"https:\/\/treusports.com\/tr\/wp-json\/wp\/v2\/comments?post=20634"}],"version-history":[{"count":23,"href":"https:\/\/treusports.com\/tr\/wp-json\/wp\/v2\/pages\/20634\/revisions"}],"predecessor-version":[{"id":23364,"href":"https:\/\/treusports.com\/tr\/wp-json\/wp\/v2\/pages\/20634\/revisions\/23364"}],"wp:attachment":[{"href":"https:\/\/treusports.com\/tr\/wp-json\/wp\/v2\/media?parent=20634"}],"curies":[{"name":"wp","href":"https:\/\/api.w.org\/{rel}","templated":true}]}}