{"id":20281,"date":"2025-06-08T22:58:17","date_gmt":"2025-06-08T22:58:17","guid":{"rendered":"https:\/\/treusports.com\/?page_id=20281"},"modified":"2025-07-14T22:04:46","modified_gmt":"2025-07-14T22:04:46","slug":"mac-organizasyonlari","status":"publish","type":"page","link":"https:\/\/treusports.com\/tr\/mac-organizasyonlari\/","title":{"rendered":"MA\u00c7 ORGAN\u0130ZASYONLARI"},"content":{"rendered":"\t\t<div data-elementor-type=\"wp-page\" data-elementor-id=\"20281\" class=\"elementor elementor-20281\">\n\t\t\t\t        <section class=\"elementor-section elementor-top-section elementor-element elementor-element-93a8d4d elementor-section-boxed elementor-section-height-default elementor-section-height-default pxl-row-scroll-none pxl-zoom-point-false pxl-section-overflow-visible pxl-section-fix-none pxl-bg-color-none pxl-section-overlay-none\" data-id=\"93a8d4d\" data-element_type=\"section\">\n\n                \n                <div class=\"elementor-container elementor-column-gap-default \">\n                <div class=\"elementor-column elementor-col-100 elementor-top-column elementor-element elementor-element-71b8b7a pxl-column-none pxl-column-overflow-hidden-no\" data-id=\"71b8b7a\" data-element_type=\"column\">\r\n        <div class=\"elementor-widget-wrap elementor-element-populated\">\r\n                     \r\n                <section class=\"elementor-section elementor-inner-section elementor-element elementor-element-9963234 elementor-section-boxed elementor-section-height-default elementor-section-height-default pxl-row-scroll-none pxl-zoom-point-false pxl-section-overflow-visible pxl-section-fix-none pxl-bg-color-none pxl-section-overlay-none\" data-id=\"9963234\" data-element_type=\"section\" data-settings=\"{&quot;background_background&quot;:&quot;classic&quot;}\">\n\n                            <div class=\"elementor-background-overlay\"><\/div>\n            \n                <div class=\"elementor-container elementor-column-gap-default \">\n                <div class=\"elementor-column elementor-col-100 elementor-inner-column elementor-element elementor-element-40fcff5 pxl-column-none pxl-column-overflow-hidden-no\" data-id=\"40fcff5\" data-element_type=\"column\">\r\n        <div class=\"elementor-widget-wrap elementor-element-populated\">\r\n                     \r\n        \t\t<div class=\"elementor-element elementor-element-823fccb elementor-widget elementor-widget-pxl_heading\" data-id=\"823fccb\" data-element_type=\"widget\" data-widget_type=\"pxl_heading.default\">\n\t\t\t\t<div class=\"elementor-widget-container\">\n\t\t\t\t\t\n<div id=\"pxl-pxl_heading-823fccb-2687\" class=\"pxl-heading px-sub-title-box-style \">\n\t<div class=\"pxl-heading--inner\">\n\t\t\t\t\t<div class=\"pxl-item--subtitle px-sub-title-box wow PXLfadeInUp\" data-wow-delay=\"400ms\">\n\t\t\t\t<span class=\"pxl-item--subtext\">\n\t\t\t\t\t\t\t\t\t\t\t\t\t\t\t\t\t\t\t\t<span class=\" \">TREU SPORTS ORGANIZATION COMPANY<\/span>\n\t\t\t\t<\/span>\n\t\t\t<\/div>\n\t\t\n\t\t<h3 class=\"pxl-item--title style-default highlight-default wow PXLfadeInUp\" data-wow-delay=\"400ms\">\n\n\t\t\t<span class=\"pxl-heading--text \">\n\n\t\t\t\t\t\t\t\t\tMA\u00c7 ORGAN\u0130ZASYONLARI\t\n\t\t\t\t\t\n\n\t\t\t<\/span>\n\t\t<\/h3>\n\t\t\n\t<\/div>\n<\/div>\t\t\t\t<\/div>\n\t\t\t\t<\/div>\n\t\t\t\t<div class=\"elementor-element elementor-element-5d5b213 elementor-hidden-mobile_extra elementor-hidden-mobile elementor-widget elementor-widget-pxl_text_editor\" data-id=\"5d5b213\" data-element_type=\"widget\" data-widget_type=\"pxl_text_editor.default\">\n\t\t\t\t<div class=\"elementor-widget-container\">\n\t\t\t\t\t<div class=\"pxl-text-editor highlight-gradient\">\n\t<div class=\"pxl-item--inner wow PXLfadeInUp \" data-wow-delay=\"500ms\">\n\t\t<h5><span style=\"color: #ffffff\"><strong>Uluslararas\u0131 Resmi ve \u00d6zel Ma\u00e7 Organizasyonlar\u0131<\/strong><\/span><\/h5><h5><span style=\"color: #ffffff\"><strong>Profesyonel Tak\u0131mlar ve Milli Ekipler \u0130\u00e7in Anahtar Teslim Ma\u00e7 Organizasyonu<\/strong><\/span><\/h5><p>Futbol d\u00fcnyas\u0131nda fark yaratan resmi ya da \u00f6zel ma\u00e7lar, yaln\u0131zca saha i\u00e7inde de\u011fil, t\u00fcm organizasyon s\u00fcre\u00e7lerinde profesyonellik ister. \u0130\u015fte tam bu noktada devreye giriyoruz. Uluslararas\u0131 \u00f6l\u00e7ekte <strong>resmi ve \u00f6zel ma\u00e7 organizasyonlar\u0131<\/strong> ger\u00e7ekle\u015ftiren profesyonel firmam\u0131z, <strong>elit kul\u00fcpler<\/strong> ve <strong>milli tak\u0131mlar<\/strong> i\u00e7in u\u00e7tan uca y\u00f6netilen, eksiksiz hizmetlerle desteklenen bir ma\u00e7 deneyimi sunar.<\/p>\t\t\n\t<\/div>\n<\/div>\t\t\t\t<\/div>\n\t\t\t\t<\/div>\n\t\t            <\/div>\r\n        <\/div>\r\n        \t\t\t<\/div>\n\t\t<\/section>\n\t\t            <\/div>\r\n        <\/div>\r\n        \t\t\t<\/div>\n\t\t<\/section>\n\t\t<div class=\"elementor-element elementor-element-8f46ff1 elementor-hidden-widescreen elementor-hidden-desktop elementor-hidden-laptop elementor-hidden-tablet_extra elementor-hidden-tablet e-flex e-con-boxed e-con e-parent \" data-id=\"8f46ff1\" data-element_type=\"container\">\t\t\t<div class=\"e-con-inner\">\r\n\t\t\t\t<div class=\"elementor-element elementor-element-e61a3f8 elementor-hidden-widescreen elementor-hidden-desktop elementor-hidden-laptop elementor-hidden-tablet_extra elementor-hidden-tablet elementor-widget elementor-widget-pxl_text_editor\" data-id=\"e61a3f8\" data-element_type=\"widget\" data-widget_type=\"pxl_text_editor.default\">\n\t\t\t\t<div class=\"elementor-widget-container\">\n\t\t\t\t\t<div class=\"pxl-text-editor highlight-gradient\">\n\t<div class=\"pxl-item--inner wow PXLfadeInUp \" data-wow-delay=\"500ms\">\n\t\t<h6><strong>Uluslararas\u0131 Resmi ve \u00d6zel Ma\u00e7 Organizasyonlar\u0131<\/strong><\/h6><h6><strong>Profesyonel Tak\u0131mlar ve Milli Ekipler \u0130\u00e7in Anahtar Teslim Ma\u00e7 Organizasyonu<\/strong><\/h6><p>Futbol d\u00fcnyas\u0131nda fark yaratan resmi ya da \u00f6zel ma\u00e7lar, yaln\u0131zca saha i\u00e7inde de\u011fil, t\u00fcm organizasyon s\u00fcre\u00e7lerinde profesyonellik ister. \u0130\u015fte tam bu noktada devreye giriyoruz. Uluslararas\u0131 \u00f6l\u00e7ekte <strong>resmi ve \u00f6zel ma\u00e7 organizasyonlar\u0131<\/strong> ger\u00e7ekle\u015ftiren profesyonel firmam\u0131z, <strong>elit kul\u00fcpler<\/strong> ve <strong>milli tak\u0131mlar<\/strong> i\u00e7in u\u00e7tan uca y\u00f6netilen, eksiksiz hizmetlerle desteklenen bir ma\u00e7 deneyimi sunar.<\/p>\t\t\n\t<\/div>\n<\/div>\t\t\t\t<\/div>\n\t\t\t\t<\/div>\n\t\t\t\t\t<\/div>\r\n\t\t\t\t<\/div>\r\n\t\t        <section class=\"elementor-section elementor-top-section elementor-element elementor-element-249a16fe pxl-row-scroll-fixed servive-details-container elementor-section-boxed elementor-section-height-default elementor-section-height-default pxl-zoom-point-false pxl-section-overflow-visible pxl-section-fix-none pxl-bg-color-none pxl-section-overlay-none\" data-id=\"249a16fe\" data-element_type=\"section\" id=\"neden\">\n\n                \n                <div class=\"elementor-container elementor-column-gap-default \">\n                <div class=\"elementor-column elementor-col-100 elementor-top-column elementor-element elementor-element-5c92a6f5 service-col-2 pxl-column-none pxl-column-overflow-hidden-no\" data-id=\"5c92a6f5\" data-element_type=\"column\">\r\n        <div class=\"elementor-widget-wrap elementor-element-populated\">\r\n                     \r\n        \t\t<div class=\"elementor-element elementor-element-46c1e46d elementor-widget elementor-widget-pxl_heading\" data-id=\"46c1e46d\" data-element_type=\"widget\" data-widget_type=\"pxl_heading.default\">\n\t\t\t\t<div class=\"elementor-widget-container\">\n\t\t\t\t\t\n<div id=\"pxl-pxl_heading-46c1e46d-2607\" class=\"pxl-heading px-sub-title-default-style \">\n\t<div class=\"pxl-heading--inner\">\n\t\t\n\t\t<h3 class=\"pxl-item--title style-default highlight-default \" data-wow-delay=\"ms\">\n\n\t\t\t<span class=\"pxl-heading--text pxl-heading-divider\">\n\n\t\t\t\t\t\t\t\t\tMa\u00e7 Organizasyonunda G\u00fcvenilir Partneriniz\t\n\t\t\t\t\t\n\n\t\t\t<\/span>\n\t\t<\/h3>\n\t\t\n\t<\/div>\n<\/div>\t\t\t\t<\/div>\n\t\t\t\t<\/div>\n\t\t\t\t<div class=\"elementor-element elementor-element-77390dcb elementor-align-left elementor-icon-list--layout-traditional elementor-list-item-link-full_width elementor-widget elementor-widget-icon-list\" data-id=\"77390dcb\" data-element_type=\"widget\" data-widget_type=\"icon-list.default\">\n\t\t\t\t<div class=\"elementor-widget-container\">\n\t\t\t\t\t\t\t<ul class=\"elementor-icon-list-items\">\n\t\t\t\t\t\t\t<li class=\"elementor-icon-list-item\">\n\t\t\t\t\t\t\t\t\t\t\t<span class=\"elementor-icon-list-icon\">\n\t\t\t\t\t\t\t<svg xmlns=\"http:\/\/www.w3.org\/2000\/svg\" id=\"katman_1\" viewBox=\"0 0 48 48\"><defs><style>      .st0 {        fill: #005153;      }    <\/style><\/defs><g id=\"_13-shoot\"><path class=\"st0\" d=\"M34,26c6.6,0,12-5.4,12-12s-5.4-12-12-12-12,5.4-12,12c0,6.6,5.4,12,12,12ZM26.8,20.9h2.2c0-.1.6,2,.6,2-1-.5-2-1.2-2.8-2ZM26,11.4l-1.9,1.2c.2-1.2.5-2.3,1.1-3.3l.8,2.1ZM27.3,12.9l1.9.8,1.2,3.9-.9,1.1-4.2.2c-.7-1.2-1.2-2.6-1.3-4l3.2-2.1ZM34,11.6l2.7,2.1-1,3.2h-3.3l-1-3.2,2.7-2.1ZM38.8,13.7l1.9-.8,3.2,2.1c-.1,1.4-.6,2.8-1.3,4l-4.2-.2-.9-1.1,1.2-3.9ZM42.8,9.3c.5,1,.9,2.1,1.1,3.3l-1.8-1.2.8-2.1ZM31.9,23.8l-1-3.5,1-1.3h4.1l1,1.3-1,3.5c-1.4.3-2.8.3-4.2,0h0ZM38.4,23l.6-2.1h2.2c-.8.9-1.8,1.6-2.8,2.1h0ZM41.4,7.3l-1.4,3.7-2.4,1-2.7-2.1v-2.6l3.1-2.4c1.3.6,2.4,1.4,3.4,2.5ZM35.7,4.2l-1.7,1.4-1.7-1.4c1.1-.2,2.3-.2,3.5,0h0ZM29.9,4.9l3.1,2.4v2.6l-2.7,2.1-2.4-1-1.4-3.7c.9-1,2.1-1.9,3.4-2.5h0Z\"><\/path><path class=\"st0\" d=\"M24.7,23.3c-.4-.4-1-.4-1.4,0L2.3,44.3c-.4.4-.4,1,0,1.4s1,.4,1.4,0c0,0,0,0,0,0l21-21c.4-.4.4-1,0-1.4Z\"><\/path><path class=\"st0\" d=\"M31.7,27.3c-.4-.4-1-.4-1.4,0l-13,13c-.4.4-.4,1,0,1.4.4.4,1,.4,1.4,0,0,0,0,0,0,0l13-13c.4-.4.4-1,0-1.4Z\"><\/path><path class=\"st0\" d=\"M6.7,31.7l14-14c.4-.4.4-1,0-1.4-.4-.4-1-.4-1.4,0l-14,14c-.4.4-.4,1,0,1.4.4.3,1,.3,1.4,0Z\"><\/path><path class=\"st0\" d=\"M41.3,27.3l-11,11c-.4.4-.4,1,0,1.4.2.2.7.7,1.4,0l11-11c.4-.4.4-1,0-1.4-.4-.4-1-.4-1.4,0Z\"><\/path><path class=\"st0\" d=\"M27.3,41.3l-2,2c-.4.4-.4,1,0,1.4.4.4,1,.4,1.4,0,0,0,0,0,0,0l2-2c.4-.4.4-1,0-1.4-.4-.4-1-.4-1.4,0Z\"><\/path><path class=\"st0\" d=\"M31.7,32.3c-.4-.4-1-.4-1.4,0l-2,2c-.4.4-.4,1,0,1.4.4.3,1,.3,1.4,0l2-2c.4-.4.4-1,0-1.4Z\"><\/path><path class=\"st0\" d=\"M15.3,25.3l-2,2c-.4.4-.4,1,0,1.4.4.3,1,.3,1.4,0l2-2c.4-.4.4-1,0-1.4-.4-.4-1-.4-1.4,0Z\"><\/path><path class=\"st0\" d=\"M12.7,16.7l6-6c.4-.4.4-1,0-1.4-.4-.4-1-.4-1.4,0l-6,6c-.4.4-.4,1,0,1.4.4.4,1,.4,1.4,0Z\"><\/path><path class=\"st0\" d=\"M7.7,21.7l2-2c.4-.4.4-1,0-1.4-.4-.4-1-.4-1.4,0l-2,2c-.4.4-.4,1,0,1.4.4.3,1,.3,1.4,0Z\"><\/path><\/g><\/svg>\t\t\t\t\t\t<\/span>\n\t\t\t\t\t\t\t\t\t\t<span class=\"elementor-icon-list-text\">Resmi ve \u00d6zel Ma\u00e7lara Uygun Altyap\u0131:<\/b> D\u00fcnyan\u0131n farkl\u0131 \u00fclkelerinde ger\u00e7ekle\u015ftirdi\u011fimiz ma\u00e7 organizasyonlar\u0131, federasyon kurallar\u0131na uygunluk ve lojistik planlama a\u00e7\u0131s\u0131ndan tam donan\u0131ml\u0131d\u0131r. Rakip tak\u0131m se\u00e7imi, protokol y\u00f6netimi ve teknik organizasyon s\u00fcre\u00e7leri profesyonel ekibimiz taraf\u0131ndan y\u00fcr\u00fct\u00fcl\u00fcr.<\/span>\n\t\t\t\t\t\t\t\t\t<\/li>\n\t\t\t\t\t\t\t\t<li class=\"elementor-icon-list-item\">\n\t\t\t\t\t\t\t\t\t\t\t<span class=\"elementor-icon-list-icon\">\n\t\t\t\t\t\t\t<svg xmlns=\"http:\/\/www.w3.org\/2000\/svg\" id=\"katman_1\" viewBox=\"0 0 48 48\"><defs><style>      .st0 {        fill: #005153;        stroke: #005153;        stroke-miterlimit: 10;        stroke-width: .8px;      }    <\/style><\/defs><g id=\"_14-stadium\"><rect class=\"st0\" x=\"12\" y=\"40\" width=\"2\" height=\"2\"><\/rect><rect class=\"st0\" x=\"6\" y=\"38\" width=\"2\" height=\"2\"><\/rect><rect class=\"st0\" x=\"34\" y=\"40\" width=\"2\" height=\"2\"><\/rect><rect class=\"st0\" x=\"40\" y=\"38\" width=\"2\" height=\"2\"><\/rect><path class=\"st0\" d=\"M41,14.2v-5.2h6V3h-8v10.7c-4.6-1.1-9.3-1.6-14-1.7v-6h6V0h-8v12c-4.7,0-9.4.6-14,1.7v-4.7h6V3H7v11.2c-4.2,1.4-7,3.3-7,5.8v20c0,5.2,12.4,8,24,8s3.3,0,5-.2v.2h2v-.3c9.1-.9,17-3.5,17-7.7v-20c0-2.5-2.8-4.4-7-5.8ZM41,5h4v2h-4v-2ZM25,2h4v2h-4v-2ZM9,5h4v2h-4v-2ZM46,20c0,.8-.9,1.7-2.6,2.6-1.6-.7-3.2-1.3-4.9-1.7l2-4.7c3.5,1.2,5.4,2.6,5.4,3.8ZM25,19v-4h-2v4c-3.9,0-7.8.5-11.6,1.4l-2-4.7c4.8-1.2,9.7-1.7,14.6-1.6,4.9,0,9.8.5,14.6,1.6l-2,4.7c-3.8-.9-7.7-1.3-11.6-1.4ZM24,21c5.7,0,11.4.8,16.8,2.7-5.4,1.7-11.1,2.4-16.8,2.3-5.7.1-11.4-.6-16.8-2.3,5.4-1.9,11.1-2.8,16.8-2.7ZM7.4,16.2l2,4.7c-1.7.4-3.3,1-4.9,1.7-1.7-.9-2.6-1.8-2.6-2.6,0-1.2,1.9-2.6,5.4-3.8ZM24,46c-1.8,0-3.4,0-5-.2v-9.8h10v9.8c-1.6.1-3.2.2-5,.2ZM34.1,37c4.3-.6,9.2-1.8,11.9-3.7v6.7c0,2-5.6,4.7-15,5.7v-10.7c0-.6-.4-1-1-1h-12c-.6,0-1,.4-1,1v10.7c-9.4-.9-15-3.6-15-5.7v-6.7c2.7,1.9,7.5,3.1,11.9,3.7l.3-2c-9-1.3-12.1-3.5-12.1-5v-6.6c.7.6,1.6,1,2.4,1.4h0c0,.1,0,0,0,0,4.6,2.1,12.2,3.2,19.4,3.2s14.8-1.1,19.4-3.2h0s0,0,0,0c.9-.4,1.7-.8,2.4-1.4v6.6c0,1.5-3.2,3.7-12.1,5l.3,2Z\"><\/path><rect class=\"st0\" x=\"12\" y=\"30\" width=\"2\" height=\"2\"><\/rect><rect class=\"st0\" x=\"6\" y=\"28\" width=\"2\" height=\"2\"><\/rect><rect class=\"st0\" x=\"34\" y=\"30\" width=\"2\" height=\"2\"><\/rect><rect class=\"st0\" x=\"40\" y=\"28\" width=\"2\" height=\"2\"><\/rect><\/g><\/svg>\t\t\t\t\t\t<\/span>\n\t\t\t\t\t\t\t\t\t\t<span class=\"elementor-icon-list-text\"><b>Modern ve Lisansl\u0131 Tesisler:<\/b> Uluslararas\u0131 standartlara uygun stadyumlar, antrenman sahalar\u0131 ve destek tesisleriyle her seviyede ma\u00e7a ev sahipli\u011fi yap\u0131yoruz. Her organizasyon \u00f6ncesi saha, soyunma odalar\u0131, bas\u0131n alanlar\u0131 ve VIP b\u00f6l\u00fcmleri detayl\u0131 \u015fekilde haz\u0131rlan\u0131r.<\/span>\n\t\t\t\t\t\t\t\t\t<\/li>\n\t\t\t\t\t\t\t\t<li class=\"elementor-icon-list-item\">\n\t\t\t\t\t\t\t\t\t\t\t<span class=\"elementor-icon-list-icon\">\n\t\t\t\t\t\t\t<i aria-hidden=\"true\" class=\"fal fa-camera-movie\"><\/i>\t\t\t\t\t\t<\/span>\n\t\t\t\t\t\t\t\t\t\t<span class=\"elementor-icon-list-text\"><b>T\u00fcm Medya Hizmetleri Tek Elden:<\/b> Organizasyon s\u00fcrecinde; \u2022\tMa\u00e7 \u00e7ekimleri ve canl\u0131 yay\u0131n \u2022\tBas\u0131n toplant\u0131lar\u0131 ve r\u00f6portaj organizasyonlar\u0131 \u2022\tSosyal medya y\u00f6netimi ve dijital i\u00e7erik \u00fcretimi hizmetlerini anahtar teslim sunuyoruz. Medya g\u00f6r\u00fcn\u00fcrl\u00fc\u011f\u00fcn\u00fcz bizimle emin ellerde.<\/span>\n\t\t\t\t\t\t\t\t\t<\/li>\n\t\t\t\t\t\t\t\t<li class=\"elementor-icon-list-item\">\n\t\t\t\t\t\t\t\t\t\t\t<span class=\"elementor-icon-list-icon\">\n\t\t\t\t\t\t\t<i aria-hidden=\"true\" class=\"fal fa-handshake-alt\"><\/i>\t\t\t\t\t\t<\/span>\n\t\t\t\t\t\t\t\t\t\t<span class=\"elementor-icon-list-text\"><b>Sponsorluk ve Gelir Modellemesi:<\/b>  Ma\u00e7lar\u0131n\u0131za de\u011fer katmak i\u00e7in sponsor i\u015f birlikleri geli\u015ftiriyor, reklam alanlar\u0131, LED panolar, forma sponsorlu\u011fu ve di\u011fer ticari f\u0131rsatlar\u0131 kul\u00fcpler ad\u0131na planl\u0131yor ve uyguluyoruz. B\u00f6ylece sadece sportif de\u011fil, ekonomik de\u011fer de \u00fcretiyoruz.<\/span>\n\t\t\t\t\t\t\t\t\t<\/li>\n\t\t\t\t\t\t\t\t<li class=\"elementor-icon-list-item\">\n\t\t\t\t\t\t\t\t\t\t\t<span class=\"elementor-icon-list-icon\">\n\t\t\t\t\t\t\t<i aria-hidden=\"true\" class=\"fal fa-ticket-alt\"><\/i>\t\t\t\t\t\t<\/span>\n\t\t\t\t\t\t\t\t\t\t<span class=\"elementor-icon-list-text\"><b>Biletleme ve Gelir Y\u00f6netimi:<\/b>  Ma\u00e7lar\u0131n bilet sat\u0131\u015f sistemini kuruyor, online ve fiziki biletleme s\u00fcre\u00e7lerini y\u00f6netiyoruz. Trib\u00fcn dolulu\u011fu ve seyirci memnuniyeti odakl\u0131 \u00e7al\u0131\u015fmalarla hem g\u00f6rsel kaliteyi hem de gelirleri maksimize ediyoruz.<\/span>\n\t\t\t\t\t\t\t\t\t<\/li>\n\t\t\t\t\t\t\t\t<li class=\"elementor-icon-list-item\">\n\t\t\t\t\t\t\t\t\t\t\t<span class=\"elementor-icon-list-icon\">\n\t\t\t\t\t\t\t<i aria-hidden=\"true\" class=\"fal fa-chart-network\"><\/i>\t\t\t\t\t\t<\/span>\n\t\t\t\t\t\t\t\t\t\t<span class=\"elementor-icon-list-text\"><b>Uluslararas\u0131 A\u011f ve Ula\u015f\u0131labilirlik:<\/b>  Avrupa, Orta Do\u011fu, Asya ve Afrika'daki g\u00fc\u00e7l\u00fc partner a\u011f\u0131m\u0131z sayesinde, istedi\u011finiz \u00fclkede ma\u00e7 organizasyonu yapmak bizim i\u00e7in sadece bir planlama meselesi. Rakip bulmaktan seyahat organizasyonuna kadar her ad\u0131m\u0131 sizin ad\u0131n\u0131za koordine ediyoruz.<\/span>\n\t\t\t\t\t\t\t\t\t<\/li>\n\t\t\t\t\t\t<\/ul>\n\t\t\t\t\t\t<\/div>\n\t\t\t\t<\/div>\n\t\t\t\t<div class=\"elementor-element elementor-element-635c5e8d elementor-widget elementor-widget-pxl_text_editor\" data-id=\"635c5e8d\" data-element_type=\"widget\" data-widget_type=\"pxl_text_editor.default\">\n\t\t\t\t<div class=\"elementor-widget-container\">\n\t\t\t\t\t<div class=\"pxl-text-editor highlight-gradient\">\n\t<div class=\"pxl-item--inner  \" data-wow-delay=\"ms\">\n\t\t<p>\u00a0<\/p><p><strong>Saha \u0130\u00e7inde ve D\u0131\u015f\u0131nda Tam Kontrol<\/strong><\/p><p>Profesyonel kul\u00fcpler ve milli tak\u0131mlar i\u00e7in organize etti\u011fimiz uluslararas\u0131 ma\u00e7lar, yaln\u0131zca bir 90 dakika de\u011fil; prestij, g\u00f6r\u00fcn\u00fcrl\u00fck ve marka de\u011ferine katk\u0131 sa\u011flayan kapsaml\u0131 projelerdir. Her organizasyon; kalite, \u015feffafl\u0131k ve y\u00fcksek memnuniyet ilkeleriyle ger\u00e7ekle\u015ftirilir.<\/p><p>Tak\u0131m\u0131n\u0131z i\u00e7in \u00f6zel haz\u0131rlanm\u0131\u015f uluslararas\u0131 ma\u00e7 organizasyonu teklifini almak ve profesyonel planlamaya ilk ad\u0131m\u0131 atmak i\u00e7in:<\/p>\t\t\n\t<\/div>\n<\/div>\t\t\t\t<\/div>\n\t\t\t\t<\/div>\n\t\t\t\t<div class=\"elementor-element elementor-element-63c5e437 elementor-widget-widescreen__width-inherit elementor-widget elementor-widget-pxl_button\" data-id=\"63c5e437\" data-element_type=\"widget\" data-widget_type=\"pxl_button.default\">\n\t\t\t\t<div class=\"elementor-widget-container\">\n\t\t\t\t\t<div id=\"pxl-pxl_button-63c5e437-4582\" class=\"pxl-button pxl-atc-link \" data-wow-delay=\"ms\">\r\n    <a href=\"https:\/\/treusports.com\/tr\/talep-formu\" class=\"btn pxl-icon-active btn-block-inline  btn-icon-box3 pxl-icon--right\">\r\n                    <span class=\"pxl--btn-icon\">\r\n                <i aria-hidden=\"true\" class=\"fal fa-arrow-alt-right\"><\/i>                                                    <span class=\"pxl-divider-circle\">\r\n                        <svg width=\"100%\" height=\"100%\" viewBox=\"-1 -1 102 102\">\r\n                            <path d=\"M50,1 a49,49 0 0,1 0,98 a49,49 0 0,1 0,-98\"\/>\r\n                        <\/svg>\r\n                    <\/span>\r\n                            <\/span>\r\n                \r\n                    <span class=\"pxl--btn-text\" data-text=\"Bizimle \u015fimdi ileti\u015fime ge\u00e7in!\">\r\n                Bizimle \u015fimdi ileti\u015fime ge\u00e7in!            <\/span>\r\n            <\/a>\r\n<\/div>\t\t\t\t<\/div>\n\t\t\t\t<\/div>\n\t\t            <\/div>\r\n        <\/div>\r\n        \t\t\t<\/div>\n\t\t<\/section>\n\t\t\t\t<\/div>\n\t\t","protected":false},"excerpt":{"rendered":"<p>TREU SPORTS ORGANIZATION COMPANY MA\u00c7 ORGAN\u0130ZASYONLARI Uluslararas\u0131 Resmi ve \u00d6zel Ma\u00e7 Organizasyonlar\u0131 Profesyonel Tak\u0131mlar ve Milli Ekipler \u0130\u00e7in Anahtar Teslim Ma\u00e7 Organizasyonu Futbol d\u00fcnyas\u0131nda fark yaratan resmi ya da \u00f6zel ma\u00e7lar, yaln\u0131zca saha i\u00e7inde de\u011fil, t\u00fcm organizasyon s\u00fcre\u00e7lerinde profesyonellik ister. \u0130\u015fte tam bu noktada devreye giriyoruz. Uluslararas\u0131 \u00f6l\u00e7ekte resmi ve \u00f6zel ma\u00e7 organizasyonlar\u0131 ger\u00e7ekle\u015ftiren profesyonel [&hellip;]<\/p>\n","protected":false},"author":1,"featured_media":0,"parent":0,"menu_order":0,"comment_status":"closed","ping_status":"closed","template":"","meta":{"_eb_attr":"","footnotes":""},"class_list":["post-20281","page","type-page","status-publish","hentry"],"_links":{"self":[{"href":"https:\/\/treusports.com\/tr\/wp-json\/wp\/v2\/pages\/20281","targetHints":{"allow":["GET"]}}],"collection":[{"href":"https:\/\/treusports.com\/tr\/wp-json\/wp\/v2\/pages"}],"about":[{"href":"https:\/\/treusports.com\/tr\/wp-json\/wp\/v2\/types\/page"}],"author":[{"embeddable":true,"href":"https:\/\/treusports.com\/tr\/wp-json\/wp\/v2\/users\/1"}],"replies":[{"embeddable":true,"href":"https:\/\/treusports.com\/tr\/wp-json\/wp\/v2\/comments?post=20281"}],"version-history":[{"count":19,"href":"https:\/\/treusports.com\/tr\/wp-json\/wp\/v2\/pages\/20281\/revisions"}],"predecessor-version":[{"id":23445,"href":"https:\/\/treusports.com\/tr\/wp-json\/wp\/v2\/pages\/20281\/revisions\/23445"}],"wp:attachment":[{"href":"https:\/\/treusports.com\/tr\/wp-json\/wp\/v2\/media?parent=20281"}],"curies":[{"name":"wp","href":"https:\/\/api.w.org\/{rel}","templated":true}]}}