{"id":20271,"date":"2025-06-08T18:27:33","date_gmt":"2025-06-08T18:27:33","guid":{"rendered":"https:\/\/treusports.com\/?page_id=20271"},"modified":"2025-07-14T22:05:35","modified_gmt":"2025-07-14T22:05:35","slug":"futbol-turnuvalari","status":"publish","type":"page","link":"https:\/\/treusports.com\/tr\/futbol-turnuvalari\/","title":{"rendered":"FUTBOL TURNUVALARI"},"content":{"rendered":"\t\t<div data-elementor-type=\"wp-page\" data-elementor-id=\"20271\" class=\"elementor elementor-20271\">\n\t\t\t\t        <section class=\"elementor-section elementor-top-section elementor-element elementor-element-93a8d4d elementor-section-boxed elementor-section-height-default elementor-section-height-default pxl-row-scroll-none pxl-zoom-point-false pxl-section-overflow-visible pxl-section-fix-none pxl-bg-color-none pxl-section-overlay-none\" data-id=\"93a8d4d\" data-element_type=\"section\">\n\n                \n                <div class=\"elementor-container elementor-column-gap-default \">\n                <div class=\"elementor-column elementor-col-100 elementor-top-column elementor-element elementor-element-71b8b7a pxl-column-none pxl-column-overflow-hidden-no\" data-id=\"71b8b7a\" data-element_type=\"column\">\r\n        <div class=\"elementor-widget-wrap elementor-element-populated\">\r\n                     \r\n                <section class=\"elementor-section elementor-inner-section elementor-element elementor-element-9963234 elementor-section-boxed elementor-section-height-default elementor-section-height-default pxl-row-scroll-none pxl-zoom-point-false pxl-section-overflow-visible pxl-section-fix-none pxl-bg-color-none pxl-section-overlay-none\" data-id=\"9963234\" data-element_type=\"section\" data-settings=\"{&quot;background_background&quot;:&quot;classic&quot;}\">\n\n                            <div class=\"elementor-background-overlay\"><\/div>\n            \n                <div class=\"elementor-container elementor-column-gap-default \">\n                <div class=\"elementor-column elementor-col-100 elementor-inner-column elementor-element elementor-element-40fcff5 pxl-column-none pxl-column-overflow-hidden-no\" data-id=\"40fcff5\" data-element_type=\"column\">\r\n        <div class=\"elementor-widget-wrap elementor-element-populated\">\r\n                     \r\n        \t\t<div class=\"elementor-element elementor-element-823fccb elementor-widget elementor-widget-pxl_heading\" data-id=\"823fccb\" data-element_type=\"widget\" data-widget_type=\"pxl_heading.default\">\n\t\t\t\t<div class=\"elementor-widget-container\">\n\t\t\t\t\t\n<div id=\"pxl-pxl_heading-823fccb-3165\" class=\"pxl-heading px-sub-title-box-style \">\n\t<div class=\"pxl-heading--inner\">\n\t\t\t\t\t<div class=\"pxl-item--subtitle px-sub-title-box wow PXLfadeInUp\" data-wow-delay=\"400ms\">\n\t\t\t\t<span class=\"pxl-item--subtext\">\n\t\t\t\t\t\t\t\t\t\t\t\t\t\t\t\t\t\t\t\t<span class=\" \">TREU SPORTS ORGANIZATION COMPANY<\/span>\n\t\t\t\t<\/span>\n\t\t\t<\/div>\n\t\t\n\t\t<h3 class=\"pxl-item--title style-default highlight-default wow PXLfadeInUp\" data-wow-delay=\"400ms\">\n\n\t\t\t<span class=\"pxl-heading--text \">\n\n\t\t\t\t\t\t\t\t\tFUTBOL TURNUVALARI\t\n\t\t\t\t\t\n\n\t\t\t<\/span>\n\t\t<\/h3>\n\t\t\n\t<\/div>\n<\/div>\t\t\t\t<\/div>\n\t\t\t\t<\/div>\n\t\t\t\t<div class=\"elementor-element elementor-element-5d5b213 elementor-hidden-mobile_extra elementor-hidden-mobile elementor-widget elementor-widget-pxl_text_editor\" data-id=\"5d5b213\" data-element_type=\"widget\" data-widget_type=\"pxl_text_editor.default\">\n\t\t\t\t<div class=\"elementor-widget-container\">\n\t\t\t\t\t<div class=\"pxl-text-editor highlight-gradient\">\n\t<div class=\"pxl-item--inner wow PXLfadeInUp \" data-wow-delay=\"500ms\">\n\t\t<h4><span style=\"color: #ffffff\"><strong>Antalya ve Almanya\u2019da Profesyonel Futbol Turnuvalar\u0131<\/strong><\/span><br \/><span style=\"color: #ffffff\"><strong>Her Seviyeye Uygun, Modern Tesislerde Uluslararas\u0131 Standartlarda Organizasyonlar<\/strong><\/span><\/h4><p>Futbolun farkl\u0131 ya\u015f ve seviyelerdeki temsilcileri i\u00e7in unutulmaz bir deneyim sunan <strong>Antalya ve Almanya merkezli futbol turnuvalar\u0131m\u0131z<\/strong>, profesyonel organizasyon anlay\u0131\u015f\u0131m\u0131z, modern tesis altyap\u0131m\u0131z ve uluslararas\u0131 kat\u0131l\u0131mc\u0131 profiliyle fark yarat\u0131yor.<\/p>\t\t\n\t<\/div>\n<\/div>\t\t\t\t<\/div>\n\t\t\t\t<\/div>\n\t\t            <\/div>\r\n        <\/div>\r\n        \t\t\t<\/div>\n\t\t<\/section>\n\t\t            <\/div>\r\n        <\/div>\r\n        \t\t\t<\/div>\n\t\t<\/section>\n\t\t<div class=\"elementor-element elementor-element-8f46ff1 elementor-hidden-widescreen elementor-hidden-desktop elementor-hidden-laptop elementor-hidden-tablet_extra elementor-hidden-tablet e-flex e-con-boxed e-con e-parent \" data-id=\"8f46ff1\" data-element_type=\"container\">\t\t\t<div class=\"e-con-inner\">\r\n\t\t\t\t<div class=\"elementor-element elementor-element-e61a3f8 elementor-hidden-widescreen elementor-hidden-desktop elementor-hidden-laptop elementor-hidden-tablet_extra elementor-hidden-tablet elementor-widget elementor-widget-pxl_text_editor\" data-id=\"e61a3f8\" data-element_type=\"widget\" data-widget_type=\"pxl_text_editor.default\">\n\t\t\t\t<div class=\"elementor-widget-container\">\n\t\t\t\t\t<div class=\"pxl-text-editor highlight-gradient\">\n\t<div class=\"pxl-item--inner wow PXLfadeInUp \" data-wow-delay=\"500ms\">\n\t\t<h6><span style=\"color: #005153\"><strong>Antalya ve Almanya\u2019da Profesyonel Futbol Turnuvalar\u0131<\/strong><\/span><br \/><span style=\"color: #005153\"><strong>Her Seviyeye Uygun, Modern Tesislerde Uluslararas\u0131 Standartlarda Organizasyonlar<\/strong><\/span><\/h6><p><span style=\"color: #005153\">Futbolun farkl\u0131 ya\u015f ve seviyelerdeki temsilcileri i\u00e7in unutulmaz bir deneyim sunan <strong>Antalya ve Almanya merkezli futbol turnuvalar\u0131m\u0131z<\/strong>, profesyonel organizasyon anlay\u0131\u015f\u0131m\u0131z, modern tesis altyap\u0131m\u0131z ve uluslararas\u0131 kat\u0131l\u0131mc\u0131 profiliyle fark yarat\u0131yor.<\/span><\/p>\t\t\n\t<\/div>\n<\/div>\t\t\t\t<\/div>\n\t\t\t\t<\/div>\n\t\t\t\t\t<\/div>\r\n\t\t\t\t<\/div>\r\n\t\t        <section class=\"elementor-section elementor-top-section elementor-element elementor-element-249a16fe pxl-row-scroll-fixed servive-details-container elementor-section-boxed elementor-section-height-default elementor-section-height-default pxl-zoom-point-false pxl-section-overflow-visible pxl-section-fix-none pxl-bg-color-none pxl-section-overlay-none\" data-id=\"249a16fe\" data-element_type=\"section\" id=\"neden\">\n\n                \n                <div class=\"elementor-container elementor-column-gap-default \">\n                <div class=\"elementor-column elementor-col-100 elementor-top-column elementor-element elementor-element-5c92a6f5 service-col-2 pxl-column-none pxl-column-overflow-hidden-no\" data-id=\"5c92a6f5\" data-element_type=\"column\">\r\n        <div class=\"elementor-widget-wrap elementor-element-populated\">\r\n                     \r\n        \t\t<div class=\"elementor-element elementor-element-46c1e46d elementor-widget elementor-widget-pxl_heading\" data-id=\"46c1e46d\" data-element_type=\"widget\" data-widget_type=\"pxl_heading.default\">\n\t\t\t\t<div class=\"elementor-widget-container\">\n\t\t\t\t\t\n<div id=\"pxl-pxl_heading-46c1e46d-3390\" class=\"pxl-heading px-sub-title-default-style \">\n\t<div class=\"pxl-heading--inner\">\n\t\t\n\t\t<h3 class=\"pxl-item--title style-default highlight-default \" data-wow-delay=\"ms\">\n\n\t\t\t<span class=\"pxl-heading--text pxl-heading-divider\">\n\n\t\t\t\t\t\t\t\t\tNeden Bizimle Turnuva?\t\n\t\t\t\t\t\n\n\t\t\t<\/span>\n\t\t<\/h3>\n\t\t\n\t<\/div>\n<\/div>\t\t\t\t<\/div>\n\t\t\t\t<\/div>\n\t\t\t\t<div class=\"elementor-element elementor-element-77390dcb elementor-align-left elementor-icon-list--layout-traditional elementor-list-item-link-full_width elementor-widget elementor-widget-icon-list\" data-id=\"77390dcb\" data-element_type=\"widget\" data-widget_type=\"icon-list.default\">\n\t\t\t\t<div class=\"elementor-widget-container\">\n\t\t\t\t\t\t\t<ul class=\"elementor-icon-list-items\">\n\t\t\t\t\t\t\t<li class=\"elementor-icon-list-item\">\n\t\t\t\t\t\t\t\t\t\t\t<span class=\"elementor-icon-list-icon\">\n\t\t\t\t\t\t\t<svg xmlns=\"http:\/\/www.w3.org\/2000\/svg\" id=\"katman_1\" viewBox=\"0 0 48 48\"><defs><style>      .st0 {        fill: #005153;      }    <\/style><\/defs><g id=\"_13-shoot\"><path class=\"st0\" d=\"M34,26c6.6,0,12-5.4,12-12s-5.4-12-12-12-12,5.4-12,12c0,6.6,5.4,12,12,12ZM26.8,20.9h2.2c0-.1.6,2,.6,2-1-.5-2-1.2-2.8-2ZM26,11.4l-1.9,1.2c.2-1.2.5-2.3,1.1-3.3l.8,2.1ZM27.3,12.9l1.9.8,1.2,3.9-.9,1.1-4.2.2c-.7-1.2-1.2-2.6-1.3-4l3.2-2.1ZM34,11.6l2.7,2.1-1,3.2h-3.3l-1-3.2,2.7-2.1ZM38.8,13.7l1.9-.8,3.2,2.1c-.1,1.4-.6,2.8-1.3,4l-4.2-.2-.9-1.1,1.2-3.9ZM42.8,9.3c.5,1,.9,2.1,1.1,3.3l-1.8-1.2.8-2.1ZM31.9,23.8l-1-3.5,1-1.3h4.1l1,1.3-1,3.5c-1.4.3-2.8.3-4.2,0h0ZM38.4,23l.6-2.1h2.2c-.8.9-1.8,1.6-2.8,2.1h0ZM41.4,7.3l-1.4,3.7-2.4,1-2.7-2.1v-2.6l3.1-2.4c1.3.6,2.4,1.4,3.4,2.5ZM35.7,4.2l-1.7,1.4-1.7-1.4c1.1-.2,2.3-.2,3.5,0h0ZM29.9,4.9l3.1,2.4v2.6l-2.7,2.1-2.4-1-1.4-3.7c.9-1,2.1-1.9,3.4-2.5h0Z\"><\/path><path class=\"st0\" d=\"M24.7,23.3c-.4-.4-1-.4-1.4,0L2.3,44.3c-.4.4-.4,1,0,1.4s1,.4,1.4,0c0,0,0,0,0,0l21-21c.4-.4.4-1,0-1.4Z\"><\/path><path class=\"st0\" d=\"M31.7,27.3c-.4-.4-1-.4-1.4,0l-13,13c-.4.4-.4,1,0,1.4.4.4,1,.4,1.4,0,0,0,0,0,0,0l13-13c.4-.4.4-1,0-1.4Z\"><\/path><path class=\"st0\" d=\"M6.7,31.7l14-14c.4-.4.4-1,0-1.4-.4-.4-1-.4-1.4,0l-14,14c-.4.4-.4,1,0,1.4.4.3,1,.3,1.4,0Z\"><\/path><path class=\"st0\" d=\"M41.3,27.3l-11,11c-.4.4-.4,1,0,1.4.2.2.7.7,1.4,0l11-11c.4-.4.4-1,0-1.4-.4-.4-1-.4-1.4,0Z\"><\/path><path class=\"st0\" d=\"M27.3,41.3l-2,2c-.4.4-.4,1,0,1.4.4.4,1,.4,1.4,0,0,0,0,0,0,0l2-2c.4-.4.4-1,0-1.4-.4-.4-1-.4-1.4,0Z\"><\/path><path class=\"st0\" d=\"M31.7,32.3c-.4-.4-1-.4-1.4,0l-2,2c-.4.4-.4,1,0,1.4.4.3,1,.3,1.4,0l2-2c.4-.4.4-1,0-1.4Z\"><\/path><path class=\"st0\" d=\"M15.3,25.3l-2,2c-.4.4-.4,1,0,1.4.4.3,1,.3,1.4,0l2-2c.4-.4.4-1,0-1.4-.4-.4-1-.4-1.4,0Z\"><\/path><path class=\"st0\" d=\"M12.7,16.7l6-6c.4-.4.4-1,0-1.4-.4-.4-1-.4-1.4,0l-6,6c-.4.4-.4,1,0,1.4.4.4,1,.4,1.4,0Z\"><\/path><path class=\"st0\" d=\"M7.7,21.7l2-2c.4-.4.4-1,0-1.4-.4-.4-1-.4-1.4,0l-2,2c-.4.4-.4,1,0,1.4.4.3,1,.3,1.4,0Z\"><\/path><\/g><\/svg>\t\t\t\t\t\t<\/span>\n\t\t\t\t\t\t\t\t\t\t<span class=\"elementor-icon-list-text\"><b>\u00dcst D\u00fczey Rakiplerle Haz\u0131rl\u0131k Ma\u00e7:<\/b> Uzun y\u0131llara dayanan tecr\u00fcbemizle organize etti\u011fimiz turnuvalarda, her detay titizlikle planlan\u0131r. Fikst\u00fcr d\u00fczenlemesinden hakem atamalar\u0131na, saha haz\u0131rl\u0131klar\u0131ndan sa\u011fl\u0131k ve g\u00fcvenlik \u00f6nlemlerine kadar t\u00fcm s\u00fcre\u00e7ler uzman ekiplerimiz taraf\u0131ndan y\u00f6netilir.<\/span>\n\t\t\t\t\t\t\t\t\t<\/li>\n\t\t\t\t\t\t\t\t<li class=\"elementor-icon-list-item\">\n\t\t\t\t\t\t\t\t\t\t\t<span class=\"elementor-icon-list-icon\">\n\t\t\t\t\t\t\t<svg xmlns=\"http:\/\/www.w3.org\/2000\/svg\" id=\"katman_1\" viewBox=\"0 0 48 48\"><defs><style>      .st0 {        fill: #005153;        stroke: #005153;        stroke-miterlimit: 10;        stroke-width: .8px;      }    <\/style><\/defs><g id=\"_14-stadium\"><rect class=\"st0\" x=\"12\" y=\"40\" width=\"2\" height=\"2\"><\/rect><rect class=\"st0\" x=\"6\" y=\"38\" width=\"2\" height=\"2\"><\/rect><rect class=\"st0\" x=\"34\" y=\"40\" width=\"2\" height=\"2\"><\/rect><rect class=\"st0\" x=\"40\" y=\"38\" width=\"2\" height=\"2\"><\/rect><path class=\"st0\" d=\"M41,14.2v-5.2h6V3h-8v10.7c-4.6-1.1-9.3-1.6-14-1.7v-6h6V0h-8v12c-4.7,0-9.4.6-14,1.7v-4.7h6V3H7v11.2c-4.2,1.4-7,3.3-7,5.8v20c0,5.2,12.4,8,24,8s3.3,0,5-.2v.2h2v-.3c9.1-.9,17-3.5,17-7.7v-20c0-2.5-2.8-4.4-7-5.8ZM41,5h4v2h-4v-2ZM25,2h4v2h-4v-2ZM9,5h4v2h-4v-2ZM46,20c0,.8-.9,1.7-2.6,2.6-1.6-.7-3.2-1.3-4.9-1.7l2-4.7c3.5,1.2,5.4,2.6,5.4,3.8ZM25,19v-4h-2v4c-3.9,0-7.8.5-11.6,1.4l-2-4.7c4.8-1.2,9.7-1.7,14.6-1.6,4.9,0,9.8.5,14.6,1.6l-2,4.7c-3.8-.9-7.7-1.3-11.6-1.4ZM24,21c5.7,0,11.4.8,16.8,2.7-5.4,1.7-11.1,2.4-16.8,2.3-5.7.1-11.4-.6-16.8-2.3,5.4-1.9,11.1-2.8,16.8-2.7ZM7.4,16.2l2,4.7c-1.7.4-3.3,1-4.9,1.7-1.7-.9-2.6-1.8-2.6-2.6,0-1.2,1.9-2.6,5.4-3.8ZM24,46c-1.8,0-3.4,0-5-.2v-9.8h10v9.8c-1.6.1-3.2.2-5,.2ZM34.1,37c4.3-.6,9.2-1.8,11.9-3.7v6.7c0,2-5.6,4.7-15,5.7v-10.7c0-.6-.4-1-1-1h-12c-.6,0-1,.4-1,1v10.7c-9.4-.9-15-3.6-15-5.7v-6.7c2.7,1.9,7.5,3.1,11.9,3.7l.3-2c-9-1.3-12.1-3.5-12.1-5v-6.6c.7.6,1.6,1,2.4,1.4h0c0,.1,0,0,0,0,4.6,2.1,12.2,3.2,19.4,3.2s14.8-1.1,19.4-3.2h0s0,0,0,0c.9-.4,1.7-.8,2.4-1.4v6.6c0,1.5-3.2,3.7-12.1,5l.3,2Z\"><\/path><rect class=\"st0\" x=\"12\" y=\"30\" width=\"2\" height=\"2\"><\/rect><rect class=\"st0\" x=\"6\" y=\"28\" width=\"2\" height=\"2\"><\/rect><rect class=\"st0\" x=\"34\" y=\"30\" width=\"2\" height=\"2\"><\/rect><rect class=\"st0\" x=\"40\" y=\"28\" width=\"2\" height=\"2\"><\/rect><\/g><\/svg>\t\t\t\t\t\t<\/span>\n\t\t\t\t\t\t\t\t\t\t<span class=\"elementor-icon-list-text\"><b>Modern ve Donan\u0131ml\u0131 Tesisler:<\/b> Antalya\u2019daki iklim avantaj\u0131na sahip tesislerimiz ve Almanya\u2019daki \u00fcst d\u00fczey sahalar, t\u00fcm ya\u015f gruplar\u0131n\u0131n profesyonel seviyede performans sergileyebilece\u011fi \u015fekilde dizayn edilmi\u015ftir. UEFA standartlar\u0131ndaki \u00e7im sahalar, soyunma odalar\u0131, analiz odalar\u0131 ve antrenman alanlar\u0131yla eksiksiz bir deneyim sunuyoruz.<\/span>\n\t\t\t\t\t\t\t\t\t<\/li>\n\t\t\t\t\t\t\t\t<li class=\"elementor-icon-list-item\">\n\t\t\t\t\t\t\t\t\t\t\t<span class=\"elementor-icon-list-icon\">\n\t\t\t\t\t\t\t<i aria-hidden=\"true\" class=\"flaticon flaticon-earth-globe\"><\/i>\t\t\t\t\t\t<\/span>\n\t\t\t\t\t\t\t\t\t\t<span class=\"elementor-icon-list-text\"><b>Uluslararas\u0131 Kat\u0131l\u0131mc\u0131 Profili \u2013 Elit Tak\u0131mlarla Rekabet:<\/b> Turnuvalar\u0131m\u0131za Avrupa\u2019dan, Orta Do\u011fu\u2019dan ve T\u00fcrkiye\u2019den profesyonel futbol kul\u00fcpleri, milli tak\u0131mlar, veteran ekipler ve altyap\u0131 tak\u0131mlar\u0131 kat\u0131l\u0131m g\u00f6steriyor. Bu yap\u0131, hem oyuncular\u0131n geli\u015fimini h\u0131zland\u0131r\u0131yor hem de kul\u00fcplerin marka de\u011ferine katk\u0131 sa\u011fl\u0131yor.<\/span>\n\t\t\t\t\t\t\t\t\t<\/li>\n\t\t\t\t\t\t\t\t<li class=\"elementor-icon-list-item\">\n\t\t\t\t\t\t\t\t\t\t\t<span class=\"elementor-icon-list-icon\">\n\t\t\t\t\t\t\t<i aria-hidden=\"true\" class=\"fal fa-solar-system\"><\/i>\t\t\t\t\t\t<\/span>\n\t\t\t\t\t\t\t\t\t\t<span class=\"elementor-icon-list-text\"><b>Her Segment \u0130\u00e7in \u00d6zel \u00c7\u00f6z\u00fcmler:<\/b> Gen\u00e7 ve \u00e7ocuk gruplar\u0131ndan veteranlara kadar farkl\u0131 ya\u015f ve seviye gruplar\u0131 i\u00e7in turnuva organizasyonlar\u0131m\u0131z; b\u00fct\u00e7e dostu, kapsaml\u0131 ve ihtiyaca uygun olarak planlan\u0131r. Ekonomik ama kaliteden \u00f6d\u00fcn vermeyen paket se\u00e7eneklerimiz ile t\u00fcm kul\u00fcpler i\u00e7in ula\u015f\u0131labiliriz.<\/span>\n\t\t\t\t\t\t\t\t\t<\/li>\n\t\t\t\t\t\t<\/ul>\n\t\t\t\t\t\t<\/div>\n\t\t\t\t<\/div>\n\t\t\t\t<div class=\"elementor-element elementor-element-b4c1fe1 elementor-widget elementor-widget-pxl_heading\" data-id=\"b4c1fe1\" data-element_type=\"widget\" data-widget_type=\"pxl_heading.default\">\n\t\t\t\t<div class=\"elementor-widget-container\">\n\t\t\t\t\t\n<div id=\"pxl-pxl_heading-b4c1fe1-8718\" class=\"pxl-heading px-sub-title-default-style \">\n\t<div class=\"pxl-heading--inner\">\n\t\t\n\t\t<h3 class=\"pxl-item--title style-default highlight-default \" data-wow-delay=\"ms\">\n\n\t\t\t<span class=\"pxl-heading--text \">\n\n\t\t\t\t\t\t\t\t\tKapsaml\u0131 Turnuva Hizmetleri\t\n\t\t\t\t\t\n\n\t\t\t<\/span>\n\t\t<\/h3>\n\t\t\n\t<\/div>\n<\/div>\t\t\t\t<\/div>\n\t\t\t\t<\/div>\n\t\t\t\t<div class=\"elementor-element elementor-element-1378a47a elementor-widget elementor-widget-pxl_list\" data-id=\"1378a47a\" data-element_type=\"widget\" data-widget_type=\"pxl_list.default\">\n\t\t\t\t<div class=\"elementor-widget-container\">\n\t\t\t\t\t    <div class=\"pxl-list pxl-list1 pxl-list-column \" data-wow-delay=\"ms\">\r\n                    <div class=\"pxl--item list-icon\">\r\n                <div class=\"pxl-item--meta\">\r\n                                                                <div class=\"pxl-item--icon pxl-icon--box \">\r\n                            <i aria-hidden=\"true\" class=\"far fa-check-circle\"><\/i>                        <\/div>\r\n                                                        <\/div>\r\n                                    <div class=\"pxl-item--content\">\r\n                        <label class=\"pxl-empty\"><\/label>\r\n                        Tak\u0131m bazl\u0131 ya da federasyon onayl\u0131 ma\u00e7 organizasyonlar\u0131                    <\/div>\r\n                            <\/div>\r\n                    <div class=\"pxl--item list-icon\">\r\n                <div class=\"pxl-item--meta\">\r\n                                                                <div class=\"pxl-item--icon pxl-icon--box \">\r\n                            <i aria-hidden=\"true\" class=\"far fa-check-circle\"><\/i>                        <\/div>\r\n                                                        <\/div>\r\n                                    <div class=\"pxl-item--content\">\r\n                        <label class=\"pxl-empty\"><\/label>\r\n                        Profesyonel hakem ve g\u00f6zlemci atamalar\u0131                    <\/div>\r\n                            <\/div>\r\n                    <div class=\"pxl--item list-icon\">\r\n                <div class=\"pxl-item--meta\">\r\n                                                                <div class=\"pxl-item--icon pxl-icon--box \">\r\n                            <i aria-hidden=\"true\" class=\"far fa-check-circle\"><\/i>                        <\/div>\r\n                                                        <\/div>\r\n                                    <div class=\"pxl-item--content\">\r\n                        <label class=\"pxl-empty\"><\/label>\r\n                        Video analiz ve canl\u0131 yay\u0131n deste\u011fi                    <\/div>\r\n                            <\/div>\r\n                    <div class=\"pxl--item list-icon\">\r\n                <div class=\"pxl-item--meta\">\r\n                                                                <div class=\"pxl-item--icon pxl-icon--box \">\r\n                            <i aria-hidden=\"true\" class=\"far fa-check-circle\"><\/i>                        <\/div>\r\n                                                        <\/div>\r\n                                    <div class=\"pxl-item--content\">\r\n                        <label class=\"pxl-empty\"><\/label>\r\n                        Medikal destek ve ilk yard\u0131m hizmetleri                    <\/div>\r\n                            <\/div>\r\n                    <div class=\"pxl--item list-icon\">\r\n                <div class=\"pxl-item--meta\">\r\n                                                                <div class=\"pxl-item--icon pxl-icon--box \">\r\n                            <i aria-hidden=\"true\" class=\"far fa-check-circle\"><\/i>                        <\/div>\r\n                                                        <\/div>\r\n                                    <div class=\"pxl-item--content\">\r\n                        <label class=\"pxl-empty\"><\/label>\r\n                        Turnuva sonunda kupa, madalya ve \u00f6d\u00fcl t\u00f6reni                    <\/div>\r\n                            <\/div>\r\n            <\/div>\r\n\t\t\t\t<\/div>\n\t\t\t\t<\/div>\n\t\t\t\t<div class=\"elementor-element elementor-element-635c5e8d elementor-widget elementor-widget-pxl_text_editor\" data-id=\"635c5e8d\" data-element_type=\"widget\" data-widget_type=\"pxl_text_editor.default\">\n\t\t\t\t<div class=\"elementor-widget-container\">\n\t\t\t\t\t<div class=\"pxl-text-editor highlight-gradient\">\n\t<div class=\"pxl-item--inner  \" data-wow-delay=\"ms\">\n\t\t<p>\ud83c\udf1e<strong>Antalya\u2019n\u0131n Avantajlar\u0131<\/strong><br \/>Y\u0131l\u0131n b\u00fcy\u00fck k\u0131sm\u0131nda g\u00fcne\u015fli havas\u0131 ve turistik cazibesiyle Antalya, futbol turnuvalar\u0131 i\u00e7in hem antrenman hem tatil f\u0131rsat\u0131 sunar. Tak\u0131mlar hem spor yapar, hem de motivasyonlar\u0131n\u0131 art\u0131r\u0131r.<\/p><p>\ud83c\udde9\ud83c\uddea <strong>Almanya\u2019n\u0131n Disiplini ve Eri\u015filebilirli\u011fi<\/strong><br \/>Avrupa\u2019n\u0131n kalbinde yer alan Almanya, ula\u015f\u0131m kolayl\u0131\u011f\u0131 ve futbol k\u00fclt\u00fcr\u00fcn\u00fcn k\u00f6kl\u00fcl\u00fc\u011f\u00fcyle \u00f6zellikle profesyonel ve altyap\u0131 seviyesindeki tak\u0131mlar i\u00e7in m\u00fckemmel bir turnuva atmosferi sa\u011flar.<\/p><p><strong>Kat\u0131l\u0131m G\u00f6sterin, Fark Yarat\u0131n<\/strong><\/p><p>Turnuvalar\u0131m\u0131z sadece bir m\u00fcsabaka de\u011fil, ayn\u0131 zamanda oyuncular\u0131n geli\u015fimini, kul\u00fcplerin prestijini ve teknik ekiplerin g\u00f6zlem imkanlar\u0131n\u0131 art\u0131ran \u00f6zel organizasyonlard\u0131r.<br \/><strong>Kat\u0131l\u0131mc\u0131 kul\u00fcplerimize \u00f6zel konaklama, ula\u015f\u0131m ve yan hizmet paketleriyle eksiksiz bir turnuva deneyimi sunuyoruz.<\/strong><\/p><p>Tak\u0131m\u0131n\u0131z i\u00e7in uygun turnuva tarihlerini \u00f6\u011frenmek ve erken kay\u0131t avantajlar\u0131ndan faydalanmak i\u00e7in :\u00a0<\/p>\t\t\n\t<\/div>\n<\/div>\t\t\t\t<\/div>\n\t\t\t\t<\/div>\n\t\t\t\t<div class=\"elementor-element elementor-element-63c5e437 elementor-widget-widescreen__width-inherit elementor-widget elementor-widget-pxl_button\" data-id=\"63c5e437\" data-element_type=\"widget\" data-widget_type=\"pxl_button.default\">\n\t\t\t\t<div class=\"elementor-widget-container\">\n\t\t\t\t\t<div id=\"pxl-pxl_button-63c5e437-4592\" class=\"pxl-button pxl-atc-link \" data-wow-delay=\"ms\">\r\n    <a href=\"https:\/\/treusports.com\/tr\/talep-formu\" class=\"btn pxl-icon-active btn-block-inline  btn-icon-box3 pxl-icon--right\">\r\n                    <span class=\"pxl--btn-icon\">\r\n                <i aria-hidden=\"true\" class=\"fal fa-arrow-alt-right\"><\/i>                                                    <span class=\"pxl-divider-circle\">\r\n                        <svg width=\"100%\" height=\"100%\" viewBox=\"-1 -1 102 102\">\r\n                            <path d=\"M50,1 a49,49 0 0,1 0,98 a49,49 0 0,1 0,-98\"\/>\r\n                        <\/svg>\r\n                    <\/span>\r\n                            <\/span>\r\n                \r\n                    <span class=\"pxl--btn-text\" data-text=\"Bizimle \u015fimdi ileti\u015fime ge\u00e7in!\">\r\n                Bizimle \u015fimdi ileti\u015fime ge\u00e7in!            <\/span>\r\n            <\/a>\r\n<\/div>\t\t\t\t<\/div>\n\t\t\t\t<\/div>\n\t\t            <\/div>\r\n        <\/div>\r\n        \t\t\t<\/div>\n\t\t<\/section>\n\t\t\t\t<\/div>\n\t\t","protected":false},"excerpt":{"rendered":"<p>TREU SPORTS ORGANIZATION COMPANY FUTBOL TURNUVALARI Antalya ve Almanya\u2019da Profesyonel Futbol Turnuvalar\u0131Her Seviyeye Uygun, Modern Tesislerde Uluslararas\u0131 Standartlarda Organizasyonlar Futbolun farkl\u0131 ya\u015f ve seviyelerdeki temsilcileri i\u00e7in unutulmaz bir deneyim sunan Antalya ve Almanya merkezli futbol turnuvalar\u0131m\u0131z, profesyonel organizasyon anlay\u0131\u015f\u0131m\u0131z, modern tesis altyap\u0131m\u0131z ve uluslararas\u0131 kat\u0131l\u0131mc\u0131 profiliyle fark yarat\u0131yor. Antalya ve Almanya\u2019da Profesyonel Futbol Turnuvalar\u0131Her Seviyeye [&hellip;]<\/p>\n","protected":false},"author":1,"featured_media":0,"parent":0,"menu_order":0,"comment_status":"closed","ping_status":"closed","template":"","meta":{"_eb_attr":"","footnotes":""},"class_list":["post-20271","page","type-page","status-publish","hentry"],"_links":{"self":[{"href":"https:\/\/treusports.com\/tr\/wp-json\/wp\/v2\/pages\/20271","targetHints":{"allow":["GET"]}}],"collection":[{"href":"https:\/\/treusports.com\/tr\/wp-json\/wp\/v2\/pages"}],"about":[{"href":"https:\/\/treusports.com\/tr\/wp-json\/wp\/v2\/types\/page"}],"author":[{"embeddable":true,"href":"https:\/\/treusports.com\/tr\/wp-json\/wp\/v2\/users\/1"}],"replies":[{"embeddable":true,"href":"https:\/\/treusports.com\/tr\/wp-json\/wp\/v2\/comments?post=20271"}],"version-history":[{"count":28,"href":"https:\/\/treusports.com\/tr\/wp-json\/wp\/v2\/pages\/20271\/revisions"}],"predecessor-version":[{"id":23451,"href":"https:\/\/treusports.com\/tr\/wp-json\/wp\/v2\/pages\/20271\/revisions\/23451"}],"wp:attachment":[{"href":"https:\/\/treusports.com\/tr\/wp-json\/wp\/v2\/media?parent=20271"}],"curies":[{"name":"wp","href":"https:\/\/api.w.org\/{rel}","templated":true}]}}