{"id":20203,"date":"2025-06-08T12:37:33","date_gmt":"2025-06-08T12:37:33","guid":{"rendered":"https:\/\/treusports.com\/?page_id=20203"},"modified":"2025-07-14T22:09:22","modified_gmt":"2025-07-14T22:09:22","slug":"tr-kocaeli","status":"publish","type":"page","link":"https:\/\/treusports.com\/tr\/tr-kocaeli\/","title":{"rendered":"TR KOCAEL\u0130"},"content":{"rendered":"\t\t<div data-elementor-type=\"wp-page\" data-elementor-id=\"20203\" class=\"elementor elementor-20203\">\n\t\t\t\t        <section class=\"elementor-section elementor-top-section elementor-element elementor-element-93a8d4d elementor-section-boxed elementor-section-height-default elementor-section-height-default pxl-row-scroll-none pxl-zoom-point-false pxl-section-overflow-visible pxl-section-fix-none pxl-bg-color-none pxl-section-overlay-none\" data-id=\"93a8d4d\" data-element_type=\"section\">\n\n                \n                <div class=\"elementor-container elementor-column-gap-default \">\n                <div class=\"elementor-column elementor-col-100 elementor-top-column elementor-element elementor-element-69db743 pxl-column-none pxl-column-overflow-hidden-no\" data-id=\"69db743\" data-element_type=\"column\">\r\n        <div class=\"elementor-widget-wrap elementor-element-populated\">\r\n                     \r\n        \t\t<div class=\"elementor-element elementor-element-3dabb78 elementor-widget elementor-widget-pxl_heading\" data-id=\"3dabb78\" data-element_type=\"widget\" data-widget_type=\"pxl_heading.default\">\n\t\t\t\t<div class=\"elementor-widget-container\">\n\t\t\t\t\t\n<div id=\"pxl-pxl_heading-3dabb78-5511\" class=\"pxl-heading px-sub-title-default-style \">\n\t<div class=\"pxl-heading--inner\">\n\t\t\n\t\t<h1 class=\"pxl-item--title style-default highlight-default wow RotatingY\" data-wow-delay=\"300ms\">\n\n\t\t\t<span class=\"pxl-heading--text \">\n\n\t\t\t\t\t\t\t\t\tTREU\t\n\t\t\t\t\t\n\n\t\t\t<\/span>\n\t\t<\/h1>\n\t\t\n\t<\/div>\n<\/div>\t\t\t\t<\/div>\n\t\t\t\t<\/div>\n\t\t\t\t<div class=\"elementor-element elementor-element-341a38c elementor-absolute elementor-widget-laptop__width-auto elementor-hidden-mobile_extra elementor-hidden-mobile elementor-widget elementor-widget-pxl_banner_info\" data-id=\"341a38c\" data-element_type=\"widget\" data-settings=\"{&quot;_position&quot;:&quot;absolute&quot;}\" data-widget_type=\"pxl_banner_info.default\">\n\t\t\t\t<div class=\"elementor-widget-container\">\n\t\t\t\t\t<div class=\"pxl-banner--info\">\r\n    <div class=\"pxl-item--inner\">\r\n        <img decoding=\"async\" src=\"\" alt=\"\" class=\"pxl-item--logo\"> \r\n        <h2 class=\"pxl-item--title\">Kocaeli\u2019de Profesyonel Futbol Yaz Kamplar\u0131 &nbsp;&nbsp;&nbsp;&nbsp; Do\u011fa ile \u0130\u00e7 \u0130\u00e7e, Ula\u015f\u0131m\u0131 Kolay, Profesyonel Haz\u0131rl\u0131k Noktas\u0131<\/h2>\r\n        <div class=\"pxl-item--divider\"><\/div>\r\n        <p class=\"pxl-item--description\">Orta Do\u011fu ve K\u00f6rfez \u00fclkelerinden gelecek futbol kul\u00fcpleri i\u00e7in T\u00fcrkiye\u2019nin en stratejik, en huzurlu ve en verimli kamp b\u00f6lgelerinden biri: Kocaeli. \u0130stanbul\u2019a olan yak\u0131nl\u0131\u011f\u0131, vize kolayl\u0131\u011f\u0131, do\u011fal g\u00fczellikleri ve modern tesisleri ile Kocaeli, yaz kamp\u0131 organizasyonlar\u0131n\u0131zda beklentilerinizin \u00f6tesinde bir deneyim sunuyor.<\/p>\r\n    <\/div>   \r\n<\/div>\t\t\t\t<\/div>\n\t\t\t\t<\/div>\n\t\t\t\t<div class=\"elementor-element elementor-element-991bd12 elementor-widget elementor-widget-pxl_image\" data-id=\"991bd12\" data-element_type=\"widget\" data-widget_type=\"pxl_image.default\">\n\t\t\t\t<div class=\"elementor-widget-container\">\n\t\t\t\t\t<div id=\"pxl_image-991bd12-2932\" class=\"pxl-image-single pxl-disable-parallax-sm   \" data-wow-delay=\"ms\"  >\r\n    <div class=\"pxl-item--inner\" data-wow-delay=\"120ms\">\r\n                \r\n                                <div class=\"pxl-item--bg bg-image\" style=\"background-image: url(https:\/\/treusports.com\/wp-content\/uploads\/2025\/06\/kocaeli-treu.jpg);\">\r\n                                            <\/div>\r\n                                <\/div>\r\n<\/div>\t\t\t\t<\/div>\n\t\t\t\t<\/div>\n\t\t            <\/div>\r\n        <\/div>\r\n        \t\t\t<\/div>\n\t\t<\/section>\n\t\t<div class=\"elementor-element elementor-element-8f46ff1 elementor-hidden-widescreen elementor-hidden-desktop elementor-hidden-laptop elementor-hidden-tablet_extra elementor-hidden-tablet e-flex e-con-boxed e-con e-parent \" data-id=\"8f46ff1\" data-element_type=\"container\">\t\t\t<div class=\"e-con-inner\">\r\n\t\t\t\t<div class=\"elementor-element elementor-element-4722301 elementor-widget elementor-widget-pxl_heading\" data-id=\"4722301\" data-element_type=\"widget\" data-widget_type=\"pxl_heading.default\">\n\t\t\t\t<div class=\"elementor-widget-container\">\n\t\t\t\t\t\n<div id=\"pxl-pxl_heading-4722301-7099\" class=\"pxl-heading px-sub-title-default-style \">\n\t<div class=\"pxl-heading--inner\">\n\t\t\n\t\t<h3 class=\"pxl-item--title style-default highlight-default \" data-wow-delay=\"ms\">\n\n\t\t\t<span class=\"pxl-heading--text \">\n\n\t\t\t\t\t\t\t\t\tKocaeli\u2019de Profesyonel Futbol Yaz Kamplar\u0131;\nDo\u011fa ile \u0130\u00e7 \u0130\u00e7e, Ula\u015f\u0131m\u0131 Kolay, Profesyonel Haz\u0131rl\u0131k Noktas\u0131\n\t\n\t\t\t\t\t\n\n\t\t\t<\/span>\n\t\t<\/h3>\n\t\t\n\t<\/div>\n<\/div>\t\t\t\t<\/div>\n\t\t\t\t<\/div>\n\t\t\t\t<div class=\"elementor-element elementor-element-53b66da elementor-widget elementor-widget-pxl_text_editor\" data-id=\"53b66da\" data-element_type=\"widget\" data-widget_type=\"pxl_text_editor.default\">\n\t\t\t\t<div class=\"elementor-widget-container\">\n\t\t\t\t\t<div class=\"pxl-text-editor highlight-gradient\">\n\t<div class=\"pxl-item--inner  \" data-wow-delay=\"ms\">\n\t\t<p>Orta Do\u011fu ve K\u00f6rfez \u00fclkelerinden gelecek futbol kul\u00fcpleri i\u00e7in T\u00fcrkiye\u2019nin en stratejik, en huzurlu ve en verimli kamp b\u00f6lgelerinden biri: <strong>Kocaeli<\/strong>. \u0130stanbul\u2019a olan yak\u0131nl\u0131\u011f\u0131, vize kolayl\u0131\u011f\u0131, do\u011fal g\u00fczellikleri ve modern tesisleri ile Kocaeli, yaz kamp\u0131 organizasyonlar\u0131n\u0131zda beklentilerinizin \u00f6tesinde bir deneyim sunuyor.<\/p>\t\t\n\t<\/div>\n<\/div>\t\t\t\t<\/div>\n\t\t\t\t<\/div>\n\t\t\t\t\t<\/div>\r\n\t\t\t\t<\/div>\r\n\t\t        <section class=\"elementor-section elementor-top-section elementor-element elementor-element-249a16fe pxl-row-scroll-fixed servive-details-container elementor-section-boxed elementor-section-height-default elementor-section-height-default pxl-zoom-point-false pxl-section-overflow-visible pxl-section-fix-none pxl-bg-color-none pxl-section-overlay-none\" data-id=\"249a16fe\" data-element_type=\"section\">\n\n                \n                <div class=\"elementor-container elementor-column-gap-default \">\n                <div class=\"elementor-column elementor-col-100 elementor-top-column elementor-element elementor-element-5c92a6f5 service-col-2 pxl-column-none pxl-column-overflow-hidden-no\" data-id=\"5c92a6f5\" data-element_type=\"column\">\r\n        <div class=\"elementor-widget-wrap elementor-element-populated\">\r\n                     \r\n        \t\t<div class=\"elementor-element elementor-element-46c1e46d elementor-widget elementor-widget-pxl_heading\" data-id=\"46c1e46d\" data-element_type=\"widget\" data-widget_type=\"pxl_heading.default\">\n\t\t\t\t<div class=\"elementor-widget-container\">\n\t\t\t\t\t\n<div id=\"pxl-pxl_heading-46c1e46d-5391\" class=\"pxl-heading px-sub-title-default-style \">\n\t<div class=\"pxl-heading--inner\">\n\t\t\n\t\t<h3 class=\"pxl-item--title style-default highlight-default \" data-wow-delay=\"ms\">\n\n\t\t\t<span class=\"pxl-heading--text pxl-heading-divider\">\n\n\t\t\t\t\t\t\t\t\tNeden Kocaeli?\t\n\t\t\t\t\t\n\n\t\t\t<\/span>\n\t\t<\/h3>\n\t\t\n\t<\/div>\n<\/div>\t\t\t\t<\/div>\n\t\t\t\t<\/div>\n\t\t\t\t<div class=\"elementor-element elementor-element-77390dcb elementor-align-left elementor-icon-list--layout-traditional elementor-list-item-link-full_width elementor-widget elementor-widget-icon-list\" data-id=\"77390dcb\" data-element_type=\"widget\" data-widget_type=\"icon-list.default\">\n\t\t\t\t<div class=\"elementor-widget-container\">\n\t\t\t\t\t\t\t<ul class=\"elementor-icon-list-items\">\n\t\t\t\t\t\t\t<li class=\"elementor-icon-list-item\">\n\t\t\t\t\t\t\t\t\t\t\t<span class=\"elementor-icon-list-icon\">\n\t\t\t\t\t\t\t<i aria-hidden=\"true\" class=\"fal fa-plane-departure\"><\/i>\t\t\t\t\t\t<\/span>\n\t\t\t\t\t\t\t\t\t\t<span class=\"elementor-icon-list-text\"><b>Ula\u015f\u0131m Kolayl\u0131\u011f\u0131:<\/b> \u0130stanbul Havaliman\u0131\u2019na ve Sabiha G\u00f6k\u00e7en Havaliman\u0131\u2019na sadece 1-1,5 saat mesafede bulunan Kocaeli, hem uluslararas\u0131 hem yerel ula\u015f\u0131m a\u00e7\u0131s\u0131ndan b\u00fcy\u00fck avantaj sa\u011flar. Havaliman\u0131ndan \u00f6zel ara\u00e7 transferi ile konforlu ula\u015f\u0131m imk\u00e2n\u0131 sunuyoruz.<\/span>\n\t\t\t\t\t\t\t\t\t<\/li>\n\t\t\t\t\t\t\t\t<li class=\"elementor-icon-list-item\">\n\t\t\t\t\t\t\t\t\t\t\t<span class=\"elementor-icon-list-icon\">\n\t\t\t\t\t\t\t<i aria-hidden=\"true\" class=\"fal fa-passport\"><\/i>\t\t\t\t\t\t<\/span>\n\t\t\t\t\t\t\t\t\t\t<span class=\"elementor-icon-list-text\"><b>Vize Kolayl\u0131\u011f\u0131:<\/b> T\u00fcrkiye, bir\u00e7ok Orta Do\u011fu ve K\u00f6rfez \u00fclkesine vizesiz veya kolay vize ile giri\u015f imk\u00e2n\u0131 sunar. Kampa kat\u0131lacak sporcular ve teknik ekipler i\u00e7in h\u0131zl\u0131 ve sorunsuz ge\u00e7i\u015f olana\u011f\u0131.<\/span>\n\t\t\t\t\t\t\t\t\t<\/li>\n\t\t\t\t\t\t\t\t<li class=\"elementor-icon-list-item\">\n\t\t\t\t\t\t\t\t\t\t\t<span class=\"elementor-icon-list-icon\">\n\t\t\t\t\t\t\t<i aria-hidden=\"true\" class=\"fal fa-trees\"><\/i>\t\t\t\t\t\t<\/span>\n\t\t\t\t\t\t\t\t\t\t<span class=\"elementor-icon-list-text\"><b>Ye\u015filin Kalbinde Do\u011fayla \u0130\u00e7 \u0130\u00e7e Kamp:<\/b> Kocaeli, ormanlarla \u00e7evrili temiz havas\u0131 ve do\u011fal g\u00fczellikleriyle sporcular\u0131n hem fiziksel hem zihinsel olarak rahatlayabilece\u011fi e\u015fsiz bir ortam sunar. \u015eehir g\u00fcr\u00fclt\u00fcs\u00fcnden uzak, konsantrasyonun tam merkezinde. <\/span>\n\t\t\t\t\t\t\t\t\t<\/li>\n\t\t\t\t\t\t\t\t<li class=\"elementor-icon-list-item\">\n\t\t\t\t\t\t\t\t\t\t\t<span class=\"elementor-icon-list-icon\">\n\t\t\t\t\t\t\t<i aria-hidden=\"true\" class=\"fal fa-cloud-sun\"><\/i>\t\t\t\t\t\t<\/span>\n\t\t\t\t\t\t\t\t\t\t<span class=\"elementor-icon-list-text\"><b>Antrenman \u0130\u00e7in Uygun \u0130klim:<\/b> Yaz aylar\u0131nda s\u0131cakl\u0131klar antrenman temposu i\u00e7in idealdir. Serin ak\u015famlar ve oksijen seviyesi y\u00fcksek do\u011fal ortam, oyuncular\u0131n performans\u0131n\u0131 destekler.<\/span>\n\t\t\t\t\t\t\t\t\t<\/li>\n\t\t\t\t\t\t\t\t<li class=\"elementor-icon-list-item\">\n\t\t\t\t\t\t\t\t\t\t\t<span class=\"elementor-icon-list-icon\">\n\t\t\t\t\t\t\t<svg xmlns=\"http:\/\/www.w3.org\/2000\/svg\" id=\"katman_1\" viewBox=\"0 0 48 48\"><defs><style>      .st0 {        fill: #005153;      }    <\/style><\/defs><g id=\"_13-shoot\"><path class=\"st0\" d=\"M34,26c6.6,0,12-5.4,12-12s-5.4-12-12-12-12,5.4-12,12c0,6.6,5.4,12,12,12ZM26.8,20.9h2.2c0-.1.6,2,.6,2-1-.5-2-1.2-2.8-2ZM26,11.4l-1.9,1.2c.2-1.2.5-2.3,1.1-3.3l.8,2.1ZM27.3,12.9l1.9.8,1.2,3.9-.9,1.1-4.2.2c-.7-1.2-1.2-2.6-1.3-4l3.2-2.1ZM34,11.6l2.7,2.1-1,3.2h-3.3l-1-3.2,2.7-2.1ZM38.8,13.7l1.9-.8,3.2,2.1c-.1,1.4-.6,2.8-1.3,4l-4.2-.2-.9-1.1,1.2-3.9ZM42.8,9.3c.5,1,.9,2.1,1.1,3.3l-1.8-1.2.8-2.1ZM31.9,23.8l-1-3.5,1-1.3h4.1l1,1.3-1,3.5c-1.4.3-2.8.3-4.2,0h0ZM38.4,23l.6-2.1h2.2c-.8.9-1.8,1.6-2.8,2.1h0ZM41.4,7.3l-1.4,3.7-2.4,1-2.7-2.1v-2.6l3.1-2.4c1.3.6,2.4,1.4,3.4,2.5ZM35.7,4.2l-1.7,1.4-1.7-1.4c1.1-.2,2.3-.2,3.5,0h0ZM29.9,4.9l3.1,2.4v2.6l-2.7,2.1-2.4-1-1.4-3.7c.9-1,2.1-1.9,3.4-2.5h0Z\"><\/path><path class=\"st0\" d=\"M24.7,23.3c-.4-.4-1-.4-1.4,0L2.3,44.3c-.4.4-.4,1,0,1.4s1,.4,1.4,0c0,0,0,0,0,0l21-21c.4-.4.4-1,0-1.4Z\"><\/path><path class=\"st0\" d=\"M31.7,27.3c-.4-.4-1-.4-1.4,0l-13,13c-.4.4-.4,1,0,1.4.4.4,1,.4,1.4,0,0,0,0,0,0,0l13-13c.4-.4.4-1,0-1.4Z\"><\/path><path class=\"st0\" d=\"M6.7,31.7l14-14c.4-.4.4-1,0-1.4-.4-.4-1-.4-1.4,0l-14,14c-.4.4-.4,1,0,1.4.4.3,1,.3,1.4,0Z\"><\/path><path class=\"st0\" d=\"M41.3,27.3l-11,11c-.4.4-.4,1,0,1.4.2.2.7.7,1.4,0l11-11c.4-.4.4-1,0-1.4-.4-.4-1-.4-1.4,0Z\"><\/path><path class=\"st0\" d=\"M27.3,41.3l-2,2c-.4.4-.4,1,0,1.4.4.4,1,.4,1.4,0,0,0,0,0,0,0l2-2c.4-.4.4-1,0-1.4-.4-.4-1-.4-1.4,0Z\"><\/path><path class=\"st0\" d=\"M31.7,32.3c-.4-.4-1-.4-1.4,0l-2,2c-.4.4-.4,1,0,1.4.4.3,1,.3,1.4,0l2-2c.4-.4.4-1,0-1.4Z\"><\/path><path class=\"st0\" d=\"M15.3,25.3l-2,2c-.4.4-.4,1,0,1.4.4.3,1,.3,1.4,0l2-2c.4-.4.4-1,0-1.4-.4-.4-1-.4-1.4,0Z\"><\/path><path class=\"st0\" d=\"M12.7,16.7l6-6c.4-.4.4-1,0-1.4-.4-.4-1-.4-1.4,0l-6,6c-.4.4-.4,1,0,1.4.4.4,1,.4,1.4,0Z\"><\/path><path class=\"st0\" d=\"M7.7,21.7l2-2c.4-.4.4-1,0-1.4-.4-.4-1-.4-1.4,0l-2,2c-.4.4-.4,1,0,1.4.4.3,1,.3,1.4,0Z\"><\/path><\/g><\/svg>\t\t\t\t\t\t<\/span>\n\t\t\t\t\t\t\t\t\t\t<span class=\"elementor-icon-list-text\"><b>Profesyonel Ma\u00e7 Organizasyonlar\u0131:<\/b> Kocaeli ve \u00e7evresindeki profesyonel ve amat\u00f6r kul\u00fcplerle denk seviyede haz\u0131rl\u0131k ma\u00e7lar\u0131 d\u00fczenlenebilir. Hakemli ma\u00e7lar, video analiz deste\u011fi ve resmi formatta organizasyonlar taraf\u0131m\u0131zdan sa\u011flan\u0131r.<\/span>\n\t\t\t\t\t\t\t\t\t<\/li>\n\t\t\t\t\t\t\t\t<li class=\"elementor-icon-list-item\">\n\t\t\t\t\t\t\t\t\t\t\t<span class=\"elementor-icon-list-icon\">\n\t\t\t\t\t\t\t<svg xmlns=\"http:\/\/www.w3.org\/2000\/svg\" id=\"katman_1\" viewBox=\"0 0 48 48\"><defs><style>      .st0 {        fill: #005153;        stroke: #005153;        stroke-miterlimit: 10;        stroke-width: .8px;      }    <\/style><\/defs><g id=\"_14-stadium\"><rect class=\"st0\" x=\"12\" y=\"40\" width=\"2\" height=\"2\"><\/rect><rect class=\"st0\" x=\"6\" y=\"38\" width=\"2\" height=\"2\"><\/rect><rect class=\"st0\" x=\"34\" y=\"40\" width=\"2\" height=\"2\"><\/rect><rect class=\"st0\" x=\"40\" y=\"38\" width=\"2\" height=\"2\"><\/rect><path class=\"st0\" d=\"M41,14.2v-5.2h6V3h-8v10.7c-4.6-1.1-9.3-1.6-14-1.7v-6h6V0h-8v12c-4.7,0-9.4.6-14,1.7v-4.7h6V3H7v11.2c-4.2,1.4-7,3.3-7,5.8v20c0,5.2,12.4,8,24,8s3.3,0,5-.2v.2h2v-.3c9.1-.9,17-3.5,17-7.7v-20c0-2.5-2.8-4.4-7-5.8ZM41,5h4v2h-4v-2ZM25,2h4v2h-4v-2ZM9,5h4v2h-4v-2ZM46,20c0,.8-.9,1.7-2.6,2.6-1.6-.7-3.2-1.3-4.9-1.7l2-4.7c3.5,1.2,5.4,2.6,5.4,3.8ZM25,19v-4h-2v4c-3.9,0-7.8.5-11.6,1.4l-2-4.7c4.8-1.2,9.7-1.7,14.6-1.6,4.9,0,9.8.5,14.6,1.6l-2,4.7c-3.8-.9-7.7-1.3-11.6-1.4ZM24,21c5.7,0,11.4.8,16.8,2.7-5.4,1.7-11.1,2.4-16.8,2.3-5.7.1-11.4-.6-16.8-2.3,5.4-1.9,11.1-2.8,16.8-2.7ZM7.4,16.2l2,4.7c-1.7.4-3.3,1-4.9,1.7-1.7-.9-2.6-1.8-2.6-2.6,0-1.2,1.9-2.6,5.4-3.8ZM24,46c-1.8,0-3.4,0-5-.2v-9.8h10v9.8c-1.6.1-3.2.2-5,.2ZM34.1,37c4.3-.6,9.2-1.8,11.9-3.7v6.7c0,2-5.6,4.7-15,5.7v-10.7c0-.6-.4-1-1-1h-12c-.6,0-1,.4-1,1v10.7c-9.4-.9-15-3.6-15-5.7v-6.7c2.7,1.9,7.5,3.1,11.9,3.7l.3-2c-9-1.3-12.1-3.5-12.1-5v-6.6c.7.6,1.6,1,2.4,1.4h0c0,.1,0,0,0,0,4.6,2.1,12.2,3.2,19.4,3.2s14.8-1.1,19.4-3.2h0s0,0,0,0c.9-.4,1.7-.8,2.4-1.4v6.6c0,1.5-3.2,3.7-12.1,5l.3,2Z\"><\/path><rect class=\"st0\" x=\"12\" y=\"30\" width=\"2\" height=\"2\"><\/rect><rect class=\"st0\" x=\"6\" y=\"28\" width=\"2\" height=\"2\"><\/rect><rect class=\"st0\" x=\"34\" y=\"30\" width=\"2\" height=\"2\"><\/rect><rect class=\"st0\" x=\"40\" y=\"28\" width=\"2\" height=\"2\"><\/rect><\/g><\/svg>\t\t\t\t\t\t<\/span>\n\t\t\t\t\t\t\t\t\t\t<span class=\"elementor-icon-list-text\"><b>Modern ve Donan\u0131ml\u0131 Spor Tesisleri:<\/b> UEFA standartlar\u0131nda \u00e7im sahalar, kapal\u0131 spor salonlar\u0131, fitness alanlar\u0131 ve sa\u011fl\u0131k odalar\u0131yla donat\u0131lm\u0131\u015f kamp merkezleri. Sporcular i\u00e7in tasarlanm\u0131\u015f otel-konaklama kombinasyonlar\u0131 ile tam profesyonel hizmet.<\/span>\n\t\t\t\t\t\t\t\t\t<\/li>\n\t\t\t\t\t\t\t\t<li class=\"elementor-icon-list-item\">\n\t\t\t\t\t\t\t\t\t\t\t<span class=\"elementor-icon-list-icon\">\n\t\t\t\t\t\t\t<svg xmlns=\"http:\/\/www.w3.org\/2000\/svg\" id=\"katman_1\" viewBox=\"0 0 48 48\"><defs><style>      .st0 {        fill: #005153;      }    <\/style><\/defs><g id=\"_15-dribbling\"><path class=\"st0\" d=\"M15,38c0-2.8-2.2-5-5-5s-5,2.2-5,5,2.2,5,5,5c2.8,0,5-2.2,5-5ZM10,41c-1.7,0-3-1.3-3-3s1.3-3,3-3,3,1.3,3,3-1.3,3-3,3Z\"><\/path><path class=\"st0\" d=\"M23,13c2.8,0,5-2.2,5-5s-2.2-5-5-5-5,2.2-5,5c0,2.8,2.2,5,5,5ZM23,5c1.7,0,3,1.3,3,3s-1.3,3-3,3-3-1.3-3-3,1.3-3,3-3Z\"><\/path><path class=\"st0\" d=\"M13.1,19.5c.2.3.5.5.9.5h8v-2h-7.4l-4.9-9h2.7l3.7,6.5c.2.3.5.5.9.5h6v-2h-5.4l-3.7-6.5c-.2-.3-.5-.5-.9-.5h-5c-.6,0-1,.4-1,1,0,.2,0,.3.1.5l6,11Z\"><\/path><path class=\"st0\" d=\"M23,42v-8.7l4.8-6.7c.1-.2.2-.4.2-.6v-6h3.4l3.7,6.5c.2.3.5.5.9.5h5c.6,0,1-.4,1-1,0-.2,0-.3-.1-.5l-6-11c-.2-.3-.5-.5-.9-.5h-8v2h7.4l4.9,9h-2.7l-3.7-6.5c-.2-.3-.5-.5-.9-.5h-5c-.6,0-1,.4-1,1v6.7l-4.8,6.7c-.1.2-.2.4-.2.6v8h-2v-9.7l3.8-5.7c.1-.2.2-.4.2-.6v-3h-2v2.7l-3.8,5.7c-.1.2-.2.4-.2.6v11c0,.6.4,1,1,1H0v2h40v-2h-18c.6,0,1-.4,1-1Z\"><\/path><path class=\"st0\" d=\"M29.6,26.2l-1.1,1.7,6,4c.2.1.4.2.6.2h6v2h-7.7l-5.7-3.8-1.1,1.7,6,4c.2.1.4.2.6.2h9c.6,0,1-.4,1-1v-4c0-.6-.4-1-1-1h-6.7l-5.7-3.8Z\"><\/path><rect class=\"st0\" x=\"42\" y=\"43\" width=\"2\" height=\"2\"><\/rect><rect class=\"st0\" x=\"46\" y=\"43\" width=\"2\" height=\"2\"><\/rect><\/g><\/svg>\t\t\t\t\t\t<\/span>\n\t\t\t\t\t\t\t\t\t\t<span class=\"elementor-icon-list-text\"><b>Futbol Profesyonellerine Kolay Eri\u015fim:<\/b> T\u00fcrk futbolunun geli\u015fmi\u015f altyap\u0131 yap\u0131s\u0131 sayesinde teknik direkt\u00f6rler, scout\u2019lar ve futbol profesyonelleriyle temas kurmak kolay ve h\u0131zl\u0131d\u0131r. G\u00f6zlem ve oyuncu de\u011ferlendirme s\u00fcre\u00e7lerine a\u00e7\u0131k bir futbol atmosferi sunar.<\/span>\n\t\t\t\t\t\t\t\t\t<\/li>\n\t\t\t\t\t\t<\/ul>\n\t\t\t\t\t\t<\/div>\n\t\t\t\t<\/div>\n\t\t\t\t<div class=\"elementor-element elementor-element-b4c1fe1 elementor-widget elementor-widget-pxl_heading\" data-id=\"b4c1fe1\" data-element_type=\"widget\" data-widget_type=\"pxl_heading.default\">\n\t\t\t\t<div class=\"elementor-widget-container\">\n\t\t\t\t\t\n<div id=\"pxl-pxl_heading-b4c1fe1-1046\" class=\"pxl-heading px-sub-title-default-style \">\n\t<div class=\"pxl-heading--inner\">\n\t\t\n\t\t<h3 class=\"pxl-item--title style-default highlight-default \" data-wow-delay=\"ms\">\n\n\t\t\t<span class=\"pxl-heading--text \">\n\n\t\t\t\t\t\t\t\t\tKul\u00fcpler \u0130\u00e7in Ne Sa\u011fl\u0131yoruz?\t\n\t\t\t\t\t\n\n\t\t\t<\/span>\n\t\t<\/h3>\n\t\t\n\t<\/div>\n<\/div>\t\t\t\t<\/div>\n\t\t\t\t<\/div>\n\t\t\t\t<div class=\"elementor-element elementor-element-1378a47a elementor-widget elementor-widget-pxl_list\" data-id=\"1378a47a\" data-element_type=\"widget\" data-widget_type=\"pxl_list.default\">\n\t\t\t\t<div class=\"elementor-widget-container\">\n\t\t\t\t\t    <div class=\"pxl-list pxl-list1 pxl-list-column \" data-wow-delay=\"ms\">\r\n                    <div class=\"pxl--item list-icon\">\r\n                <div class=\"pxl-item--meta\">\r\n                                                                <div class=\"pxl-item--icon pxl-icon--box \">\r\n                            <i aria-hidden=\"true\" class=\"far fa-check-circle\"><\/i>                        <\/div>\r\n                                                        <\/div>\r\n                                    <div class=\"pxl-item--content\">\r\n                        <label class=\"pxl-empty\"><\/label>\r\n                        U\u00e7u\u015f transferleri, konaklama, antrenman ve ma\u00e7 program\u0131 d\u00e2hil her detay profesyonelce planlan\u0131r                    <\/div>\r\n                            <\/div>\r\n                    <div class=\"pxl--item list-icon\">\r\n                <div class=\"pxl-item--meta\">\r\n                                                                <div class=\"pxl-item--icon pxl-icon--box \">\r\n                            <i aria-hidden=\"true\" class=\"far fa-check-circle\"><\/i>                        <\/div>\r\n                                                        <\/div>\r\n                                    <div class=\"pxl-item--content\">\r\n                        <label class=\"pxl-empty\"><\/label>\r\n                        Tak\u0131m\u0131n\u0131za \u00f6zel haz\u0131rlanm\u0131\u015f kamp programlar\u0131                    <\/div>\r\n                            <\/div>\r\n                    <div class=\"pxl--item list-icon\">\r\n                <div class=\"pxl-item--meta\">\r\n                                                                <div class=\"pxl-item--icon pxl-icon--box \">\r\n                            <i aria-hidden=\"true\" class=\"far fa-check-circle\"><\/i>                        <\/div>\r\n                                                        <\/div>\r\n                                    <div class=\"pxl-item--content\">\r\n                        <label class=\"pxl-empty\"><\/label>\r\n                        Dil deste\u011fi, \u00f6zel yemek men\u00fcleri ve k\u00fclt\u00fcrel hassasiyetlere uygun hizmet                    <\/div>\r\n                            <\/div>\r\n                    <div class=\"pxl--item list-icon\">\r\n                <div class=\"pxl-item--meta\">\r\n                                                                <div class=\"pxl-item--icon pxl-icon--box \">\r\n                            <i aria-hidden=\"true\" class=\"far fa-check-circle\"><\/i>                        <\/div>\r\n                                                        <\/div>\r\n                                    <div class=\"pxl-item--content\">\r\n                        <label class=\"pxl-empty\"><\/label>\r\n                        Sporcu sa\u011fl\u0131\u011f\u0131 ve performans y\u00f6netimi i\u00e7in profesyonel destek                    <\/div>\r\n                            <\/div>\r\n                    <div class=\"pxl--item list-icon\">\r\n                <div class=\"pxl-item--meta\">\r\n                                                                <div class=\"pxl-item--icon pxl-icon--box \">\r\n                            <i aria-hidden=\"true\" class=\"far fa-check-circle\"><\/i>                        <\/div>\r\n                                                        <\/div>\r\n                                    <div class=\"pxl-item--content\">\r\n                        <label class=\"pxl-empty\"><\/label>\r\n                        Do\u011fayla i\u00e7 i\u00e7e, stresten uzak, verimli bir haz\u0131rl\u0131k s\u00fcreci                    <\/div>\r\n                            <\/div>\r\n            <\/div>\r\n\t\t\t\t<\/div>\n\t\t\t\t<\/div>\n\t\t\t\t<div class=\"elementor-element elementor-element-635c5e8d elementor-widget elementor-widget-pxl_text_editor\" data-id=\"635c5e8d\" data-element_type=\"widget\" data-widget_type=\"pxl_text_editor.default\">\n\t\t\t\t<div class=\"elementor-widget-container\">\n\t\t\t\t\t<div class=\"pxl-text-editor highlight-gradient\">\n\t<div class=\"pxl-item--inner  \" data-wow-delay=\"ms\">\n\t\t<p><strong>Kocaeli: Sezon \u00d6ncesi Haz\u0131rl\u0131\u011f\u0131n\u0131z \u0130\u00e7in Sessiz G\u00fc\u00e7<\/strong><\/p><p>Avrupa kalitesinde altyap\u0131, Orta Do\u011fu\u2019ya yak\u0131nl\u0131k, ula\u015f\u0131m kolayl\u0131\u011f\u0131 ve do\u011fal g\u00fczelliklerle \u00e7evrili profesyonel kamp ortam\u0131&#8230;<br \/>Tak\u0131m\u0131n\u0131z\u0131n sezona g\u00fc\u00e7l\u00fc ba\u015flamas\u0131 i\u00e7in ihtiyac\u0131n\u0131z olan her \u015fey Kocaeli\u2019de sizi bekliyor.<\/p>\t\t\n\t<\/div>\n<\/div>\t\t\t\t<\/div>\n\t\t\t\t<\/div>\n\t\t\t\t<div class=\"elementor-element elementor-element-63c5e437 elementor-widget-widescreen__width-inherit elementor-widget elementor-widget-pxl_button\" data-id=\"63c5e437\" data-element_type=\"widget\" data-widget_type=\"pxl_button.default\">\n\t\t\t\t<div class=\"elementor-widget-container\">\n\t\t\t\t\t<div id=\"pxl-pxl_button-63c5e437-1982\" class=\"pxl-button pxl-atc-link \" data-wow-delay=\"ms\">\r\n    <a href=\"https:\/\/treusports.com\/tr\/talep-formu\" class=\"btn pxl-icon-active btn-block-inline  btn-icon-box3 pxl-icon--right\">\r\n                    <span class=\"pxl--btn-icon\">\r\n                <i aria-hidden=\"true\" class=\"fal fa-arrow-alt-right\"><\/i>                                                    <span class=\"pxl-divider-circle\">\r\n                        <svg width=\"100%\" height=\"100%\" viewBox=\"-1 -1 102 102\">\r\n                            <path d=\"M50,1 a49,49 0 0,1 0,98 a49,49 0 0,1 0,-98\"\/>\r\n                        <\/svg>\r\n                    <\/span>\r\n                            <\/span>\r\n                \r\n                    <span class=\"pxl--btn-text\" data-text=\"Kul\u00fcb\u00fcn\u00fcze \u00f6zel fiyat ve program detaylar\u0131 i\u00e7in bizimle hemen ileti\u015fime ge\u00e7in.\">\r\n                Kul\u00fcb\u00fcn\u00fcze \u00f6zel fiyat ve program detaylar\u0131 i\u00e7in bizimle hemen ileti\u015fime ge\u00e7in.            <\/span>\r\n            <\/a>\r\n<\/div>\t\t\t\t<\/div>\n\t\t\t\t<\/div>\n\t\t            <\/div>\r\n        <\/div>\r\n        \t\t\t<\/div>\n\t\t<\/section>\n\t\t\t\t<\/div>\n\t\t","protected":false},"excerpt":{"rendered":"<p>TREU Kocaeli\u2019de Profesyonel Futbol Yaz Kamplar\u0131 &nbsp;&nbsp;&nbsp;&nbsp; Do\u011fa ile \u0130\u00e7 \u0130\u00e7e, Ula\u015f\u0131m\u0131 Kolay, Profesyonel Haz\u0131rl\u0131k Noktas\u0131 Orta Do\u011fu ve K\u00f6rfez \u00fclkelerinden gelecek futbol kul\u00fcpleri i\u00e7in T\u00fcrkiye\u2019nin en stratejik, en huzurlu ve en verimli kamp b\u00f6lgelerinden biri: Kocaeli. \u0130stanbul\u2019a olan yak\u0131nl\u0131\u011f\u0131, vize kolayl\u0131\u011f\u0131, do\u011fal g\u00fczellikleri ve modern tesisleri ile Kocaeli, yaz kamp\u0131 organizasyonlar\u0131n\u0131zda beklentilerinizin \u00f6tesinde bir [&hellip;]<\/p>\n","protected":false},"author":1,"featured_media":0,"parent":0,"menu_order":0,"comment_status":"closed","ping_status":"closed","template":"","meta":{"_eb_attr":"","footnotes":""},"class_list":["post-20203","page","type-page","status-publish","hentry"],"_links":{"self":[{"href":"https:\/\/treusports.com\/tr\/wp-json\/wp\/v2\/pages\/20203","targetHints":{"allow":["GET"]}}],"collection":[{"href":"https:\/\/treusports.com\/tr\/wp-json\/wp\/v2\/pages"}],"about":[{"href":"https:\/\/treusports.com\/tr\/wp-json\/wp\/v2\/types\/page"}],"author":[{"embeddable":true,"href":"https:\/\/treusports.com\/tr\/wp-json\/wp\/v2\/users\/1"}],"replies":[{"embeddable":true,"href":"https:\/\/treusports.com\/tr\/wp-json\/wp\/v2\/comments?post=20203"}],"version-history":[{"count":11,"href":"https:\/\/treusports.com\/tr\/wp-json\/wp\/v2\/pages\/20203\/revisions"}],"predecessor-version":[{"id":23466,"href":"https:\/\/treusports.com\/tr\/wp-json\/wp\/v2\/pages\/20203\/revisions\/23466"}],"wp:attachment":[{"href":"https:\/\/treusports.com\/tr\/wp-json\/wp\/v2\/media?parent=20203"}],"curies":[{"name":"wp","href":"https:\/\/api.w.org\/{rel}","templated":true}]}}